{"id":72,"date":"2022-04-28T23:13:02","date_gmt":"2022-04-28T21:13:02","guid":{"rendered":"http:\/\/hovb.no\/?post_type=product&#038;p=72"},"modified":"2023-11-22T23:02:12","modified_gmt":"2023-11-22T22:02:12","slug":"voesh-peeling-sokker","status":"publish","type":"product","link":"https:\/\/hovb.no\/?product=voesh-peeling-sokker","title":{"rendered":"VOESH Peeling Sokker"},"content":{"rendered":"<p>[et_pb_section fb_built=&raquo;1&#8243; _builder_version=&raquo;4.16&#8243; custom_padding=&raquo;0px||||false|false&raquo; global_colors_info=&raquo;{}&raquo;][et_pb_row _builder_version=&raquo;4.16&#8243; background_size=&raquo;initial&raquo; background_position=&raquo;top_left&raquo; background_repeat=&raquo;repeat&raquo; width=&raquo;100%&raquo; custom_padding=&raquo;0px||0px||false|false&raquo; global_colors_info=&raquo;{}&raquo;][et_pb_column type=&raquo;4_4&#8243; _builder_version=&raquo;4.16&#8243; custom_padding=&raquo;|||&raquo; global_colors_info=&raquo;{}&raquo; custom_padding__hover=&raquo;|||&raquo;][et_pb_wc_cart_notice _builder_version=&raquo;4.16&#8243; global_colors_info=&raquo;{}&raquo;][\/et_pb_wc_cart_notice][\/et_pb_column][\/et_pb_row][et_pb_row column_structure=&raquo;1_2,1_2&#8243; _builder_version=&raquo;4.16&#8243; background_size=&raquo;initial&raquo; background_position=&raquo;top_left&raquo; background_repeat=&raquo;repeat&raquo; width=&raquo;100%&raquo; custom_padding=&raquo;0px||||false|false&raquo; global_colors_info=&raquo;{}&raquo;][et_pb_column type=&raquo;1_2&#8243; _builder_version=&raquo;4.16&#8243; custom_padding=&raquo;|||&raquo; global_colors_info=&raquo;{}&raquo; custom_padding__hover=&raquo;|||&raquo;][et_pb_wc_images _builder_version=&raquo;4.16&#8243; global_colors_info=&raquo;{}&raquo;][\/et_pb_wc_images][\/et_pb_column][et_pb_column type=&raquo;1_2&#8243; _builder_version=&raquo;4.16&#8243; custom_padding=&raquo;|||&raquo; global_colors_info=&raquo;{}&raquo; custom_padding__hover=&raquo;|||&raquo;][et_pb_wc_title _builder_version=&raquo;4.17.3&#8243; header_font=&raquo;|||on|||||&raquo; header_font_size=&raquo;40px&raquo; global_colors_info=&raquo;{}&raquo;][\/et_pb_wc_title][et_pb_wc_price _builder_version=&raquo;4.17.3&#8243; body_font=&raquo;||||||||&raquo; global_colors_info=&raquo;{}&raquo;][\/et_pb_wc_price][et_pb_wc_description _builder_version=&raquo;4.17.3&#8243; body_font=&raquo;|300|||||||&raquo; global_colors_info=&raquo;{}&raquo;][\/et_pb_wc_description][et_pb_wc_add_to_cart _builder_version=&raquo;4.17.3&#8243; fields_font=&raquo;||||||||&raquo; custom_button=&raquo;on&raquo; button_font=&raquo;Oswald|||on|||||&raquo; button_icon=&raquo;&#x35;||divi||400&#8243; global_colors_info=&raquo;{}&raquo;][\/et_pb_wc_add_to_cart][et_pb_wc_meta _builder_version=&raquo;4.17.3&#8243; body_font=&raquo;||||||||&raquo; global_colors_info=&raquo;{}&raquo;][\/et_pb_wc_meta][\/et_pb_column][\/et_pb_row][et_pb_row _builder_version=&raquo;4.18.0&#8243; _module_preset=&raquo;default&raquo; global_colors_info=&raquo;{}&raquo;][et_pb_column type=&raquo;4_4&#8243; _builder_version=&raquo;4.18.0&#8243; _module_preset=&raquo;default&raquo; global_colors_info=&raquo;{}&raquo;][et_pb_divider color=&raquo;#eaeaea&raquo; _builder_version=&raquo;4.18.0&#8243; _module_preset=&raquo;default&raquo; global_colors_info=&raquo;{}&raquo;][\/et_pb_divider][et_pb_wc_related_products _builder_version=&raquo;4.18.0&#8243; _module_preset=&raquo;default&raquo; global_colors_info=&raquo;{}&raquo;][\/et_pb_wc_related_products][\/et_pb_column][\/et_pb_row][\/et_pb_section]<\/p>\n","protected":false},"excerpt":{"rendered":"<p>Peeling sokker fra VOESH.<br \/>\nSokker med botaniske ekstrakter som gir et hudfornyende resultat.<\/p>\n<ul>\n<li>Lett \u00e5 bruke<\/li>\n<li>Intensiv peeling<\/li>\n<li>Med lavendel og urte ekstrakter<\/li>\n<li>Spesielt designet for \u00e5 fjerne hard og d\u00f8d hud fra f\u00f8ttene.<\/li>\n<\/ul>\n<p>Et enkelt hjemmesett som gj\u00f8r dine f\u00f8tter klar til enhver anledning.<\/p>\n","protected":false},"featured_media":47,"template":"","meta":{"_et_pb_use_builder":"on","_et_pb_old_content":"","_et_gb_content_width":""},"product_brand":[],"product_cat":[18],"product_tag":[],"class_list":{"0":"post-72","1":"product","2":"type-product","3":"status-publish","4":"has-post-thumbnail","6":"product_cat-kroppspleie","8":"first","9":"instock","10":"sale","11":"taxable","12":"shipping-taxable","13":"purchasable","14":"product-type-simple"},"yoast_head":"<!-- This site is optimized with the Yoast SEO plugin v27.4 - https:\/\/yoast.com\/product\/yoast-seo-wordpress\/ -->\n<title>VOESH Peeling Sokker - HOVB<\/title>\n<meta name=\"robots\" content=\"index, follow, max-snippet:-1, max-image-preview:large, max-video-preview:-1\" \/>\n<link rel=\"canonical\" href=\"https:\/\/hovb.no\/?product=voesh-peeling-sokker\" \/>\n<meta property=\"og:locale\" content=\"nb_NO\" \/>\n<meta property=\"og:type\" content=\"article\" \/>\n<meta property=\"og:title\" content=\"VOESH Peeling Sokker - HOVB\" \/>\n<meta property=\"og:description\" content=\"Peeling sokker fra VOESH. Sokker med botaniske ekstrakter som gir et hudfornyende resultat.   Lett \u00e5 bruke  Intensiv peeling  Med lavendel og urte ekstrakter  Spesielt designet for \u00e5 fjerne hard og d\u00f8d hud fra f\u00f8ttene.  Et enkelt hjemmesett som gj\u00f8r dine f\u00f8tter klar til enhver anledning.\" \/>\n<meta property=\"og:url\" content=\"https:\/\/hovb.no\/?product=voesh-peeling-sokker\" \/>\n<meta property=\"og:site_name\" content=\"HOVB\" \/>\n<meta property=\"article:modified_time\" content=\"2023-11-22T22:02:12+00:00\" \/>\n<meta property=\"og:image\" content=\"https:\/\/hovb.no\/wp-content\/uploads\/2022\/04\/Peeling-Sokker-VOESH.jpg\" \/>\n\t<meta property=\"og:image:width\" content=\"700\" \/>\n\t<meta property=\"og:image:height\" content=\"700\" \/>\n\t<meta property=\"og:image:type\" content=\"image\/jpeg\" \/>\n<meta name=\"twitter:card\" content=\"summary_large_image\" \/>\n<meta name=\"twitter:label1\" content=\"Ansl. lesetid\" \/>\n\t<meta name=\"twitter:data1\" content=\"1 minutt\" \/>\n<script type=\"application\/ld+json\" class=\"yoast-schema-graph\">{\"@context\":\"https:\\\/\\\/schema.org\",\"@graph\":[{\"@type\":\"WebPage\",\"@id\":\"https:\\\/\\\/hovb.no\\\/?product=voesh-peeling-sokker\",\"url\":\"https:\\\/\\\/hovb.no\\\/?product=voesh-peeling-sokker\",\"name\":\"VOESH Peeling Sokker - HOVB\",\"isPartOf\":{\"@id\":\"https:\\\/\\\/hovb.no\\\/#website\"},\"primaryImageOfPage\":{\"@id\":\"https:\\\/\\\/hovb.no\\\/?product=voesh-peeling-sokker#primaryimage\"},\"image\":{\"@id\":\"https:\\\/\\\/hovb.no\\\/?product=voesh-peeling-sokker#primaryimage\"},\"thumbnailUrl\":\"https:\\\/\\\/hovb.no\\\/wp-content\\\/uploads\\\/2022\\\/04\\\/Peeling-Sokker-VOESH.jpg\",\"datePublished\":\"2022-04-28T21:13:02+00:00\",\"dateModified\":\"2023-11-22T22:02:12+00:00\",\"breadcrumb\":{\"@id\":\"https:\\\/\\\/hovb.no\\\/?product=voesh-peeling-sokker#breadcrumb\"},\"inLanguage\":\"nb-NO\",\"potentialAction\":[{\"@type\":\"ReadAction\",\"target\":[\"https:\\\/\\\/hovb.no\\\/?product=voesh-peeling-sokker\"]}]},{\"@type\":\"ImageObject\",\"inLanguage\":\"nb-NO\",\"@id\":\"https:\\\/\\\/hovb.no\\\/?product=voesh-peeling-sokker#primaryimage\",\"url\":\"https:\\\/\\\/hovb.no\\\/wp-content\\\/uploads\\\/2022\\\/04\\\/Peeling-Sokker-VOESH.jpg\",\"contentUrl\":\"https:\\\/\\\/hovb.no\\\/wp-content\\\/uploads\\\/2022\\\/04\\\/Peeling-Sokker-VOESH.jpg\",\"width\":700,\"height\":700},{\"@type\":\"BreadcrumbList\",\"@id\":\"https:\\\/\\\/hovb.no\\\/?product=voesh-peeling-sokker#breadcrumb\",\"itemListElement\":[{\"@type\":\"ListItem\",\"position\":1,\"name\":\"Home\",\"item\":\"https:\\\/\\\/hovb.no\\\/\"},{\"@type\":\"ListItem\",\"position\":2,\"name\":\"Shop\",\"item\":\"https:\\\/\\\/hovb.no\\\/?page_id=7\"},{\"@type\":\"ListItem\",\"position\":3,\"name\":\"VOESH Peeling Sokker\"}]},{\"@type\":\"WebSite\",\"@id\":\"https:\\\/\\\/hovb.no\\\/#website\",\"url\":\"https:\\\/\\\/hovb.no\\\/\",\"name\":\"HOVB\",\"description\":\"Helse og Velv\u00e6re Butikken\",\"potentialAction\":[{\"@type\":\"SearchAction\",\"target\":{\"@type\":\"EntryPoint\",\"urlTemplate\":\"https:\\\/\\\/hovb.no\\\/?s={search_term_string}\"},\"query-input\":{\"@type\":\"PropertyValueSpecification\",\"valueRequired\":true,\"valueName\":\"search_term_string\"}}],\"inLanguage\":\"nb-NO\"}]}<\/script>\n<!-- \/ Yoast SEO plugin. -->","yoast_head_json":{"title":"VOESH Peeling Sokker - HOVB","robots":{"index":"index","follow":"follow","max-snippet":"max-snippet:-1","max-image-preview":"max-image-preview:large","max-video-preview":"max-video-preview:-1"},"canonical":"https:\/\/hovb.no\/?product=voesh-peeling-sokker","og_locale":"nb_NO","og_type":"article","og_title":"VOESH Peeling Sokker - HOVB","og_description":"Peeling sokker fra VOESH. Sokker med botaniske ekstrakter som gir et hudfornyende resultat.   Lett \u00e5 bruke  Intensiv peeling  Med lavendel og urte ekstrakter  Spesielt designet for \u00e5 fjerne hard og d\u00f8d hud fra f\u00f8ttene.  Et enkelt hjemmesett som gj\u00f8r dine f\u00f8tter klar til enhver anledning.","og_url":"https:\/\/hovb.no\/?product=voesh-peeling-sokker","og_site_name":"HOVB","article_modified_time":"2023-11-22T22:02:12+00:00","og_image":[{"width":700,"height":700,"url":"https:\/\/hovb.no\/wp-content\/uploads\/2022\/04\/Peeling-Sokker-VOESH.jpg","type":"image\/jpeg"}],"twitter_card":"summary_large_image","twitter_misc":{"Ansl. lesetid":"1 minutt"},"schema":{"@context":"https:\/\/schema.org","@graph":[{"@type":"WebPage","@id":"https:\/\/hovb.no\/?product=voesh-peeling-sokker","url":"https:\/\/hovb.no\/?product=voesh-peeling-sokker","name":"VOESH Peeling Sokker - HOVB","isPartOf":{"@id":"https:\/\/hovb.no\/#website"},"primaryImageOfPage":{"@id":"https:\/\/hovb.no\/?product=voesh-peeling-sokker#primaryimage"},"image":{"@id":"https:\/\/hovb.no\/?product=voesh-peeling-sokker#primaryimage"},"thumbnailUrl":"https:\/\/hovb.no\/wp-content\/uploads\/2022\/04\/Peeling-Sokker-VOESH.jpg","datePublished":"2022-04-28T21:13:02+00:00","dateModified":"2023-11-22T22:02:12+00:00","breadcrumb":{"@id":"https:\/\/hovb.no\/?product=voesh-peeling-sokker#breadcrumb"},"inLanguage":"nb-NO","potentialAction":[{"@type":"ReadAction","target":["https:\/\/hovb.no\/?product=voesh-peeling-sokker"]}]},{"@type":"ImageObject","inLanguage":"nb-NO","@id":"https:\/\/hovb.no\/?product=voesh-peeling-sokker#primaryimage","url":"https:\/\/hovb.no\/wp-content\/uploads\/2022\/04\/Peeling-Sokker-VOESH.jpg","contentUrl":"https:\/\/hovb.no\/wp-content\/uploads\/2022\/04\/Peeling-Sokker-VOESH.jpg","width":700,"height":700},{"@type":"BreadcrumbList","@id":"https:\/\/hovb.no\/?product=voesh-peeling-sokker#breadcrumb","itemListElement":[{"@type":"ListItem","position":1,"name":"Home","item":"https:\/\/hovb.no\/"},{"@type":"ListItem","position":2,"name":"Shop","item":"https:\/\/hovb.no\/?page_id=7"},{"@type":"ListItem","position":3,"name":"VOESH Peeling Sokker"}]},{"@type":"WebSite","@id":"https:\/\/hovb.no\/#website","url":"https:\/\/hovb.no\/","name":"HOVB","description":"Helse og Velv\u00e6re Butikken","potentialAction":[{"@type":"SearchAction","target":{"@type":"EntryPoint","urlTemplate":"https:\/\/hovb.no\/?s={search_term_string}"},"query-input":{"@type":"PropertyValueSpecification","valueRequired":true,"valueName":"search_term_string"}}],"inLanguage":"nb-NO"}]}},"jetpack_sharing_enabled":true,"_links":{"self":[{"href":"https:\/\/hovb.no\/index.php?rest_route=\/wp\/v2\/product\/72","targetHints":{"allow":["GET"]}}],"collection":[{"href":"https:\/\/hovb.no\/index.php?rest_route=\/wp\/v2\/product"}],"about":[{"href":"https:\/\/hovb.no\/index.php?rest_route=\/wp\/v2\/types\/product"}],"wp:featuredmedia":[{"embeddable":true,"href":"https:\/\/hovb.no\/index.php?rest_route=\/wp\/v2\/media\/47"}],"wp:attachment":[{"href":"https:\/\/hovb.no\/index.php?rest_route=%2Fwp%2Fv2%2Fmedia&parent=72"}],"wp:term":[{"taxonomy":"product_brand","embeddable":true,"href":"https:\/\/hovb.no\/index.php?rest_route=%2Fwp%2Fv2%2Fproduct_brand&post=72"},{"taxonomy":"product_cat","embeddable":true,"href":"https:\/\/hovb.no\/index.php?rest_route=%2Fwp%2Fv2%2Fproduct_cat&post=72"},{"taxonomy":"product_tag","embeddable":true,"href":"https:\/\/hovb.no\/index.php?rest_route=%2Fwp%2Fv2%2Fproduct_tag&post=72"}],"curies":[{"name":"wp","href":"https:\/\/api.w.org\/{rel}","templated":true}]}}