{"id":501323,"date":"2026-03-11T22:33:27","date_gmt":"2026-03-11T21:33:27","guid":{"rendered":"https:\/\/hovb.no\/?post_type=product&#038;p=501323"},"modified":"2026-03-11T22:35:34","modified_gmt":"2026-03-11T21:35:34","slug":"white-temptation-mask-30-ml","status":"publish","type":"product","link":"https:\/\/hovb.no\/?product=white-temptation-mask-30-ml","title":{"rendered":"White Temptation Mask &#8211; 30 ml"},"content":{"rendered":"<p>Opplev overlegen hudpleie med White Temptation Mask! Denne avanserte masken kombinerer bio-retinol, probiotika og enzymer for en kraftig peeling, og er rik p\u00e5 antioksidanter og vitaminer fra villnype, tindved og ringblomst. Med fransk, hvit leire trekker den ut urenheter og gir en detox-effekt.<\/p>\n<p>Enzymene fra\u00a0\u00f8kologisk r\u00e5r\u00f8rsukker gir en jevn og str\u00e5lende sunn hud, samtidig som de renser i dybden. La deg friste av White Temptation Mask og opplev en fornyet hud!<\/p>\n<p><strong>\u25cb Aktive enzymer<\/strong>\u00a0eksfolierer huden i dybden og jevner ut tekstur i huden.<\/p>\n<p><strong>\u25cb Probiotika<\/strong>\u00a0styrker hudbarrieren.<\/p>\n<p><strong>\u25cb Bio-retinol<\/strong>\u00a0fornyer huden og mykgj\u00f8r huden.<\/p>\n","protected":false},"excerpt":{"rendered":"<p>Opplev overlegen hudpleie med White Temptation Mask! Denne avanserte masken kombinerer bio-retinol, probiotika og enzymer for en kraftig peeling, og er rik p\u00e5 antioksidanter og vitaminer fra villnype, tindved og ringblomst. Med fransk, hvit leire trekker den ut urenheter og gir en detox-effekt. Enzymene fra\u00a0\u00f8kologisk r\u00e5r\u00f8rsukker gir en jevn og str\u00e5lende sunn hud, samtidig som [&hellip;]<\/p>\n","protected":false},"featured_media":0,"template":"","meta":{"_et_pb_use_builder":"","_et_pb_old_content":"","_et_gb_content_width":""},"product_brand":[],"product_cat":[18,19],"product_tag":[100058],"class_list":{"0":"post-501323","1":"product","2":"type-product","3":"status-publish","5":"product_cat-kroppspleie","6":"product_cat-massasjeutstyr","7":"product_tag-marina-miracle","9":"first","10":"instock","11":"taxable","12":"shipping-taxable","13":"purchasable","14":"product-type-simple"},"yoast_head":"<!-- This site is optimized with the Yoast SEO plugin v27.4 - https:\/\/yoast.com\/product\/yoast-seo-wordpress\/ -->\n<title>White Temptation Mask - 30 ml - HOVB<\/title>\n<meta name=\"robots\" content=\"index, follow, max-snippet:-1, max-image-preview:large, max-video-preview:-1\" \/>\n<link rel=\"canonical\" href=\"https:\/\/hovb.no\/?product=white-temptation-mask-30-ml\" \/>\n<meta property=\"og:locale\" content=\"nb_NO\" \/>\n<meta property=\"og:type\" content=\"article\" \/>\n<meta property=\"og:title\" content=\"White Temptation Mask - 30 ml - HOVB\" \/>\n<meta property=\"og:description\" content=\"Opplev overlegen hudpleie med White Temptation Mask! Denne avanserte masken kombinerer bio-retinol, probiotika og enzymer for en kraftig peeling, og er rik p\u00e5 antioksidanter og vitaminer fra villnype, tindved og ringblomst. Med fransk, hvit leire trekker den ut urenheter og gir en detox-effekt. Enzymene fra\u00a0\u00f8kologisk r\u00e5r\u00f8rsukker gir en jevn og str\u00e5lende sunn hud, samtidig som [&hellip;]\" \/>\n<meta property=\"og:url\" content=\"https:\/\/hovb.no\/?product=white-temptation-mask-30-ml\" \/>\n<meta property=\"og:site_name\" content=\"HOVB\" \/>\n<meta property=\"article:modified_time\" content=\"2026-03-11T21:35:34+00:00\" \/>\n<meta name=\"twitter:card\" content=\"summary_large_image\" \/>\n<meta name=\"twitter:label1\" content=\"Ansl. lesetid\" \/>\n\t<meta name=\"twitter:data1\" content=\"1 minutt\" \/>\n<script type=\"application\/ld+json\" class=\"yoast-schema-graph\">{\"@context\":\"https:\\\/\\\/schema.org\",\"@graph\":[{\"@type\":\"WebPage\",\"@id\":\"https:\\\/\\\/hovb.no\\\/?product=white-temptation-mask-30-ml\",\"url\":\"https:\\\/\\\/hovb.no\\\/?product=white-temptation-mask-30-ml\",\"name\":\"White Temptation Mask - 30 ml - HOVB\",\"isPartOf\":{\"@id\":\"https:\\\/\\\/hovb.no\\\/#website\"},\"datePublished\":\"2026-03-11T21:33:27+00:00\",\"dateModified\":\"2026-03-11T21:35:34+00:00\",\"breadcrumb\":{\"@id\":\"https:\\\/\\\/hovb.no\\\/?product=white-temptation-mask-30-ml#breadcrumb\"},\"inLanguage\":\"nb-NO\",\"potentialAction\":[{\"@type\":\"ReadAction\",\"target\":[\"https:\\\/\\\/hovb.no\\\/?product=white-temptation-mask-30-ml\"]}]},{\"@type\":\"BreadcrumbList\",\"@id\":\"https:\\\/\\\/hovb.no\\\/?product=white-temptation-mask-30-ml#breadcrumb\",\"itemListElement\":[{\"@type\":\"ListItem\",\"position\":1,\"name\":\"Home\",\"item\":\"https:\\\/\\\/hovb.no\\\/\"},{\"@type\":\"ListItem\",\"position\":2,\"name\":\"Shop\",\"item\":\"https:\\\/\\\/hovb.no\\\/?page_id=7\"},{\"@type\":\"ListItem\",\"position\":3,\"name\":\"White Temptation Mask &#8211; 30 ml\"}]},{\"@type\":\"WebSite\",\"@id\":\"https:\\\/\\\/hovb.no\\\/#website\",\"url\":\"https:\\\/\\\/hovb.no\\\/\",\"name\":\"HOVB\",\"description\":\"Helse og Velv\u00e6re Butikken\",\"potentialAction\":[{\"@type\":\"SearchAction\",\"target\":{\"@type\":\"EntryPoint\",\"urlTemplate\":\"https:\\\/\\\/hovb.no\\\/?s={search_term_string}\"},\"query-input\":{\"@type\":\"PropertyValueSpecification\",\"valueRequired\":true,\"valueName\":\"search_term_string\"}}],\"inLanguage\":\"nb-NO\"}]}<\/script>\n<!-- \/ Yoast SEO plugin. -->","yoast_head_json":{"title":"White Temptation Mask - 30 ml - HOVB","robots":{"index":"index","follow":"follow","max-snippet":"max-snippet:-1","max-image-preview":"max-image-preview:large","max-video-preview":"max-video-preview:-1"},"canonical":"https:\/\/hovb.no\/?product=white-temptation-mask-30-ml","og_locale":"nb_NO","og_type":"article","og_title":"White Temptation Mask - 30 ml - HOVB","og_description":"Opplev overlegen hudpleie med White Temptation Mask! Denne avanserte masken kombinerer bio-retinol, probiotika og enzymer for en kraftig peeling, og er rik p\u00e5 antioksidanter og vitaminer fra villnype, tindved og ringblomst. Med fransk, hvit leire trekker den ut urenheter og gir en detox-effekt. Enzymene fra\u00a0\u00f8kologisk r\u00e5r\u00f8rsukker gir en jevn og str\u00e5lende sunn hud, samtidig som [&hellip;]","og_url":"https:\/\/hovb.no\/?product=white-temptation-mask-30-ml","og_site_name":"HOVB","article_modified_time":"2026-03-11T21:35:34+00:00","twitter_card":"summary_large_image","twitter_misc":{"Ansl. lesetid":"1 minutt"},"schema":{"@context":"https:\/\/schema.org","@graph":[{"@type":"WebPage","@id":"https:\/\/hovb.no\/?product=white-temptation-mask-30-ml","url":"https:\/\/hovb.no\/?product=white-temptation-mask-30-ml","name":"White Temptation Mask - 30 ml - HOVB","isPartOf":{"@id":"https:\/\/hovb.no\/#website"},"datePublished":"2026-03-11T21:33:27+00:00","dateModified":"2026-03-11T21:35:34+00:00","breadcrumb":{"@id":"https:\/\/hovb.no\/?product=white-temptation-mask-30-ml#breadcrumb"},"inLanguage":"nb-NO","potentialAction":[{"@type":"ReadAction","target":["https:\/\/hovb.no\/?product=white-temptation-mask-30-ml"]}]},{"@type":"BreadcrumbList","@id":"https:\/\/hovb.no\/?product=white-temptation-mask-30-ml#breadcrumb","itemListElement":[{"@type":"ListItem","position":1,"name":"Home","item":"https:\/\/hovb.no\/"},{"@type":"ListItem","position":2,"name":"Shop","item":"https:\/\/hovb.no\/?page_id=7"},{"@type":"ListItem","position":3,"name":"White Temptation Mask &#8211; 30 ml"}]},{"@type":"WebSite","@id":"https:\/\/hovb.no\/#website","url":"https:\/\/hovb.no\/","name":"HOVB","description":"Helse og Velv\u00e6re Butikken","potentialAction":[{"@type":"SearchAction","target":{"@type":"EntryPoint","urlTemplate":"https:\/\/hovb.no\/?s={search_term_string}"},"query-input":{"@type":"PropertyValueSpecification","valueRequired":true,"valueName":"search_term_string"}}],"inLanguage":"nb-NO"}]}},"jetpack_sharing_enabled":true,"_links":{"self":[{"href":"https:\/\/hovb.no\/index.php?rest_route=\/wp\/v2\/product\/501323","targetHints":{"allow":["GET"]}}],"collection":[{"href":"https:\/\/hovb.no\/index.php?rest_route=\/wp\/v2\/product"}],"about":[{"href":"https:\/\/hovb.no\/index.php?rest_route=\/wp\/v2\/types\/product"}],"wp:attachment":[{"href":"https:\/\/hovb.no\/index.php?rest_route=%2Fwp%2Fv2%2Fmedia&parent=501323"}],"wp:term":[{"taxonomy":"product_brand","embeddable":true,"href":"https:\/\/hovb.no\/index.php?rest_route=%2Fwp%2Fv2%2Fproduct_brand&post=501323"},{"taxonomy":"product_cat","embeddable":true,"href":"https:\/\/hovb.no\/index.php?rest_route=%2Fwp%2Fv2%2Fproduct_cat&post=501323"},{"taxonomy":"product_tag","embeddable":true,"href":"https:\/\/hovb.no\/index.php?rest_route=%2Fwp%2Fv2%2Fproduct_tag&post=501323"}],"curies":[{"name":"wp","href":"https:\/\/api.w.org\/{rel}","templated":true}]}}