{"id":501319,"date":"2026-03-11T22:31:02","date_gmt":"2026-03-11T21:31:02","guid":{"rendered":"https:\/\/hovb.no\/?post_type=product&#038;p=501319"},"modified":"2026-03-11T22:36:32","modified_gmt":"2026-03-11T21:36:32","slug":"herbal-face-oil-30-ml","status":"publish","type":"product","link":"https:\/\/hovb.no\/?product=herbal-face-oil-30-ml","title":{"rendered":"Herbal Face Oil &#8211; 30 ml."},"content":{"rendered":"<p>Herbal Face Oil er en n\u00e6ringsrik og mykgj\u00f8rende ansiktsolje som fukter og balanserer huden. Den har en sv\u00e6rt behagelig konsistens og dufter beroligende av urter og lavendel. Fine urter, jojoba, avokado, bringeb\u00e6r og aloe vera gir huden dyp n\u00e6ring uten \u00e5 virke fet eller tette porene. Ansiktsoljen trekker hurtig inn og beskytter og binder hudens fuktighet.\u00a0Huden etterlates myk, balansert og med en frisk gl\u00f8d.<\/p>\n<p>&nbsp;<\/p>\n<p>\u25cb\u00a0Balanserer kombinasjonshud og fukter t\u00f8rr hud<\/p>\n<p>\u25cb\u00a0Gir en sunn gl\u00f8d til huden<\/p>\n<p>\u25cb Behandler og lindrer sensitiv hud, eksem og\u00a0rosacea<\/p>\n","protected":false},"excerpt":{"rendered":"<p>Herbal Face Oil er en n\u00e6ringsrik og mykgj\u00f8rende ansiktsolje som fukter og balanserer huden. Den har en sv\u00e6rt behagelig konsistens og dufter beroligende av urter og lavendel. Fine urter, jojoba, avokado, bringeb\u00e6r og aloe vera gir huden dyp n\u00e6ring uten \u00e5 virke fet eller tette porene. Ansiktsoljen trekker hurtig inn og beskytter og binder hudens [&hellip;]<\/p>\n","protected":false},"featured_media":0,"template":"","meta":{"_et_pb_use_builder":"","_et_pb_old_content":"","_et_gb_content_width":""},"product_brand":[],"product_cat":[18,19],"product_tag":[100058],"class_list":{"0":"post-501319","1":"product","2":"type-product","3":"status-publish","5":"product_cat-kroppspleie","6":"product_cat-massasjeutstyr","7":"product_tag-marina-miracle","9":"first","10":"instock","11":"taxable","12":"shipping-taxable","13":"purchasable","14":"product-type-simple"},"yoast_head":"<!-- This site is optimized with the Yoast SEO plugin v27.4 - https:\/\/yoast.com\/product\/yoast-seo-wordpress\/ -->\n<title>Herbal Face Oil - 30 ml. - HOVB<\/title>\n<meta name=\"robots\" content=\"index, follow, max-snippet:-1, max-image-preview:large, max-video-preview:-1\" \/>\n<link rel=\"canonical\" href=\"https:\/\/hovb.no\/?product=herbal-face-oil-30-ml\" \/>\n<meta property=\"og:locale\" content=\"nb_NO\" \/>\n<meta property=\"og:type\" content=\"article\" \/>\n<meta property=\"og:title\" content=\"Herbal Face Oil - 30 ml. - HOVB\" \/>\n<meta property=\"og:description\" content=\"Herbal Face Oil er en n\u00e6ringsrik og mykgj\u00f8rende ansiktsolje som fukter og balanserer huden. Den har en sv\u00e6rt behagelig konsistens og dufter beroligende av urter og lavendel. Fine urter, jojoba, avokado, bringeb\u00e6r og aloe vera gir huden dyp n\u00e6ring uten \u00e5 virke fet eller tette porene. Ansiktsoljen trekker hurtig inn og beskytter og binder hudens [&hellip;]\" \/>\n<meta property=\"og:url\" content=\"https:\/\/hovb.no\/?product=herbal-face-oil-30-ml\" \/>\n<meta property=\"og:site_name\" content=\"HOVB\" \/>\n<meta property=\"article:modified_time\" content=\"2026-03-11T21:36:32+00:00\" \/>\n<meta name=\"twitter:card\" content=\"summary_large_image\" \/>\n<meta name=\"twitter:label1\" content=\"Ansl. lesetid\" \/>\n\t<meta name=\"twitter:data1\" content=\"1 minutt\" \/>\n<script type=\"application\/ld+json\" class=\"yoast-schema-graph\">{\"@context\":\"https:\\\/\\\/schema.org\",\"@graph\":[{\"@type\":\"WebPage\",\"@id\":\"https:\\\/\\\/hovb.no\\\/?product=herbal-face-oil-30-ml\",\"url\":\"https:\\\/\\\/hovb.no\\\/?product=herbal-face-oil-30-ml\",\"name\":\"Herbal Face Oil - 30 ml. - HOVB\",\"isPartOf\":{\"@id\":\"https:\\\/\\\/hovb.no\\\/#website\"},\"datePublished\":\"2026-03-11T21:31:02+00:00\",\"dateModified\":\"2026-03-11T21:36:32+00:00\",\"breadcrumb\":{\"@id\":\"https:\\\/\\\/hovb.no\\\/?product=herbal-face-oil-30-ml#breadcrumb\"},\"inLanguage\":\"nb-NO\",\"potentialAction\":[{\"@type\":\"ReadAction\",\"target\":[\"https:\\\/\\\/hovb.no\\\/?product=herbal-face-oil-30-ml\"]}]},{\"@type\":\"BreadcrumbList\",\"@id\":\"https:\\\/\\\/hovb.no\\\/?product=herbal-face-oil-30-ml#breadcrumb\",\"itemListElement\":[{\"@type\":\"ListItem\",\"position\":1,\"name\":\"Home\",\"item\":\"https:\\\/\\\/hovb.no\\\/\"},{\"@type\":\"ListItem\",\"position\":2,\"name\":\"Shop\",\"item\":\"https:\\\/\\\/hovb.no\\\/?page_id=7\"},{\"@type\":\"ListItem\",\"position\":3,\"name\":\"Herbal Face Oil &#8211; 30 ml.\"}]},{\"@type\":\"WebSite\",\"@id\":\"https:\\\/\\\/hovb.no\\\/#website\",\"url\":\"https:\\\/\\\/hovb.no\\\/\",\"name\":\"HOVB\",\"description\":\"Helse og Velv\u00e6re Butikken\",\"potentialAction\":[{\"@type\":\"SearchAction\",\"target\":{\"@type\":\"EntryPoint\",\"urlTemplate\":\"https:\\\/\\\/hovb.no\\\/?s={search_term_string}\"},\"query-input\":{\"@type\":\"PropertyValueSpecification\",\"valueRequired\":true,\"valueName\":\"search_term_string\"}}],\"inLanguage\":\"nb-NO\"}]}<\/script>\n<!-- \/ Yoast SEO plugin. -->","yoast_head_json":{"title":"Herbal Face Oil - 30 ml. - HOVB","robots":{"index":"index","follow":"follow","max-snippet":"max-snippet:-1","max-image-preview":"max-image-preview:large","max-video-preview":"max-video-preview:-1"},"canonical":"https:\/\/hovb.no\/?product=herbal-face-oil-30-ml","og_locale":"nb_NO","og_type":"article","og_title":"Herbal Face Oil - 30 ml. - HOVB","og_description":"Herbal Face Oil er en n\u00e6ringsrik og mykgj\u00f8rende ansiktsolje som fukter og balanserer huden. Den har en sv\u00e6rt behagelig konsistens og dufter beroligende av urter og lavendel. Fine urter, jojoba, avokado, bringeb\u00e6r og aloe vera gir huden dyp n\u00e6ring uten \u00e5 virke fet eller tette porene. Ansiktsoljen trekker hurtig inn og beskytter og binder hudens [&hellip;]","og_url":"https:\/\/hovb.no\/?product=herbal-face-oil-30-ml","og_site_name":"HOVB","article_modified_time":"2026-03-11T21:36:32+00:00","twitter_card":"summary_large_image","twitter_misc":{"Ansl. lesetid":"1 minutt"},"schema":{"@context":"https:\/\/schema.org","@graph":[{"@type":"WebPage","@id":"https:\/\/hovb.no\/?product=herbal-face-oil-30-ml","url":"https:\/\/hovb.no\/?product=herbal-face-oil-30-ml","name":"Herbal Face Oil - 30 ml. - HOVB","isPartOf":{"@id":"https:\/\/hovb.no\/#website"},"datePublished":"2026-03-11T21:31:02+00:00","dateModified":"2026-03-11T21:36:32+00:00","breadcrumb":{"@id":"https:\/\/hovb.no\/?product=herbal-face-oil-30-ml#breadcrumb"},"inLanguage":"nb-NO","potentialAction":[{"@type":"ReadAction","target":["https:\/\/hovb.no\/?product=herbal-face-oil-30-ml"]}]},{"@type":"BreadcrumbList","@id":"https:\/\/hovb.no\/?product=herbal-face-oil-30-ml#breadcrumb","itemListElement":[{"@type":"ListItem","position":1,"name":"Home","item":"https:\/\/hovb.no\/"},{"@type":"ListItem","position":2,"name":"Shop","item":"https:\/\/hovb.no\/?page_id=7"},{"@type":"ListItem","position":3,"name":"Herbal Face Oil &#8211; 30 ml."}]},{"@type":"WebSite","@id":"https:\/\/hovb.no\/#website","url":"https:\/\/hovb.no\/","name":"HOVB","description":"Helse og Velv\u00e6re Butikken","potentialAction":[{"@type":"SearchAction","target":{"@type":"EntryPoint","urlTemplate":"https:\/\/hovb.no\/?s={search_term_string}"},"query-input":{"@type":"PropertyValueSpecification","valueRequired":true,"valueName":"search_term_string"}}],"inLanguage":"nb-NO"}]}},"jetpack_sharing_enabled":true,"_links":{"self":[{"href":"https:\/\/hovb.no\/index.php?rest_route=\/wp\/v2\/product\/501319","targetHints":{"allow":["GET"]}}],"collection":[{"href":"https:\/\/hovb.no\/index.php?rest_route=\/wp\/v2\/product"}],"about":[{"href":"https:\/\/hovb.no\/index.php?rest_route=\/wp\/v2\/types\/product"}],"wp:attachment":[{"href":"https:\/\/hovb.no\/index.php?rest_route=%2Fwp%2Fv2%2Fmedia&parent=501319"}],"wp:term":[{"taxonomy":"product_brand","embeddable":true,"href":"https:\/\/hovb.no\/index.php?rest_route=%2Fwp%2Fv2%2Fproduct_brand&post=501319"},{"taxonomy":"product_cat","embeddable":true,"href":"https:\/\/hovb.no\/index.php?rest_route=%2Fwp%2Fv2%2Fproduct_cat&post=501319"},{"taxonomy":"product_tag","embeddable":true,"href":"https:\/\/hovb.no\/index.php?rest_route=%2Fwp%2Fv2%2Fproduct_tag&post=501319"}],"curies":[{"name":"wp","href":"https:\/\/api.w.org\/{rel}","templated":true}]}}