{"id":501314,"date":"2026-03-11T22:22:02","date_gmt":"2026-03-11T21:22:02","guid":{"rendered":"https:\/\/hovb.no\/?post_type=product&#038;p=501314"},"modified":"2026-03-11T22:28:11","modified_gmt":"2026-03-11T21:28:11","slug":"sweet-creamy-oil-cleanser-110-ml","status":"publish","type":"product","link":"https:\/\/hovb.no\/?product=sweet-creamy-oil-cleanser-110-ml","title":{"rendered":"Sweet &#038; Creamy Oil Cleanser &#8211; 110 ml"},"content":{"rendered":"<p>Sweet &amp; Creamy Oil Cleanser er en kremete oljerens med perfekt PH p\u00e5 5.0 som blir til en melk ved kontakt med vann og dufter nydelig av vanilje og kokos. Ansiktsrensen fjerner all makeup samtidig som den renser huden i dybden. Den inneholder probiotisk fermentert juice av spirer fra brokkoli, alfalfa og tomat som er rik p\u00e5 enzymer og vitaminer som gir n\u00e6ring til huden samtidig som den tilf\u00f8rer probiotika som bygger opp og beskytter hudens barriere. Olje fra ringblomst, solsikke, kokos og villnype l\u00f8ser opp urenheter og fukter huden. Huden etterlates frisk, ren og myk.<\/p>\n<p>4 i 1 Sweet and Creamy Oil Cleanser fungerer b\u00e5de som ansiktsrens, sminkefjerner,\u00a0PH balanserer og tilf\u00f8rer probiotika til huden. <img loading=\"lazy\" decoding=\"async\" class=\"alignnone size-medium wp-image-501315\" src=\"https:\/\/hovb.no\/wp-content\/uploads\/2026\/03\/Sweet_CreamyOilCleanser_1-300x300.webp\" alt=\"\" width=\"300\" height=\"300\" \/> <img loading=\"lazy\" decoding=\"async\" class=\"alignnone size-medium wp-image-501316\" src=\"https:\/\/hovb.no\/wp-content\/uploads\/2026\/03\/Sweet-creamy-oil-cleanser-300x300.webp\" alt=\"\" width=\"300\" height=\"300\" \/> <img loading=\"lazy\" decoding=\"async\" class=\"alignnone size-medium wp-image-501317\" src=\"https:\/\/hovb.no\/wp-content\/uploads\/2026\/03\/Sweet_CreamyOilCleanser_3_-300x300.webp\" alt=\"\" width=\"300\" height=\"300\" \/><\/p>\n","protected":false},"excerpt":{"rendered":"<p>Sweet &amp; Creamy Oil Cleanser er en kremete oljerens med perfekt PH p\u00e5 5.0 som blir til en melk ved kontakt med vann og dufter nydelig av vanilje og kokos. Ansiktsrensen fjerner all makeup samtidig som den renser huden i dybden. Den inneholder probiotisk fermentert juice av spirer fra brokkoli, alfalfa og tomat som er [&hellip;]<\/p>\n","protected":false},"featured_media":501316,"template":"","meta":{"_et_pb_use_builder":"","_et_pb_old_content":"","_et_gb_content_width":""},"product_brand":[],"product_cat":[18],"product_tag":[100058],"class_list":{"0":"post-501314","1":"product","2":"type-product","3":"status-publish","4":"has-post-thumbnail","6":"product_cat-kroppspleie","7":"product_tag-marina-miracle","9":"first","10":"instock","11":"taxable","12":"shipping-taxable","13":"purchasable","14":"product-type-simple"},"yoast_head":"<!-- This site is optimized with the Yoast SEO plugin v27.4 - https:\/\/yoast.com\/product\/yoast-seo-wordpress\/ -->\n<title>Sweet &amp; Creamy Oil Cleanser - 110 ml - HOVB<\/title>\n<meta name=\"robots\" content=\"index, follow, max-snippet:-1, max-image-preview:large, max-video-preview:-1\" \/>\n<link rel=\"canonical\" href=\"https:\/\/hovb.no\/?product=sweet-creamy-oil-cleanser-110-ml\" \/>\n<meta property=\"og:locale\" content=\"nb_NO\" \/>\n<meta property=\"og:type\" content=\"article\" \/>\n<meta property=\"og:title\" content=\"Sweet &amp; Creamy Oil Cleanser - 110 ml - HOVB\" \/>\n<meta property=\"og:description\" content=\"Sweet &amp; Creamy Oil Cleanser er en kremete oljerens med perfekt PH p\u00e5 5.0 som blir til en melk ved kontakt med vann og dufter nydelig av vanilje og kokos. Ansiktsrensen fjerner all makeup samtidig som den renser huden i dybden. Den inneholder probiotisk fermentert juice av spirer fra brokkoli, alfalfa og tomat som er [&hellip;]\" \/>\n<meta property=\"og:url\" content=\"https:\/\/hovb.no\/?product=sweet-creamy-oil-cleanser-110-ml\" \/>\n<meta property=\"og:site_name\" content=\"HOVB\" \/>\n<meta property=\"article:modified_time\" content=\"2026-03-11T21:28:11+00:00\" \/>\n<meta property=\"og:image\" content=\"https:\/\/hovb.no\/wp-content\/uploads\/2026\/03\/Sweet-creamy-oil-cleanser.webp\" \/>\n\t<meta property=\"og:image:width\" content=\"800\" \/>\n\t<meta property=\"og:image:height\" content=\"800\" \/>\n\t<meta property=\"og:image:type\" content=\"image\/webp\" \/>\n<meta name=\"twitter:card\" content=\"summary_large_image\" \/>\n<meta name=\"twitter:label1\" content=\"Ansl. lesetid\" \/>\n\t<meta name=\"twitter:data1\" content=\"2 minutter\" \/>\n<script type=\"application\/ld+json\" class=\"yoast-schema-graph\">{\"@context\":\"https:\\\/\\\/schema.org\",\"@graph\":[{\"@type\":\"WebPage\",\"@id\":\"https:\\\/\\\/hovb.no\\\/?product=sweet-creamy-oil-cleanser-110-ml\",\"url\":\"https:\\\/\\\/hovb.no\\\/?product=sweet-creamy-oil-cleanser-110-ml\",\"name\":\"Sweet & Creamy Oil Cleanser - 110 ml - HOVB\",\"isPartOf\":{\"@id\":\"https:\\\/\\\/hovb.no\\\/#website\"},\"primaryImageOfPage\":{\"@id\":\"https:\\\/\\\/hovb.no\\\/?product=sweet-creamy-oil-cleanser-110-ml#primaryimage\"},\"image\":{\"@id\":\"https:\\\/\\\/hovb.no\\\/?product=sweet-creamy-oil-cleanser-110-ml#primaryimage\"},\"thumbnailUrl\":\"https:\\\/\\\/hovb.no\\\/wp-content\\\/uploads\\\/2026\\\/03\\\/Sweet-creamy-oil-cleanser.webp\",\"datePublished\":\"2026-03-11T21:22:02+00:00\",\"dateModified\":\"2026-03-11T21:28:11+00:00\",\"breadcrumb\":{\"@id\":\"https:\\\/\\\/hovb.no\\\/?product=sweet-creamy-oil-cleanser-110-ml#breadcrumb\"},\"inLanguage\":\"nb-NO\",\"potentialAction\":[{\"@type\":\"ReadAction\",\"target\":[\"https:\\\/\\\/hovb.no\\\/?product=sweet-creamy-oil-cleanser-110-ml\"]}]},{\"@type\":\"ImageObject\",\"inLanguage\":\"nb-NO\",\"@id\":\"https:\\\/\\\/hovb.no\\\/?product=sweet-creamy-oil-cleanser-110-ml#primaryimage\",\"url\":\"https:\\\/\\\/hovb.no\\\/wp-content\\\/uploads\\\/2026\\\/03\\\/Sweet-creamy-oil-cleanser.webp\",\"contentUrl\":\"https:\\\/\\\/hovb.no\\\/wp-content\\\/uploads\\\/2026\\\/03\\\/Sweet-creamy-oil-cleanser.webp\",\"width\":800,\"height\":800},{\"@type\":\"BreadcrumbList\",\"@id\":\"https:\\\/\\\/hovb.no\\\/?product=sweet-creamy-oil-cleanser-110-ml#breadcrumb\",\"itemListElement\":[{\"@type\":\"ListItem\",\"position\":1,\"name\":\"Home\",\"item\":\"https:\\\/\\\/hovb.no\\\/\"},{\"@type\":\"ListItem\",\"position\":2,\"name\":\"Shop\",\"item\":\"https:\\\/\\\/hovb.no\\\/?page_id=7\"},{\"@type\":\"ListItem\",\"position\":3,\"name\":\"Sweet &#038; Creamy Oil Cleanser &#8211; 110 ml\"}]},{\"@type\":\"WebSite\",\"@id\":\"https:\\\/\\\/hovb.no\\\/#website\",\"url\":\"https:\\\/\\\/hovb.no\\\/\",\"name\":\"HOVB\",\"description\":\"Helse og Velv\u00e6re Butikken\",\"potentialAction\":[{\"@type\":\"SearchAction\",\"target\":{\"@type\":\"EntryPoint\",\"urlTemplate\":\"https:\\\/\\\/hovb.no\\\/?s={search_term_string}\"},\"query-input\":{\"@type\":\"PropertyValueSpecification\",\"valueRequired\":true,\"valueName\":\"search_term_string\"}}],\"inLanguage\":\"nb-NO\"}]}<\/script>\n<!-- \/ Yoast SEO plugin. -->","yoast_head_json":{"title":"Sweet & Creamy Oil Cleanser - 110 ml - HOVB","robots":{"index":"index","follow":"follow","max-snippet":"max-snippet:-1","max-image-preview":"max-image-preview:large","max-video-preview":"max-video-preview:-1"},"canonical":"https:\/\/hovb.no\/?product=sweet-creamy-oil-cleanser-110-ml","og_locale":"nb_NO","og_type":"article","og_title":"Sweet & Creamy Oil Cleanser - 110 ml - HOVB","og_description":"Sweet &amp; Creamy Oil Cleanser er en kremete oljerens med perfekt PH p\u00e5 5.0 som blir til en melk ved kontakt med vann og dufter nydelig av vanilje og kokos. Ansiktsrensen fjerner all makeup samtidig som den renser huden i dybden. Den inneholder probiotisk fermentert juice av spirer fra brokkoli, alfalfa og tomat som er [&hellip;]","og_url":"https:\/\/hovb.no\/?product=sweet-creamy-oil-cleanser-110-ml","og_site_name":"HOVB","article_modified_time":"2026-03-11T21:28:11+00:00","og_image":[{"width":800,"height":800,"url":"https:\/\/hovb.no\/wp-content\/uploads\/2026\/03\/Sweet-creamy-oil-cleanser.webp","type":"image\/webp"}],"twitter_card":"summary_large_image","twitter_misc":{"Ansl. lesetid":"2 minutter"},"schema":{"@context":"https:\/\/schema.org","@graph":[{"@type":"WebPage","@id":"https:\/\/hovb.no\/?product=sweet-creamy-oil-cleanser-110-ml","url":"https:\/\/hovb.no\/?product=sweet-creamy-oil-cleanser-110-ml","name":"Sweet & Creamy Oil Cleanser - 110 ml - HOVB","isPartOf":{"@id":"https:\/\/hovb.no\/#website"},"primaryImageOfPage":{"@id":"https:\/\/hovb.no\/?product=sweet-creamy-oil-cleanser-110-ml#primaryimage"},"image":{"@id":"https:\/\/hovb.no\/?product=sweet-creamy-oil-cleanser-110-ml#primaryimage"},"thumbnailUrl":"https:\/\/hovb.no\/wp-content\/uploads\/2026\/03\/Sweet-creamy-oil-cleanser.webp","datePublished":"2026-03-11T21:22:02+00:00","dateModified":"2026-03-11T21:28:11+00:00","breadcrumb":{"@id":"https:\/\/hovb.no\/?product=sweet-creamy-oil-cleanser-110-ml#breadcrumb"},"inLanguage":"nb-NO","potentialAction":[{"@type":"ReadAction","target":["https:\/\/hovb.no\/?product=sweet-creamy-oil-cleanser-110-ml"]}]},{"@type":"ImageObject","inLanguage":"nb-NO","@id":"https:\/\/hovb.no\/?product=sweet-creamy-oil-cleanser-110-ml#primaryimage","url":"https:\/\/hovb.no\/wp-content\/uploads\/2026\/03\/Sweet-creamy-oil-cleanser.webp","contentUrl":"https:\/\/hovb.no\/wp-content\/uploads\/2026\/03\/Sweet-creamy-oil-cleanser.webp","width":800,"height":800},{"@type":"BreadcrumbList","@id":"https:\/\/hovb.no\/?product=sweet-creamy-oil-cleanser-110-ml#breadcrumb","itemListElement":[{"@type":"ListItem","position":1,"name":"Home","item":"https:\/\/hovb.no\/"},{"@type":"ListItem","position":2,"name":"Shop","item":"https:\/\/hovb.no\/?page_id=7"},{"@type":"ListItem","position":3,"name":"Sweet &#038; Creamy Oil Cleanser &#8211; 110 ml"}]},{"@type":"WebSite","@id":"https:\/\/hovb.no\/#website","url":"https:\/\/hovb.no\/","name":"HOVB","description":"Helse og Velv\u00e6re Butikken","potentialAction":[{"@type":"SearchAction","target":{"@type":"EntryPoint","urlTemplate":"https:\/\/hovb.no\/?s={search_term_string}"},"query-input":{"@type":"PropertyValueSpecification","valueRequired":true,"valueName":"search_term_string"}}],"inLanguage":"nb-NO"}]}},"jetpack_sharing_enabled":true,"_links":{"self":[{"href":"https:\/\/hovb.no\/index.php?rest_route=\/wp\/v2\/product\/501314","targetHints":{"allow":["GET"]}}],"collection":[{"href":"https:\/\/hovb.no\/index.php?rest_route=\/wp\/v2\/product"}],"about":[{"href":"https:\/\/hovb.no\/index.php?rest_route=\/wp\/v2\/types\/product"}],"wp:featuredmedia":[{"embeddable":true,"href":"https:\/\/hovb.no\/index.php?rest_route=\/wp\/v2\/media\/501316"}],"wp:attachment":[{"href":"https:\/\/hovb.no\/index.php?rest_route=%2Fwp%2Fv2%2Fmedia&parent=501314"}],"wp:term":[{"taxonomy":"product_brand","embeddable":true,"href":"https:\/\/hovb.no\/index.php?rest_route=%2Fwp%2Fv2%2Fproduct_brand&post=501314"},{"taxonomy":"product_cat","embeddable":true,"href":"https:\/\/hovb.no\/index.php?rest_route=%2Fwp%2Fv2%2Fproduct_cat&post=501314"},{"taxonomy":"product_tag","embeddable":true,"href":"https:\/\/hovb.no\/index.php?rest_route=%2Fwp%2Fv2%2Fproduct_tag&post=501314"}],"curies":[{"name":"wp","href":"https:\/\/api.w.org\/{rel}","templated":true}]}}