{"id":501260,"date":"2023-11-05T19:43:37","date_gmt":"2023-11-05T18:43:37","guid":{"rendered":"https:\/\/hovb.no\/?post_type=product&#038;p=501260"},"modified":"2026-03-11T22:26:44","modified_gmt":"2026-03-11T21:26:44","slug":"leppepomade-one-only-lip-balm-7-ml","status":"publish","type":"product","link":"https:\/\/hovb.no\/?product=leppepomade-one-only-lip-balm-7-ml","title":{"rendered":"Leppepomade &#8211; One &#038; Only Lip Balm &#8211; 7 ml"},"content":{"rendered":"<h2><strong>Leppepomade som gir myke og sunne lepper ved \u00e5 tilf\u00f8re dyp fuktighet til leppene og holde fuktigheten inne<\/strong><\/h2>\n<p>Dette er\u00a0er den eneste leppepomaden du noen gang vil trenge &#8211; &#8216;The one and only!&#8217; V\u00e5r 100% naturlige leppepomade har en\u00a0deilig vaniljeduft og en sm\u00f8rmyk konsistens og vil s\u00f8rge for at leppene dine f\u00f8les myke og\u00a0sunne gjennom\u00a0hele dagen.<\/p>\n<p>One &amp; Only Lip Balm kommer p\u00e5 en 7 ml stor beholder, noe som gj\u00f8r den dr\u00f8y i bruk og kan vare i flere m\u00e5neder. Leppepomadetuben er oval formet og derfor veldig behagelig \u00e5 p\u00e5f\u00f8re og bruke.<\/p>\n<p>Balmen er 100 % naturlig og s\u00e5 ren at du faktisk kan spise den! Den er formulert med sheasm\u00f8r, vaniljefr\u00f8 trukket ut i hampfr\u00f8olje, vitamin E-rik hvetekimolje fra Danmark og et tindvedekstrakt laget av ville tindvedb\u00e6r plukket i Nord-Norge.<\/p>\n<p>\u25cb Dypt fuktighetsgivende; l\u00e5ser inn fuktighet og holder leppene sunne, myke og smidige<\/p>\n<p>\u25cb Styrker hudbarrieren og forhindrer at leppene t\u00f8rker ut<\/p>\n<p>\u25cb Perfekt for t\u00f8rre, sprukne og sensitive lepper<\/p>\n<p>\u25cb Passer for alle hudtyper og aldre<\/p>\n<p>&nbsp;<\/p>\n","protected":false},"excerpt":{"rendered":"<p>Leppepomade som gir myke og sunne lepper ved \u00e5 tilf\u00f8re dyp fuktighet til leppene og holde fuktigheten inne Dette er\u00a0er den eneste leppepomaden du noen gang vil trenge &#8211; &#8216;The one and only!&#8217; V\u00e5r 100% naturlige leppepomade har en\u00a0deilig vaniljeduft og en sm\u00f8rmyk konsistens og vil s\u00f8rge for at leppene dine f\u00f8les myke og\u00a0sunne gjennom\u00a0hele [&hellip;]<\/p>\n","protected":false},"featured_media":501261,"template":"","meta":{"_et_pb_use_builder":"","_et_pb_old_content":"","_et_gb_content_width":""},"product_brand":[100065],"product_cat":[18,19],"product_tag":[100056,100042,100038,100036,100054,100055,100047,100058,100057,100037,100041],"class_list":{"0":"post-501260","1":"product","2":"type-product","3":"status-publish","4":"has-post-thumbnail","6":"product_brand-marina-miracle","7":"product_cat-kroppspleie","8":"product_cat-massasjeutstyr","9":"product_tag-ansiktskrem","10":"product_tag-baerekraftig","11":"product_tag-egenkjaerlihet","12":"product_tag-guide","13":"product_tag-hudpleie","14":"product_tag-hudpleiesett","15":"product_tag-komfort","16":"product_tag-marina-miracle","17":"product_tag-naturlig","18":"product_tag-overskudd","19":"product_tag-okologisk","21":"first","22":"instock","23":"taxable","24":"shipping-taxable","25":"purchasable","26":"product-type-simple"},"yoast_head":"<!-- This site is optimized with the Yoast SEO plugin v27.4 - https:\/\/yoast.com\/product\/yoast-seo-wordpress\/ -->\n<title>Leppepomade - One &amp; Only Lip Balm - 7 ml - HOVB<\/title>\n<meta name=\"description\" content=\"Leppepomade som gir myke og sunne lepper ved \u00e5 tilf\u00f8re dyp fuktighet til leppene og holde fuktigheten inne\" \/>\n<meta name=\"robots\" content=\"index, follow, max-snippet:-1, max-image-preview:large, max-video-preview:-1\" \/>\n<link rel=\"canonical\" href=\"https:\/\/hovb.no\/?product=leppepomade-one-only-lip-balm-7-ml\" \/>\n<meta property=\"og:locale\" content=\"nb_NO\" \/>\n<meta property=\"og:type\" content=\"article\" \/>\n<meta property=\"og:title\" content=\"Leppepomade - One &amp; Only Lip Balm - 7 ml - HOVB\" \/>\n<meta property=\"og:description\" content=\"Leppepomade som gir myke og sunne lepper ved \u00e5 tilf\u00f8re dyp fuktighet til leppene og holde fuktigheten inne\" \/>\n<meta property=\"og:url\" content=\"https:\/\/hovb.no\/?product=leppepomade-one-only-lip-balm-7-ml\" \/>\n<meta property=\"og:site_name\" content=\"HOVB\" \/>\n<meta property=\"article:modified_time\" content=\"2026-03-11T21:26:44+00:00\" \/>\n<meta property=\"og:image\" content=\"https:\/\/hovb.no\/wp-content\/uploads\/2023\/11\/Lipbalm_tube-and-box-web_800x.webp\" \/>\n\t<meta property=\"og:image:width\" content=\"800\" \/>\n\t<meta property=\"og:image:height\" content=\"800\" \/>\n\t<meta property=\"og:image:type\" content=\"image\/webp\" \/>\n<meta name=\"twitter:card\" content=\"summary_large_image\" \/>\n<meta name=\"twitter:label1\" content=\"Ansl. lesetid\" \/>\n\t<meta name=\"twitter:data1\" content=\"2 minutter\" \/>\n<script type=\"application\/ld+json\" class=\"yoast-schema-graph\">{\"@context\":\"https:\\\/\\\/schema.org\",\"@graph\":[{\"@type\":\"WebPage\",\"@id\":\"https:\\\/\\\/hovb.no\\\/?product=leppepomade-one-only-lip-balm-7-ml\",\"url\":\"https:\\\/\\\/hovb.no\\\/?product=leppepomade-one-only-lip-balm-7-ml\",\"name\":\"Leppepomade - One & Only Lip Balm - 7 ml - HOVB\",\"isPartOf\":{\"@id\":\"https:\\\/\\\/hovb.no\\\/#website\"},\"primaryImageOfPage\":{\"@id\":\"https:\\\/\\\/hovb.no\\\/?product=leppepomade-one-only-lip-balm-7-ml#primaryimage\"},\"image\":{\"@id\":\"https:\\\/\\\/hovb.no\\\/?product=leppepomade-one-only-lip-balm-7-ml#primaryimage\"},\"thumbnailUrl\":\"https:\\\/\\\/hovb.no\\\/wp-content\\\/uploads\\\/2023\\\/11\\\/Lipbalm_tube-and-box-web_800x.webp\",\"datePublished\":\"2023-11-05T18:43:37+00:00\",\"dateModified\":\"2026-03-11T21:26:44+00:00\",\"description\":\"Leppepomade som gir myke og sunne lepper ved \u00e5 tilf\u00f8re dyp fuktighet til leppene og holde fuktigheten inne\",\"breadcrumb\":{\"@id\":\"https:\\\/\\\/hovb.no\\\/?product=leppepomade-one-only-lip-balm-7-ml#breadcrumb\"},\"inLanguage\":\"nb-NO\",\"potentialAction\":[{\"@type\":\"ReadAction\",\"target\":[\"https:\\\/\\\/hovb.no\\\/?product=leppepomade-one-only-lip-balm-7-ml\"]}]},{\"@type\":\"ImageObject\",\"inLanguage\":\"nb-NO\",\"@id\":\"https:\\\/\\\/hovb.no\\\/?product=leppepomade-one-only-lip-balm-7-ml#primaryimage\",\"url\":\"https:\\\/\\\/hovb.no\\\/wp-content\\\/uploads\\\/2023\\\/11\\\/Lipbalm_tube-and-box-web_800x.webp\",\"contentUrl\":\"https:\\\/\\\/hovb.no\\\/wp-content\\\/uploads\\\/2023\\\/11\\\/Lipbalm_tube-and-box-web_800x.webp\",\"width\":800,\"height\":800},{\"@type\":\"BreadcrumbList\",\"@id\":\"https:\\\/\\\/hovb.no\\\/?product=leppepomade-one-only-lip-balm-7-ml#breadcrumb\",\"itemListElement\":[{\"@type\":\"ListItem\",\"position\":1,\"name\":\"Home\",\"item\":\"https:\\\/\\\/hovb.no\\\/\"},{\"@type\":\"ListItem\",\"position\":2,\"name\":\"Shop\",\"item\":\"https:\\\/\\\/hovb.no\\\/?page_id=7\"},{\"@type\":\"ListItem\",\"position\":3,\"name\":\"Leppepomade &#8211; One &#038; Only Lip Balm &#8211; 7 ml\"}]},{\"@type\":\"WebSite\",\"@id\":\"https:\\\/\\\/hovb.no\\\/#website\",\"url\":\"https:\\\/\\\/hovb.no\\\/\",\"name\":\"HOVB\",\"description\":\"Helse og Velv\u00e6re Butikken\",\"potentialAction\":[{\"@type\":\"SearchAction\",\"target\":{\"@type\":\"EntryPoint\",\"urlTemplate\":\"https:\\\/\\\/hovb.no\\\/?s={search_term_string}\"},\"query-input\":{\"@type\":\"PropertyValueSpecification\",\"valueRequired\":true,\"valueName\":\"search_term_string\"}}],\"inLanguage\":\"nb-NO\"}]}<\/script>\n<!-- \/ Yoast SEO plugin. -->","yoast_head_json":{"title":"Leppepomade - One & Only Lip Balm - 7 ml - HOVB","description":"Leppepomade som gir myke og sunne lepper ved \u00e5 tilf\u00f8re dyp fuktighet til leppene og holde fuktigheten inne","robots":{"index":"index","follow":"follow","max-snippet":"max-snippet:-1","max-image-preview":"max-image-preview:large","max-video-preview":"max-video-preview:-1"},"canonical":"https:\/\/hovb.no\/?product=leppepomade-one-only-lip-balm-7-ml","og_locale":"nb_NO","og_type":"article","og_title":"Leppepomade - One & Only Lip Balm - 7 ml - HOVB","og_description":"Leppepomade som gir myke og sunne lepper ved \u00e5 tilf\u00f8re dyp fuktighet til leppene og holde fuktigheten inne","og_url":"https:\/\/hovb.no\/?product=leppepomade-one-only-lip-balm-7-ml","og_site_name":"HOVB","article_modified_time":"2026-03-11T21:26:44+00:00","og_image":[{"width":800,"height":800,"url":"https:\/\/hovb.no\/wp-content\/uploads\/2023\/11\/Lipbalm_tube-and-box-web_800x.webp","type":"image\/webp"}],"twitter_card":"summary_large_image","twitter_misc":{"Ansl. lesetid":"2 minutter"},"schema":{"@context":"https:\/\/schema.org","@graph":[{"@type":"WebPage","@id":"https:\/\/hovb.no\/?product=leppepomade-one-only-lip-balm-7-ml","url":"https:\/\/hovb.no\/?product=leppepomade-one-only-lip-balm-7-ml","name":"Leppepomade - One & Only Lip Balm - 7 ml - HOVB","isPartOf":{"@id":"https:\/\/hovb.no\/#website"},"primaryImageOfPage":{"@id":"https:\/\/hovb.no\/?product=leppepomade-one-only-lip-balm-7-ml#primaryimage"},"image":{"@id":"https:\/\/hovb.no\/?product=leppepomade-one-only-lip-balm-7-ml#primaryimage"},"thumbnailUrl":"https:\/\/hovb.no\/wp-content\/uploads\/2023\/11\/Lipbalm_tube-and-box-web_800x.webp","datePublished":"2023-11-05T18:43:37+00:00","dateModified":"2026-03-11T21:26:44+00:00","description":"Leppepomade som gir myke og sunne lepper ved \u00e5 tilf\u00f8re dyp fuktighet til leppene og holde fuktigheten inne","breadcrumb":{"@id":"https:\/\/hovb.no\/?product=leppepomade-one-only-lip-balm-7-ml#breadcrumb"},"inLanguage":"nb-NO","potentialAction":[{"@type":"ReadAction","target":["https:\/\/hovb.no\/?product=leppepomade-one-only-lip-balm-7-ml"]}]},{"@type":"ImageObject","inLanguage":"nb-NO","@id":"https:\/\/hovb.no\/?product=leppepomade-one-only-lip-balm-7-ml#primaryimage","url":"https:\/\/hovb.no\/wp-content\/uploads\/2023\/11\/Lipbalm_tube-and-box-web_800x.webp","contentUrl":"https:\/\/hovb.no\/wp-content\/uploads\/2023\/11\/Lipbalm_tube-and-box-web_800x.webp","width":800,"height":800},{"@type":"BreadcrumbList","@id":"https:\/\/hovb.no\/?product=leppepomade-one-only-lip-balm-7-ml#breadcrumb","itemListElement":[{"@type":"ListItem","position":1,"name":"Home","item":"https:\/\/hovb.no\/"},{"@type":"ListItem","position":2,"name":"Shop","item":"https:\/\/hovb.no\/?page_id=7"},{"@type":"ListItem","position":3,"name":"Leppepomade &#8211; One &#038; Only Lip Balm &#8211; 7 ml"}]},{"@type":"WebSite","@id":"https:\/\/hovb.no\/#website","url":"https:\/\/hovb.no\/","name":"HOVB","description":"Helse og Velv\u00e6re Butikken","potentialAction":[{"@type":"SearchAction","target":{"@type":"EntryPoint","urlTemplate":"https:\/\/hovb.no\/?s={search_term_string}"},"query-input":{"@type":"PropertyValueSpecification","valueRequired":true,"valueName":"search_term_string"}}],"inLanguage":"nb-NO"}]}},"jetpack_sharing_enabled":true,"_links":{"self":[{"href":"https:\/\/hovb.no\/index.php?rest_route=\/wp\/v2\/product\/501260","targetHints":{"allow":["GET"]}}],"collection":[{"href":"https:\/\/hovb.no\/index.php?rest_route=\/wp\/v2\/product"}],"about":[{"href":"https:\/\/hovb.no\/index.php?rest_route=\/wp\/v2\/types\/product"}],"wp:featuredmedia":[{"embeddable":true,"href":"https:\/\/hovb.no\/index.php?rest_route=\/wp\/v2\/media\/501261"}],"wp:attachment":[{"href":"https:\/\/hovb.no\/index.php?rest_route=%2Fwp%2Fv2%2Fmedia&parent=501260"}],"wp:term":[{"taxonomy":"product_brand","embeddable":true,"href":"https:\/\/hovb.no\/index.php?rest_route=%2Fwp%2Fv2%2Fproduct_brand&post=501260"},{"taxonomy":"product_cat","embeddable":true,"href":"https:\/\/hovb.no\/index.php?rest_route=%2Fwp%2Fv2%2Fproduct_cat&post=501260"},{"taxonomy":"product_tag","embeddable":true,"href":"https:\/\/hovb.no\/index.php?rest_route=%2Fwp%2Fv2%2Fproduct_tag&post=501260"}],"curies":[{"name":"wp","href":"https:\/\/api.w.org\/{rel}","templated":true}]}}