{"id":501255,"date":"2023-11-05T19:39:47","date_gmt":"2023-11-05T18:39:47","guid":{"rendered":"https:\/\/hovb.no\/?post_type=product&#038;p=501255"},"modified":"2026-03-11T22:26:23","modified_gmt":"2026-03-11T21:26:23","slug":"vippeserum-eyelash-brow-serum-10-ml","status":"publish","type":"product","link":"https:\/\/hovb.no\/?product=vippeserum-eyelash-brow-serum-10-ml","title":{"rendered":"Vippeserum &#8211; Eyelash &#038; Brow Serum &#8211; 10 ml"},"content":{"rendered":"<h3>NATURLIG REPARERENDE VIPPE OG BRYNSERUM<\/h3>\n<p>Passer for tynne \/ korte \/ slitte \u00f8yevipper og \u00f8yenbryn<\/p>\n<p>Eyelash &amp; Brow Serum er et helt naturlig vippe og \u00f8yenbrynsserum med en lys, hvit\/gjennomsiktig farge og en mild duft av lavendel. Ren olje fra argan, mandel og castor pleier vipper og bryn og virker som en h\u00e5rkur \/ balsam som gir en boost med fukt og n\u00e6ring. En unik cocktail av vitaminer sammen med plantevoks fra oliven og solsikke forsegler hvert enkelt h\u00e5rstr\u00e5 med fuktighet og holder det mykt og smidig. Vipper og bryn vokser seg sunnere, sterkere og fyldigere.<\/p>\n<p>\u25cb Stimulerer h\u00e5rvekst<\/p>\n<p>\u25cb Gj\u00f8r \u00f8yevippene fyldigere og lengre p\u00e5 en naturlig m\u00e5te.<\/p>\n<p>\u25cb Inneholder en fantastisk cocktail av vitaminer: Vitamin A, E, C, D, K, B1, B2, Provitamin B5, B6 B12, folsyre og niacin som vil styrke bryn og vipper.<\/p>\n","protected":false},"excerpt":{"rendered":"<p>NATURLIG REPARERENDE VIPPE OG BRYNSERUM Passer for tynne \/ korte \/ slitte \u00f8yevipper og \u00f8yenbryn Eyelash &amp; Brow Serum er et helt naturlig vippe og \u00f8yenbrynsserum med en lys, hvit\/gjennomsiktig farge og en mild duft av lavendel. Ren olje fra argan, mandel og castor pleier vipper og bryn og virker som en h\u00e5rkur \/ balsam [&hellip;]<\/p>\n","protected":false},"featured_media":501256,"template":"","meta":{"_et_pb_use_builder":"","_et_pb_old_content":"","_et_gb_content_width":""},"product_brand":[100065],"product_cat":[18,19],"product_tag":[100056,100042,100038,100036,100054,100055,100047,100058,100057,100037,100041],"class_list":{"0":"post-501255","1":"product","2":"type-product","3":"status-publish","4":"has-post-thumbnail","6":"product_brand-marina-miracle","7":"product_cat-kroppspleie","8":"product_cat-massasjeutstyr","9":"product_tag-ansiktskrem","10":"product_tag-baerekraftig","11":"product_tag-egenkjaerlihet","12":"product_tag-guide","13":"product_tag-hudpleie","14":"product_tag-hudpleiesett","15":"product_tag-komfort","16":"product_tag-marina-miracle","17":"product_tag-naturlig","18":"product_tag-overskudd","19":"product_tag-okologisk","21":"first","22":"instock","23":"taxable","24":"shipping-taxable","25":"purchasable","26":"product-type-simple"},"yoast_head":"<!-- This site is optimized with the Yoast SEO plugin v27.4 - https:\/\/yoast.com\/product\/yoast-seo-wordpress\/ -->\n<title>Vippeserum - Eyelash &amp; Brow Serum - 10 ml - HOVB<\/title>\n<meta name=\"description\" content=\"NATURLIG REPARERENDE VIPPE OG BRYNSERUM\" \/>\n<meta name=\"robots\" content=\"index, follow, max-snippet:-1, max-image-preview:large, max-video-preview:-1\" \/>\n<link rel=\"canonical\" href=\"https:\/\/hovb.no\/?product=vippeserum-eyelash-brow-serum-10-ml\" \/>\n<meta property=\"og:locale\" content=\"nb_NO\" \/>\n<meta property=\"og:type\" content=\"article\" \/>\n<meta property=\"og:title\" content=\"Vippeserum - Eyelash &amp; Brow Serum - 10 ml - HOVB\" \/>\n<meta property=\"og:description\" content=\"NATURLIG REPARERENDE VIPPE OG BRYNSERUM\" \/>\n<meta property=\"og:url\" content=\"https:\/\/hovb.no\/?product=vippeserum-eyelash-brow-serum-10-ml\" \/>\n<meta property=\"og:site_name\" content=\"HOVB\" \/>\n<meta property=\"article:modified_time\" content=\"2026-03-11T21:26:23+00:00\" \/>\n<meta property=\"og:image\" content=\"https:\/\/hovb.no\/wp-content\/uploads\/2023\/11\/Eyelash-tube-and-box-web-normal_800x.webp\" \/>\n\t<meta property=\"og:image:width\" content=\"800\" \/>\n\t<meta property=\"og:image:height\" content=\"800\" \/>\n\t<meta property=\"og:image:type\" content=\"image\/webp\" \/>\n<meta name=\"twitter:card\" content=\"summary_large_image\" \/>\n<meta name=\"twitter:label1\" content=\"Ansl. lesetid\" \/>\n\t<meta name=\"twitter:data1\" content=\"1 minutt\" \/>\n<script type=\"application\/ld+json\" class=\"yoast-schema-graph\">{\"@context\":\"https:\\\/\\\/schema.org\",\"@graph\":[{\"@type\":\"WebPage\",\"@id\":\"https:\\\/\\\/hovb.no\\\/?product=vippeserum-eyelash-brow-serum-10-ml\",\"url\":\"https:\\\/\\\/hovb.no\\\/?product=vippeserum-eyelash-brow-serum-10-ml\",\"name\":\"Vippeserum - Eyelash & Brow Serum - 10 ml - HOVB\",\"isPartOf\":{\"@id\":\"https:\\\/\\\/hovb.no\\\/#website\"},\"primaryImageOfPage\":{\"@id\":\"https:\\\/\\\/hovb.no\\\/?product=vippeserum-eyelash-brow-serum-10-ml#primaryimage\"},\"image\":{\"@id\":\"https:\\\/\\\/hovb.no\\\/?product=vippeserum-eyelash-brow-serum-10-ml#primaryimage\"},\"thumbnailUrl\":\"https:\\\/\\\/hovb.no\\\/wp-content\\\/uploads\\\/2023\\\/11\\\/Eyelash-tube-and-box-web-normal_800x.webp\",\"datePublished\":\"2023-11-05T18:39:47+00:00\",\"dateModified\":\"2026-03-11T21:26:23+00:00\",\"description\":\"NATURLIG REPARERENDE VIPPE OG BRYNSERUM\",\"breadcrumb\":{\"@id\":\"https:\\\/\\\/hovb.no\\\/?product=vippeserum-eyelash-brow-serum-10-ml#breadcrumb\"},\"inLanguage\":\"nb-NO\",\"potentialAction\":[{\"@type\":\"ReadAction\",\"target\":[\"https:\\\/\\\/hovb.no\\\/?product=vippeserum-eyelash-brow-serum-10-ml\"]}]},{\"@type\":\"ImageObject\",\"inLanguage\":\"nb-NO\",\"@id\":\"https:\\\/\\\/hovb.no\\\/?product=vippeserum-eyelash-brow-serum-10-ml#primaryimage\",\"url\":\"https:\\\/\\\/hovb.no\\\/wp-content\\\/uploads\\\/2023\\\/11\\\/Eyelash-tube-and-box-web-normal_800x.webp\",\"contentUrl\":\"https:\\\/\\\/hovb.no\\\/wp-content\\\/uploads\\\/2023\\\/11\\\/Eyelash-tube-and-box-web-normal_800x.webp\",\"width\":800,\"height\":800},{\"@type\":\"BreadcrumbList\",\"@id\":\"https:\\\/\\\/hovb.no\\\/?product=vippeserum-eyelash-brow-serum-10-ml#breadcrumb\",\"itemListElement\":[{\"@type\":\"ListItem\",\"position\":1,\"name\":\"Home\",\"item\":\"https:\\\/\\\/hovb.no\\\/\"},{\"@type\":\"ListItem\",\"position\":2,\"name\":\"Shop\",\"item\":\"https:\\\/\\\/hovb.no\\\/?page_id=7\"},{\"@type\":\"ListItem\",\"position\":3,\"name\":\"Vippeserum &#8211; Eyelash &#038; Brow Serum &#8211; 10 ml\"}]},{\"@type\":\"WebSite\",\"@id\":\"https:\\\/\\\/hovb.no\\\/#website\",\"url\":\"https:\\\/\\\/hovb.no\\\/\",\"name\":\"HOVB\",\"description\":\"Helse og Velv\u00e6re Butikken\",\"potentialAction\":[{\"@type\":\"SearchAction\",\"target\":{\"@type\":\"EntryPoint\",\"urlTemplate\":\"https:\\\/\\\/hovb.no\\\/?s={search_term_string}\"},\"query-input\":{\"@type\":\"PropertyValueSpecification\",\"valueRequired\":true,\"valueName\":\"search_term_string\"}}],\"inLanguage\":\"nb-NO\"}]}<\/script>\n<!-- \/ Yoast SEO plugin. -->","yoast_head_json":{"title":"Vippeserum - Eyelash & Brow Serum - 10 ml - HOVB","description":"NATURLIG REPARERENDE VIPPE OG BRYNSERUM","robots":{"index":"index","follow":"follow","max-snippet":"max-snippet:-1","max-image-preview":"max-image-preview:large","max-video-preview":"max-video-preview:-1"},"canonical":"https:\/\/hovb.no\/?product=vippeserum-eyelash-brow-serum-10-ml","og_locale":"nb_NO","og_type":"article","og_title":"Vippeserum - Eyelash & Brow Serum - 10 ml - HOVB","og_description":"NATURLIG REPARERENDE VIPPE OG BRYNSERUM","og_url":"https:\/\/hovb.no\/?product=vippeserum-eyelash-brow-serum-10-ml","og_site_name":"HOVB","article_modified_time":"2026-03-11T21:26:23+00:00","og_image":[{"width":800,"height":800,"url":"https:\/\/hovb.no\/wp-content\/uploads\/2023\/11\/Eyelash-tube-and-box-web-normal_800x.webp","type":"image\/webp"}],"twitter_card":"summary_large_image","twitter_misc":{"Ansl. lesetid":"1 minutt"},"schema":{"@context":"https:\/\/schema.org","@graph":[{"@type":"WebPage","@id":"https:\/\/hovb.no\/?product=vippeserum-eyelash-brow-serum-10-ml","url":"https:\/\/hovb.no\/?product=vippeserum-eyelash-brow-serum-10-ml","name":"Vippeserum - Eyelash & Brow Serum - 10 ml - HOVB","isPartOf":{"@id":"https:\/\/hovb.no\/#website"},"primaryImageOfPage":{"@id":"https:\/\/hovb.no\/?product=vippeserum-eyelash-brow-serum-10-ml#primaryimage"},"image":{"@id":"https:\/\/hovb.no\/?product=vippeserum-eyelash-brow-serum-10-ml#primaryimage"},"thumbnailUrl":"https:\/\/hovb.no\/wp-content\/uploads\/2023\/11\/Eyelash-tube-and-box-web-normal_800x.webp","datePublished":"2023-11-05T18:39:47+00:00","dateModified":"2026-03-11T21:26:23+00:00","description":"NATURLIG REPARERENDE VIPPE OG BRYNSERUM","breadcrumb":{"@id":"https:\/\/hovb.no\/?product=vippeserum-eyelash-brow-serum-10-ml#breadcrumb"},"inLanguage":"nb-NO","potentialAction":[{"@type":"ReadAction","target":["https:\/\/hovb.no\/?product=vippeserum-eyelash-brow-serum-10-ml"]}]},{"@type":"ImageObject","inLanguage":"nb-NO","@id":"https:\/\/hovb.no\/?product=vippeserum-eyelash-brow-serum-10-ml#primaryimage","url":"https:\/\/hovb.no\/wp-content\/uploads\/2023\/11\/Eyelash-tube-and-box-web-normal_800x.webp","contentUrl":"https:\/\/hovb.no\/wp-content\/uploads\/2023\/11\/Eyelash-tube-and-box-web-normal_800x.webp","width":800,"height":800},{"@type":"BreadcrumbList","@id":"https:\/\/hovb.no\/?product=vippeserum-eyelash-brow-serum-10-ml#breadcrumb","itemListElement":[{"@type":"ListItem","position":1,"name":"Home","item":"https:\/\/hovb.no\/"},{"@type":"ListItem","position":2,"name":"Shop","item":"https:\/\/hovb.no\/?page_id=7"},{"@type":"ListItem","position":3,"name":"Vippeserum &#8211; Eyelash &#038; Brow Serum &#8211; 10 ml"}]},{"@type":"WebSite","@id":"https:\/\/hovb.no\/#website","url":"https:\/\/hovb.no\/","name":"HOVB","description":"Helse og Velv\u00e6re Butikken","potentialAction":[{"@type":"SearchAction","target":{"@type":"EntryPoint","urlTemplate":"https:\/\/hovb.no\/?s={search_term_string}"},"query-input":{"@type":"PropertyValueSpecification","valueRequired":true,"valueName":"search_term_string"}}],"inLanguage":"nb-NO"}]}},"jetpack_sharing_enabled":true,"_links":{"self":[{"href":"https:\/\/hovb.no\/index.php?rest_route=\/wp\/v2\/product\/501255","targetHints":{"allow":["GET"]}}],"collection":[{"href":"https:\/\/hovb.no\/index.php?rest_route=\/wp\/v2\/product"}],"about":[{"href":"https:\/\/hovb.no\/index.php?rest_route=\/wp\/v2\/types\/product"}],"wp:featuredmedia":[{"embeddable":true,"href":"https:\/\/hovb.no\/index.php?rest_route=\/wp\/v2\/media\/501256"}],"wp:attachment":[{"href":"https:\/\/hovb.no\/index.php?rest_route=%2Fwp%2Fv2%2Fmedia&parent=501255"}],"wp:term":[{"taxonomy":"product_brand","embeddable":true,"href":"https:\/\/hovb.no\/index.php?rest_route=%2Fwp%2Fv2%2Fproduct_brand&post=501255"},{"taxonomy":"product_cat","embeddable":true,"href":"https:\/\/hovb.no\/index.php?rest_route=%2Fwp%2Fv2%2Fproduct_cat&post=501255"},{"taxonomy":"product_tag","embeddable":true,"href":"https:\/\/hovb.no\/index.php?rest_route=%2Fwp%2Fv2%2Fproduct_tag&post=501255"}],"curies":[{"name":"wp","href":"https:\/\/api.w.org\/{rel}","templated":true}]}}