{"id":501251,"date":"2023-11-05T19:35:12","date_gmt":"2023-11-05T18:35:12","guid":{"rendered":"https:\/\/hovb.no\/?post_type=product&#038;p=501251"},"modified":"2026-03-11T22:25:51","modified_gmt":"2026-03-11T21:25:51","slug":"negleolje-essential-nail-elixir-15-ml","status":"publish","type":"product","link":"https:\/\/hovb.no\/?product=negleolje-essential-nail-elixir-15-ml","title":{"rendered":"Negleolje &#8211; Essential Nail Elixir &#8211; 15 ml"},"content":{"rendered":"<h2>Negleolje som pleier og styrker negleb\u00e5nd og negler<\/h2>\n<p>En styrkende negleolje. Negleoljen har en lett konsistens med en ren og oppkvikkende sitrusduft som trekker raskt inn i b\u00e5de negleb\u00e5nd og neglen.<\/p>\n<p>Negleoljen er formulert med olje fra druekjerner, tindved og aprikos samt aktive ekstrakter fra gr\u00f8nn-te, rosmarin og traneb\u00e6r som pleier t\u00f8rre negleb\u00e5nd, irritert hud og forbedrer sprukne og tynne negler.<\/p>\n<p>Negleoljen kommer i en pen, sort glassflaske og har trykkdropper med en tynn pipette som legger igjen en perfekt liten dr\u00e5pe til hver negl.\u00a0Bruk negleoljen hver dag og f\u00e5 sterkere og sunnere negler!<\/p>\n<p>\u25cb Hjelper mot s\u00e5re og t\u00f8rre negleb\u00e5nd<\/p>\n<p>\u25cb\u00a0Styrker og glatter ut neglen<\/p>\n<p>\u25cb Ogs\u00e5 perfekt som dypt\u00a0mykgj\u00f8rende h\u00e5ndolje som trekker raskt inn<\/p>\n","protected":false},"excerpt":{"rendered":"<p>Negleolje som pleier og styrker negleb\u00e5nd og negler En styrkende negleolje. Negleoljen har en lett konsistens med en ren og oppkvikkende sitrusduft som trekker raskt inn i b\u00e5de negleb\u00e5nd og neglen. Negleoljen er formulert med olje fra druekjerner, tindved og aprikos samt aktive ekstrakter fra gr\u00f8nn-te, rosmarin og traneb\u00e6r som pleier t\u00f8rre negleb\u00e5nd, irritert hud [&hellip;]<\/p>\n","protected":false},"featured_media":501252,"template":"","meta":{"_et_pb_use_builder":"","_et_pb_old_content":"","_et_gb_content_width":""},"product_brand":[100065],"product_cat":[18,19],"product_tag":[100042,100038,100036,100054,100055,100047,100058,100057,100060,100059,100041,100061],"class_list":{"0":"post-501251","1":"product","2":"type-product","3":"status-publish","4":"has-post-thumbnail","6":"product_brand-marina-miracle","7":"product_cat-kroppspleie","8":"product_cat-massasjeutstyr","9":"product_tag-baerekraftig","10":"product_tag-egenkjaerlihet","11":"product_tag-guide","12":"product_tag-hudpleie","13":"product_tag-hudpleiesett","14":"product_tag-komfort","15":"product_tag-marina-miracle","16":"product_tag-naturlig","17":"product_tag-negleolje","18":"product_tag-negler","19":"product_tag-okologisk","20":"product_tag-styrke","22":"first","23":"instock","24":"taxable","25":"shipping-taxable","26":"purchasable","27":"product-type-simple"},"yoast_head":"<!-- This site is optimized with the Yoast SEO plugin v27.4 - https:\/\/yoast.com\/product\/yoast-seo-wordpress\/ -->\n<title>Negleolje - Essential Nail Elixir - 15 ml - HOVB<\/title>\n<meta name=\"description\" content=\"Negleolje som pleier og styrker negleb\u00e5nd og negler\" \/>\n<meta name=\"robots\" content=\"index, follow, max-snippet:-1, max-image-preview:large, max-video-preview:-1\" \/>\n<link rel=\"canonical\" href=\"https:\/\/hovb.no\/?product=negleolje-essential-nail-elixir-15-ml\" \/>\n<meta property=\"og:locale\" content=\"nb_NO\" \/>\n<meta property=\"og:type\" content=\"article\" \/>\n<meta property=\"og:title\" content=\"Negleolje - Essential Nail Elixir - 15 ml - HOVB\" \/>\n<meta property=\"og:description\" content=\"Negleolje som pleier og styrker negleb\u00e5nd og negler\" \/>\n<meta property=\"og:url\" content=\"https:\/\/hovb.no\/?product=negleolje-essential-nail-elixir-15-ml\" \/>\n<meta property=\"og:site_name\" content=\"HOVB\" \/>\n<meta property=\"article:modified_time\" content=\"2026-03-11T21:25:51+00:00\" \/>\n<meta property=\"og:image\" content=\"https:\/\/hovb.no\/wp-content\/uploads\/2023\/11\/Nail-Oil-bottle-with-box-LOWRES_800x.webp\" \/>\n\t<meta property=\"og:image:width\" content=\"800\" \/>\n\t<meta property=\"og:image:height\" content=\"800\" \/>\n\t<meta property=\"og:image:type\" content=\"image\/webp\" \/>\n<meta name=\"twitter:card\" content=\"summary_large_image\" \/>\n<meta name=\"twitter:label1\" content=\"Ansl. lesetid\" \/>\n\t<meta name=\"twitter:data1\" content=\"1 minutt\" \/>\n<script type=\"application\/ld+json\" class=\"yoast-schema-graph\">{\"@context\":\"https:\\\/\\\/schema.org\",\"@graph\":[{\"@type\":\"WebPage\",\"@id\":\"https:\\\/\\\/hovb.no\\\/?product=negleolje-essential-nail-elixir-15-ml\",\"url\":\"https:\\\/\\\/hovb.no\\\/?product=negleolje-essential-nail-elixir-15-ml\",\"name\":\"Negleolje - Essential Nail Elixir - 15 ml - HOVB\",\"isPartOf\":{\"@id\":\"https:\\\/\\\/hovb.no\\\/#website\"},\"primaryImageOfPage\":{\"@id\":\"https:\\\/\\\/hovb.no\\\/?product=negleolje-essential-nail-elixir-15-ml#primaryimage\"},\"image\":{\"@id\":\"https:\\\/\\\/hovb.no\\\/?product=negleolje-essential-nail-elixir-15-ml#primaryimage\"},\"thumbnailUrl\":\"https:\\\/\\\/hovb.no\\\/wp-content\\\/uploads\\\/2023\\\/11\\\/Nail-Oil-bottle-with-box-LOWRES_800x.webp\",\"datePublished\":\"2023-11-05T18:35:12+00:00\",\"dateModified\":\"2026-03-11T21:25:51+00:00\",\"description\":\"Negleolje som pleier og styrker negleb\u00e5nd og negler\",\"breadcrumb\":{\"@id\":\"https:\\\/\\\/hovb.no\\\/?product=negleolje-essential-nail-elixir-15-ml#breadcrumb\"},\"inLanguage\":\"nb-NO\",\"potentialAction\":[{\"@type\":\"ReadAction\",\"target\":[\"https:\\\/\\\/hovb.no\\\/?product=negleolje-essential-nail-elixir-15-ml\"]}]},{\"@type\":\"ImageObject\",\"inLanguage\":\"nb-NO\",\"@id\":\"https:\\\/\\\/hovb.no\\\/?product=negleolje-essential-nail-elixir-15-ml#primaryimage\",\"url\":\"https:\\\/\\\/hovb.no\\\/wp-content\\\/uploads\\\/2023\\\/11\\\/Nail-Oil-bottle-with-box-LOWRES_800x.webp\",\"contentUrl\":\"https:\\\/\\\/hovb.no\\\/wp-content\\\/uploads\\\/2023\\\/11\\\/Nail-Oil-bottle-with-box-LOWRES_800x.webp\",\"width\":800,\"height\":800},{\"@type\":\"BreadcrumbList\",\"@id\":\"https:\\\/\\\/hovb.no\\\/?product=negleolje-essential-nail-elixir-15-ml#breadcrumb\",\"itemListElement\":[{\"@type\":\"ListItem\",\"position\":1,\"name\":\"Home\",\"item\":\"https:\\\/\\\/hovb.no\\\/\"},{\"@type\":\"ListItem\",\"position\":2,\"name\":\"Shop\",\"item\":\"https:\\\/\\\/hovb.no\\\/?page_id=7\"},{\"@type\":\"ListItem\",\"position\":3,\"name\":\"Negleolje &#8211; Essential Nail Elixir &#8211; 15 ml\"}]},{\"@type\":\"WebSite\",\"@id\":\"https:\\\/\\\/hovb.no\\\/#website\",\"url\":\"https:\\\/\\\/hovb.no\\\/\",\"name\":\"HOVB\",\"description\":\"Helse og Velv\u00e6re Butikken\",\"potentialAction\":[{\"@type\":\"SearchAction\",\"target\":{\"@type\":\"EntryPoint\",\"urlTemplate\":\"https:\\\/\\\/hovb.no\\\/?s={search_term_string}\"},\"query-input\":{\"@type\":\"PropertyValueSpecification\",\"valueRequired\":true,\"valueName\":\"search_term_string\"}}],\"inLanguage\":\"nb-NO\"}]}<\/script>\n<!-- \/ Yoast SEO plugin. -->","yoast_head_json":{"title":"Negleolje - Essential Nail Elixir - 15 ml - HOVB","description":"Negleolje som pleier og styrker negleb\u00e5nd og negler","robots":{"index":"index","follow":"follow","max-snippet":"max-snippet:-1","max-image-preview":"max-image-preview:large","max-video-preview":"max-video-preview:-1"},"canonical":"https:\/\/hovb.no\/?product=negleolje-essential-nail-elixir-15-ml","og_locale":"nb_NO","og_type":"article","og_title":"Negleolje - Essential Nail Elixir - 15 ml - HOVB","og_description":"Negleolje som pleier og styrker negleb\u00e5nd og negler","og_url":"https:\/\/hovb.no\/?product=negleolje-essential-nail-elixir-15-ml","og_site_name":"HOVB","article_modified_time":"2026-03-11T21:25:51+00:00","og_image":[{"width":800,"height":800,"url":"https:\/\/hovb.no\/wp-content\/uploads\/2023\/11\/Nail-Oil-bottle-with-box-LOWRES_800x.webp","type":"image\/webp"}],"twitter_card":"summary_large_image","twitter_misc":{"Ansl. lesetid":"1 minutt"},"schema":{"@context":"https:\/\/schema.org","@graph":[{"@type":"WebPage","@id":"https:\/\/hovb.no\/?product=negleolje-essential-nail-elixir-15-ml","url":"https:\/\/hovb.no\/?product=negleolje-essential-nail-elixir-15-ml","name":"Negleolje - Essential Nail Elixir - 15 ml - HOVB","isPartOf":{"@id":"https:\/\/hovb.no\/#website"},"primaryImageOfPage":{"@id":"https:\/\/hovb.no\/?product=negleolje-essential-nail-elixir-15-ml#primaryimage"},"image":{"@id":"https:\/\/hovb.no\/?product=negleolje-essential-nail-elixir-15-ml#primaryimage"},"thumbnailUrl":"https:\/\/hovb.no\/wp-content\/uploads\/2023\/11\/Nail-Oil-bottle-with-box-LOWRES_800x.webp","datePublished":"2023-11-05T18:35:12+00:00","dateModified":"2026-03-11T21:25:51+00:00","description":"Negleolje som pleier og styrker negleb\u00e5nd og negler","breadcrumb":{"@id":"https:\/\/hovb.no\/?product=negleolje-essential-nail-elixir-15-ml#breadcrumb"},"inLanguage":"nb-NO","potentialAction":[{"@type":"ReadAction","target":["https:\/\/hovb.no\/?product=negleolje-essential-nail-elixir-15-ml"]}]},{"@type":"ImageObject","inLanguage":"nb-NO","@id":"https:\/\/hovb.no\/?product=negleolje-essential-nail-elixir-15-ml#primaryimage","url":"https:\/\/hovb.no\/wp-content\/uploads\/2023\/11\/Nail-Oil-bottle-with-box-LOWRES_800x.webp","contentUrl":"https:\/\/hovb.no\/wp-content\/uploads\/2023\/11\/Nail-Oil-bottle-with-box-LOWRES_800x.webp","width":800,"height":800},{"@type":"BreadcrumbList","@id":"https:\/\/hovb.no\/?product=negleolje-essential-nail-elixir-15-ml#breadcrumb","itemListElement":[{"@type":"ListItem","position":1,"name":"Home","item":"https:\/\/hovb.no\/"},{"@type":"ListItem","position":2,"name":"Shop","item":"https:\/\/hovb.no\/?page_id=7"},{"@type":"ListItem","position":3,"name":"Negleolje &#8211; Essential Nail Elixir &#8211; 15 ml"}]},{"@type":"WebSite","@id":"https:\/\/hovb.no\/#website","url":"https:\/\/hovb.no\/","name":"HOVB","description":"Helse og Velv\u00e6re Butikken","potentialAction":[{"@type":"SearchAction","target":{"@type":"EntryPoint","urlTemplate":"https:\/\/hovb.no\/?s={search_term_string}"},"query-input":{"@type":"PropertyValueSpecification","valueRequired":true,"valueName":"search_term_string"}}],"inLanguage":"nb-NO"}]}},"jetpack_sharing_enabled":true,"_links":{"self":[{"href":"https:\/\/hovb.no\/index.php?rest_route=\/wp\/v2\/product\/501251","targetHints":{"allow":["GET"]}}],"collection":[{"href":"https:\/\/hovb.no\/index.php?rest_route=\/wp\/v2\/product"}],"about":[{"href":"https:\/\/hovb.no\/index.php?rest_route=\/wp\/v2\/types\/product"}],"wp:featuredmedia":[{"embeddable":true,"href":"https:\/\/hovb.no\/index.php?rest_route=\/wp\/v2\/media\/501252"}],"wp:attachment":[{"href":"https:\/\/hovb.no\/index.php?rest_route=%2Fwp%2Fv2%2Fmedia&parent=501251"}],"wp:term":[{"taxonomy":"product_brand","embeddable":true,"href":"https:\/\/hovb.no\/index.php?rest_route=%2Fwp%2Fv2%2Fproduct_brand&post=501251"},{"taxonomy":"product_cat","embeddable":true,"href":"https:\/\/hovb.no\/index.php?rest_route=%2Fwp%2Fv2%2Fproduct_cat&post=501251"},{"taxonomy":"product_tag","embeddable":true,"href":"https:\/\/hovb.no\/index.php?rest_route=%2Fwp%2Fv2%2Fproduct_tag&post=501251"}],"curies":[{"name":"wp","href":"https:\/\/api.w.org\/{rel}","templated":true}]}}