{"id":501231,"date":"2023-11-04T11:19:09","date_gmt":"2023-11-04T10:19:09","guid":{"rendered":"https:\/\/hovb.no\/?post_type=product&#038;p=501231"},"modified":"2026-03-11T22:24:38","modified_gmt":"2026-03-11T21:24:38","slug":"ansiktsolje-geranium-face-oil-30-ml","status":"publish","type":"product","link":"https:\/\/hovb.no\/?product=ansiktsolje-geranium-face-oil-30-ml","title":{"rendered":"Ansiktsolje &#8211; Geranium Face Oil &#8211; 30 ml"},"content":{"rendered":"<h3>Balanserende ansiktsolje<\/h3>\n<p>Geranium Face Oil\u00a0<em>(tidligere navn: Acne Fight Serum)<\/em>\u00a0er en ansiktsolje som trekker raskt inn og skaper balanse i huden. Den er lett og har en behagelig duft av rose og urter. De unike\u00a0urtene pleier huden slik at s\u00e5r leges raskere og synlighet av arr reduseres. (Denne ansiktsoljen kan brukes av b\u00e5de hudtyper med og uten kviser eller akne.) Rene oljer fra jojoba, mandel, rose, geranium og tetre fukter huden uten \u00e5 tette porene.\u00a0Overproduksjon av olje avtar, huden mattes ned og etterlates balansert, jevn og klar.<\/p>\n<p>\u25cb Tilf\u00f8rer huden god\u00a0fuktighet samtidig som den balanserer fet hud<\/p>\n<p>\u25cb Bekjemper uren hud<\/p>\n<p>\u25cb Gj\u00f8r huden jevn og klar<\/p>\n<h4>Hudtype: Fet \/ akne \/ kombinert<\/h4>\n","protected":false},"excerpt":{"rendered":"<p>Balanserende ansiktsolje Geranium Face Oil\u00a0(tidligere navn: Acne Fight Serum)\u00a0er en ansiktsolje som trekker raskt inn og skaper balanse i huden. Den er lett og har en behagelig duft av rose og urter. De unike\u00a0urtene pleier huden slik at s\u00e5r leges raskere og synlighet av arr reduseres. (Denne ansiktsoljen kan brukes av b\u00e5de hudtyper med og [&hellip;]<\/p>\n","protected":false},"featured_media":501232,"template":"","meta":{"_et_pb_use_builder":"","_et_pb_old_content":"","_et_gb_content_width":""},"product_brand":[100065],"product_cat":[18,19],"product_tag":[100056,100042,100038,100054,100055,100058,100057,100041],"class_list":{"0":"post-501231","1":"product","2":"type-product","3":"status-publish","4":"has-post-thumbnail","6":"product_brand-marina-miracle","7":"product_cat-kroppspleie","8":"product_cat-massasjeutstyr","9":"product_tag-ansiktskrem","10":"product_tag-baerekraftig","11":"product_tag-egenkjaerlihet","12":"product_tag-hudpleie","13":"product_tag-hudpleiesett","14":"product_tag-marina-miracle","15":"product_tag-naturlig","16":"product_tag-okologisk","18":"first","19":"instock","20":"taxable","21":"shipping-taxable","22":"purchasable","23":"product-type-simple"},"yoast_head":"<!-- This site is optimized with the Yoast SEO plugin v27.4 - https:\/\/yoast.com\/product\/yoast-seo-wordpress\/ -->\n<title>Ansiktsolje - Geranium Face Oil - 30 ml - HOVB<\/title>\n<meta name=\"description\" content=\"Balanserende ansiktsolje\" \/>\n<meta name=\"robots\" content=\"index, follow, max-snippet:-1, max-image-preview:large, max-video-preview:-1\" \/>\n<link rel=\"canonical\" href=\"https:\/\/hovb.no\/?product=ansiktsolje-geranium-face-oil-30-ml\" \/>\n<meta property=\"og:locale\" content=\"nb_NO\" \/>\n<meta property=\"og:type\" content=\"article\" \/>\n<meta property=\"og:title\" content=\"Ansiktsolje - Geranium Face Oil - 30 ml - HOVB\" \/>\n<meta property=\"og:description\" content=\"Balanserende ansiktsolje\" \/>\n<meta property=\"og:url\" content=\"https:\/\/hovb.no\/?product=ansiktsolje-geranium-face-oil-30-ml\" \/>\n<meta property=\"og:site_name\" content=\"HOVB\" \/>\n<meta property=\"article:modified_time\" content=\"2026-03-11T21:24:38+00:00\" \/>\n<meta property=\"og:image\" content=\"https:\/\/hovb.no\/wp-content\/uploads\/2023\/11\/Geranium-Face-Oil-28ml-flaske-med-eske_800x800-for-web_2_400x400.webp\" \/>\n\t<meta property=\"og:image:width\" content=\"400\" \/>\n\t<meta property=\"og:image:height\" content=\"400\" \/>\n\t<meta property=\"og:image:type\" content=\"image\/webp\" \/>\n<meta name=\"twitter:card\" content=\"summary_large_image\" \/>\n<meta name=\"twitter:label1\" content=\"Ansl. lesetid\" \/>\n\t<meta name=\"twitter:data1\" content=\"1 minutt\" \/>\n<script type=\"application\/ld+json\" class=\"yoast-schema-graph\">{\"@context\":\"https:\\\/\\\/schema.org\",\"@graph\":[{\"@type\":\"WebPage\",\"@id\":\"https:\\\/\\\/hovb.no\\\/?product=ansiktsolje-geranium-face-oil-30-ml\",\"url\":\"https:\\\/\\\/hovb.no\\\/?product=ansiktsolje-geranium-face-oil-30-ml\",\"name\":\"Ansiktsolje - Geranium Face Oil - 30 ml - HOVB\",\"isPartOf\":{\"@id\":\"https:\\\/\\\/hovb.no\\\/#website\"},\"primaryImageOfPage\":{\"@id\":\"https:\\\/\\\/hovb.no\\\/?product=ansiktsolje-geranium-face-oil-30-ml#primaryimage\"},\"image\":{\"@id\":\"https:\\\/\\\/hovb.no\\\/?product=ansiktsolje-geranium-face-oil-30-ml#primaryimage\"},\"thumbnailUrl\":\"https:\\\/\\\/hovb.no\\\/wp-content\\\/uploads\\\/2023\\\/11\\\/Geranium-Face-Oil-28ml-flaske-med-eske_800x800-for-web_2_400x400.webp\",\"datePublished\":\"2023-11-04T10:19:09+00:00\",\"dateModified\":\"2026-03-11T21:24:38+00:00\",\"description\":\"Balanserende ansiktsolje\",\"breadcrumb\":{\"@id\":\"https:\\\/\\\/hovb.no\\\/?product=ansiktsolje-geranium-face-oil-30-ml#breadcrumb\"},\"inLanguage\":\"nb-NO\",\"potentialAction\":[{\"@type\":\"ReadAction\",\"target\":[\"https:\\\/\\\/hovb.no\\\/?product=ansiktsolje-geranium-face-oil-30-ml\"]}]},{\"@type\":\"ImageObject\",\"inLanguage\":\"nb-NO\",\"@id\":\"https:\\\/\\\/hovb.no\\\/?product=ansiktsolje-geranium-face-oil-30-ml#primaryimage\",\"url\":\"https:\\\/\\\/hovb.no\\\/wp-content\\\/uploads\\\/2023\\\/11\\\/Geranium-Face-Oil-28ml-flaske-med-eske_800x800-for-web_2_400x400.webp\",\"contentUrl\":\"https:\\\/\\\/hovb.no\\\/wp-content\\\/uploads\\\/2023\\\/11\\\/Geranium-Face-Oil-28ml-flaske-med-eske_800x800-for-web_2_400x400.webp\",\"width\":400,\"height\":400},{\"@type\":\"BreadcrumbList\",\"@id\":\"https:\\\/\\\/hovb.no\\\/?product=ansiktsolje-geranium-face-oil-30-ml#breadcrumb\",\"itemListElement\":[{\"@type\":\"ListItem\",\"position\":1,\"name\":\"Home\",\"item\":\"https:\\\/\\\/hovb.no\\\/\"},{\"@type\":\"ListItem\",\"position\":2,\"name\":\"Shop\",\"item\":\"https:\\\/\\\/hovb.no\\\/?page_id=7\"},{\"@type\":\"ListItem\",\"position\":3,\"name\":\"Ansiktsolje &#8211; Geranium Face Oil &#8211; 30 ml\"}]},{\"@type\":\"WebSite\",\"@id\":\"https:\\\/\\\/hovb.no\\\/#website\",\"url\":\"https:\\\/\\\/hovb.no\\\/\",\"name\":\"HOVB\",\"description\":\"Helse og Velv\u00e6re Butikken\",\"potentialAction\":[{\"@type\":\"SearchAction\",\"target\":{\"@type\":\"EntryPoint\",\"urlTemplate\":\"https:\\\/\\\/hovb.no\\\/?s={search_term_string}\"},\"query-input\":{\"@type\":\"PropertyValueSpecification\",\"valueRequired\":true,\"valueName\":\"search_term_string\"}}],\"inLanguage\":\"nb-NO\"}]}<\/script>\n<!-- \/ Yoast SEO plugin. -->","yoast_head_json":{"title":"Ansiktsolje - Geranium Face Oil - 30 ml - HOVB","description":"Balanserende ansiktsolje","robots":{"index":"index","follow":"follow","max-snippet":"max-snippet:-1","max-image-preview":"max-image-preview:large","max-video-preview":"max-video-preview:-1"},"canonical":"https:\/\/hovb.no\/?product=ansiktsolje-geranium-face-oil-30-ml","og_locale":"nb_NO","og_type":"article","og_title":"Ansiktsolje - Geranium Face Oil - 30 ml - HOVB","og_description":"Balanserende ansiktsolje","og_url":"https:\/\/hovb.no\/?product=ansiktsolje-geranium-face-oil-30-ml","og_site_name":"HOVB","article_modified_time":"2026-03-11T21:24:38+00:00","og_image":[{"width":400,"height":400,"url":"https:\/\/hovb.no\/wp-content\/uploads\/2023\/11\/Geranium-Face-Oil-28ml-flaske-med-eske_800x800-for-web_2_400x400.webp","type":"image\/webp"}],"twitter_card":"summary_large_image","twitter_misc":{"Ansl. lesetid":"1 minutt"},"schema":{"@context":"https:\/\/schema.org","@graph":[{"@type":"WebPage","@id":"https:\/\/hovb.no\/?product=ansiktsolje-geranium-face-oil-30-ml","url":"https:\/\/hovb.no\/?product=ansiktsolje-geranium-face-oil-30-ml","name":"Ansiktsolje - Geranium Face Oil - 30 ml - HOVB","isPartOf":{"@id":"https:\/\/hovb.no\/#website"},"primaryImageOfPage":{"@id":"https:\/\/hovb.no\/?product=ansiktsolje-geranium-face-oil-30-ml#primaryimage"},"image":{"@id":"https:\/\/hovb.no\/?product=ansiktsolje-geranium-face-oil-30-ml#primaryimage"},"thumbnailUrl":"https:\/\/hovb.no\/wp-content\/uploads\/2023\/11\/Geranium-Face-Oil-28ml-flaske-med-eske_800x800-for-web_2_400x400.webp","datePublished":"2023-11-04T10:19:09+00:00","dateModified":"2026-03-11T21:24:38+00:00","description":"Balanserende ansiktsolje","breadcrumb":{"@id":"https:\/\/hovb.no\/?product=ansiktsolje-geranium-face-oil-30-ml#breadcrumb"},"inLanguage":"nb-NO","potentialAction":[{"@type":"ReadAction","target":["https:\/\/hovb.no\/?product=ansiktsolje-geranium-face-oil-30-ml"]}]},{"@type":"ImageObject","inLanguage":"nb-NO","@id":"https:\/\/hovb.no\/?product=ansiktsolje-geranium-face-oil-30-ml#primaryimage","url":"https:\/\/hovb.no\/wp-content\/uploads\/2023\/11\/Geranium-Face-Oil-28ml-flaske-med-eske_800x800-for-web_2_400x400.webp","contentUrl":"https:\/\/hovb.no\/wp-content\/uploads\/2023\/11\/Geranium-Face-Oil-28ml-flaske-med-eske_800x800-for-web_2_400x400.webp","width":400,"height":400},{"@type":"BreadcrumbList","@id":"https:\/\/hovb.no\/?product=ansiktsolje-geranium-face-oil-30-ml#breadcrumb","itemListElement":[{"@type":"ListItem","position":1,"name":"Home","item":"https:\/\/hovb.no\/"},{"@type":"ListItem","position":2,"name":"Shop","item":"https:\/\/hovb.no\/?page_id=7"},{"@type":"ListItem","position":3,"name":"Ansiktsolje &#8211; Geranium Face Oil &#8211; 30 ml"}]},{"@type":"WebSite","@id":"https:\/\/hovb.no\/#website","url":"https:\/\/hovb.no\/","name":"HOVB","description":"Helse og Velv\u00e6re Butikken","potentialAction":[{"@type":"SearchAction","target":{"@type":"EntryPoint","urlTemplate":"https:\/\/hovb.no\/?s={search_term_string}"},"query-input":{"@type":"PropertyValueSpecification","valueRequired":true,"valueName":"search_term_string"}}],"inLanguage":"nb-NO"}]}},"jetpack_sharing_enabled":true,"_links":{"self":[{"href":"https:\/\/hovb.no\/index.php?rest_route=\/wp\/v2\/product\/501231","targetHints":{"allow":["GET"]}}],"collection":[{"href":"https:\/\/hovb.no\/index.php?rest_route=\/wp\/v2\/product"}],"about":[{"href":"https:\/\/hovb.no\/index.php?rest_route=\/wp\/v2\/types\/product"}],"wp:featuredmedia":[{"embeddable":true,"href":"https:\/\/hovb.no\/index.php?rest_route=\/wp\/v2\/media\/501232"}],"wp:attachment":[{"href":"https:\/\/hovb.no\/index.php?rest_route=%2Fwp%2Fv2%2Fmedia&parent=501231"}],"wp:term":[{"taxonomy":"product_brand","embeddable":true,"href":"https:\/\/hovb.no\/index.php?rest_route=%2Fwp%2Fv2%2Fproduct_brand&post=501231"},{"taxonomy":"product_cat","embeddable":true,"href":"https:\/\/hovb.no\/index.php?rest_route=%2Fwp%2Fv2%2Fproduct_cat&post=501231"},{"taxonomy":"product_tag","embeddable":true,"href":"https:\/\/hovb.no\/index.php?rest_route=%2Fwp%2Fv2%2Fproduct_tag&post=501231"}],"curies":[{"name":"wp","href":"https:\/\/api.w.org\/{rel}","templated":true}]}}