{"id":501227,"date":"2023-11-04T11:13:03","date_gmt":"2023-11-04T10:13:03","guid":{"rendered":"https:\/\/hovb.no\/?post_type=product&#038;p=501227"},"modified":"2026-03-11T22:24:05","modified_gmt":"2026-03-11T21:24:05","slug":"ansiktskrem-acai-hydra-cream-50-ml","status":"publish","type":"product","link":"https:\/\/hovb.no\/?product=ansiktskrem-acai-hydra-cream-50-ml","title":{"rendered":"Ansiktskrem &#8211; Acai Hydra Cream &#8211; 50 ml"},"content":{"rendered":"<h2>Ansiktskrem som gjenoppretter hudens fuktighetsniv\u00e5<\/h2>\n<h4>Hudtype: Normal \/ Fuktfattig \/ Kombinert<\/h4>\n<p>Acai Hydra Cream er en lett \u00f8kologisk ansiktskrem som er spesielt utviklet for p\u00e5f\u00f8ring over ansiktsolje for \u00e5 gi ekstra fuktighet, n\u00e6ring og beskyttelse mot forurensning. Kremen har en sval rosafarge, en frisk duft av acai og r\u00f8de b\u00e6r og en fl\u00f8yelsmyk konsistens som trekker raskt inn i huden.<\/p>\n<p>Formulert med acaiolje, arganolje, probiotisk ferment av acaib\u00e6r og bringeb\u00e6r, norsk brennesle og alger. Hudens fuktighetsniv\u00e5 gjenopprettes, huden blir myk og str\u00e5lende sunn!<\/p>\n<p><a title=\"Les mer om kremen\" href=\"https:\/\/marinamiracle.no\/blogs\/news\/en-naturlig-skapelsesprosess\">Les spennende artikkel om utviklingen av kremen.<\/a><\/p>\n<p>\u25cb Hydrerer og gjenoppretter hudens fukighetsniv\u00e5<\/p>\n<p>\u25cb\u00a0Mykgj\u00f8rende og utjevnende<\/p>\n<p>\u25cb\u00a0Anti-pollution (Beskytter mot forurensning) og probiotisk<\/p>\n<p>Hvordan bruke produktet?<br \/>\nHvordan du bruker ansiktskremen:<br \/>\nDenne ansiktskremen b\u00f8r brukes over ansiktsolje for ekstra god effekt, men kan ogs\u00e5 brukes alene for en normal hudtype:<\/p>\n<p>1. P\u00e5f\u00f8r f\u00f8rst din favoritt ansiktsolje og\/eller serum.<\/p>\n<p>2. P\u00e5f\u00f8r kremen hver dag.<\/p>\n","protected":false},"excerpt":{"rendered":"<p>Ansiktskrem som gjenoppretter hudens fuktighetsniv\u00e5 Hudtype: Normal \/ Fuktfattig \/ Kombinert Acai Hydra Cream er en lett \u00f8kologisk ansiktskrem som er spesielt utviklet for p\u00e5f\u00f8ring over ansiktsolje for \u00e5 gi ekstra fuktighet, n\u00e6ring og beskyttelse mot forurensning. Kremen har en sval rosafarge, en frisk duft av acai og r\u00f8de b\u00e6r og en fl\u00f8yelsmyk konsistens som [&hellip;]<\/p>\n","protected":false},"featured_media":501228,"template":"","meta":{"_et_pb_use_builder":"","_et_pb_old_content":"","_et_gb_content_width":""},"product_brand":[100065],"product_cat":[18,19],"product_tag":[100056,100042,100038,100054,100055,100058,100057,100041],"class_list":{"0":"post-501227","1":"product","2":"type-product","3":"status-publish","4":"has-post-thumbnail","6":"product_brand-marina-miracle","7":"product_cat-kroppspleie","8":"product_cat-massasjeutstyr","9":"product_tag-ansiktskrem","10":"product_tag-baerekraftig","11":"product_tag-egenkjaerlihet","12":"product_tag-hudpleie","13":"product_tag-hudpleiesett","14":"product_tag-marina-miracle","15":"product_tag-naturlig","16":"product_tag-okologisk","18":"first","19":"instock","20":"taxable","21":"shipping-taxable","22":"purchasable","23":"product-type-simple"},"yoast_head":"<!-- This site is optimized with the Yoast SEO plugin v27.4 - https:\/\/yoast.com\/product\/yoast-seo-wordpress\/ -->\n<title>Ansiktskrem - Acai Hydra Cream - 50 ml - HOVB<\/title>\n<meta name=\"description\" content=\"Ansiktskrem som gjenoppretter hudens fuktighetsniv\u00e5\" \/>\n<meta name=\"robots\" content=\"index, follow, max-snippet:-1, max-image-preview:large, max-video-preview:-1\" \/>\n<link rel=\"canonical\" href=\"https:\/\/hovb.no\/?product=ansiktskrem-acai-hydra-cream-50-ml\" \/>\n<meta property=\"og:locale\" content=\"nb_NO\" \/>\n<meta property=\"og:type\" content=\"article\" \/>\n<meta property=\"og:title\" content=\"Ansiktskrem - Acai Hydra Cream - 50 ml - HOVB\" \/>\n<meta property=\"og:description\" content=\"Ansiktskrem som gjenoppretter hudens fuktighetsniv\u00e5\" \/>\n<meta property=\"og:url\" content=\"https:\/\/hovb.no\/?product=ansiktskrem-acai-hydra-cream-50-ml\" \/>\n<meta property=\"og:site_name\" content=\"HOVB\" \/>\n<meta property=\"article:modified_time\" content=\"2026-03-11T21:24:05+00:00\" \/>\n<meta property=\"og:image\" content=\"https:\/\/hovb.no\/wp-content\/uploads\/2023\/11\/Acai-hydra-med-boks_800x.webp\" \/>\n\t<meta property=\"og:image:width\" content=\"800\" \/>\n\t<meta property=\"og:image:height\" content=\"800\" \/>\n\t<meta property=\"og:image:type\" content=\"image\/webp\" \/>\n<meta name=\"twitter:card\" content=\"summary_large_image\" \/>\n<meta name=\"twitter:label1\" content=\"Ansl. lesetid\" \/>\n\t<meta name=\"twitter:data1\" content=\"1 minutt\" \/>\n<script type=\"application\/ld+json\" class=\"yoast-schema-graph\">{\"@context\":\"https:\\\/\\\/schema.org\",\"@graph\":[{\"@type\":\"WebPage\",\"@id\":\"https:\\\/\\\/hovb.no\\\/?product=ansiktskrem-acai-hydra-cream-50-ml\",\"url\":\"https:\\\/\\\/hovb.no\\\/?product=ansiktskrem-acai-hydra-cream-50-ml\",\"name\":\"Ansiktskrem - Acai Hydra Cream - 50 ml - HOVB\",\"isPartOf\":{\"@id\":\"https:\\\/\\\/hovb.no\\\/#website\"},\"primaryImageOfPage\":{\"@id\":\"https:\\\/\\\/hovb.no\\\/?product=ansiktskrem-acai-hydra-cream-50-ml#primaryimage\"},\"image\":{\"@id\":\"https:\\\/\\\/hovb.no\\\/?product=ansiktskrem-acai-hydra-cream-50-ml#primaryimage\"},\"thumbnailUrl\":\"https:\\\/\\\/hovb.no\\\/wp-content\\\/uploads\\\/2023\\\/11\\\/Acai-hydra-med-boks_800x.webp\",\"datePublished\":\"2023-11-04T10:13:03+00:00\",\"dateModified\":\"2026-03-11T21:24:05+00:00\",\"description\":\"Ansiktskrem som gjenoppretter hudens fuktighetsniv\u00e5\",\"breadcrumb\":{\"@id\":\"https:\\\/\\\/hovb.no\\\/?product=ansiktskrem-acai-hydra-cream-50-ml#breadcrumb\"},\"inLanguage\":\"nb-NO\",\"potentialAction\":[{\"@type\":\"ReadAction\",\"target\":[\"https:\\\/\\\/hovb.no\\\/?product=ansiktskrem-acai-hydra-cream-50-ml\"]}]},{\"@type\":\"ImageObject\",\"inLanguage\":\"nb-NO\",\"@id\":\"https:\\\/\\\/hovb.no\\\/?product=ansiktskrem-acai-hydra-cream-50-ml#primaryimage\",\"url\":\"https:\\\/\\\/hovb.no\\\/wp-content\\\/uploads\\\/2023\\\/11\\\/Acai-hydra-med-boks_800x.webp\",\"contentUrl\":\"https:\\\/\\\/hovb.no\\\/wp-content\\\/uploads\\\/2023\\\/11\\\/Acai-hydra-med-boks_800x.webp\",\"width\":800,\"height\":800},{\"@type\":\"BreadcrumbList\",\"@id\":\"https:\\\/\\\/hovb.no\\\/?product=ansiktskrem-acai-hydra-cream-50-ml#breadcrumb\",\"itemListElement\":[{\"@type\":\"ListItem\",\"position\":1,\"name\":\"Home\",\"item\":\"https:\\\/\\\/hovb.no\\\/\"},{\"@type\":\"ListItem\",\"position\":2,\"name\":\"Shop\",\"item\":\"https:\\\/\\\/hovb.no\\\/?page_id=7\"},{\"@type\":\"ListItem\",\"position\":3,\"name\":\"Ansiktskrem &#8211; Acai Hydra Cream &#8211; 50 ml\"}]},{\"@type\":\"WebSite\",\"@id\":\"https:\\\/\\\/hovb.no\\\/#website\",\"url\":\"https:\\\/\\\/hovb.no\\\/\",\"name\":\"HOVB\",\"description\":\"Helse og Velv\u00e6re Butikken\",\"potentialAction\":[{\"@type\":\"SearchAction\",\"target\":{\"@type\":\"EntryPoint\",\"urlTemplate\":\"https:\\\/\\\/hovb.no\\\/?s={search_term_string}\"},\"query-input\":{\"@type\":\"PropertyValueSpecification\",\"valueRequired\":true,\"valueName\":\"search_term_string\"}}],\"inLanguage\":\"nb-NO\"}]}<\/script>\n<!-- \/ Yoast SEO plugin. -->","yoast_head_json":{"title":"Ansiktskrem - Acai Hydra Cream - 50 ml - HOVB","description":"Ansiktskrem som gjenoppretter hudens fuktighetsniv\u00e5","robots":{"index":"index","follow":"follow","max-snippet":"max-snippet:-1","max-image-preview":"max-image-preview:large","max-video-preview":"max-video-preview:-1"},"canonical":"https:\/\/hovb.no\/?product=ansiktskrem-acai-hydra-cream-50-ml","og_locale":"nb_NO","og_type":"article","og_title":"Ansiktskrem - Acai Hydra Cream - 50 ml - HOVB","og_description":"Ansiktskrem som gjenoppretter hudens fuktighetsniv\u00e5","og_url":"https:\/\/hovb.no\/?product=ansiktskrem-acai-hydra-cream-50-ml","og_site_name":"HOVB","article_modified_time":"2026-03-11T21:24:05+00:00","og_image":[{"width":800,"height":800,"url":"https:\/\/hovb.no\/wp-content\/uploads\/2023\/11\/Acai-hydra-med-boks_800x.webp","type":"image\/webp"}],"twitter_card":"summary_large_image","twitter_misc":{"Ansl. lesetid":"1 minutt"},"schema":{"@context":"https:\/\/schema.org","@graph":[{"@type":"WebPage","@id":"https:\/\/hovb.no\/?product=ansiktskrem-acai-hydra-cream-50-ml","url":"https:\/\/hovb.no\/?product=ansiktskrem-acai-hydra-cream-50-ml","name":"Ansiktskrem - Acai Hydra Cream - 50 ml - HOVB","isPartOf":{"@id":"https:\/\/hovb.no\/#website"},"primaryImageOfPage":{"@id":"https:\/\/hovb.no\/?product=ansiktskrem-acai-hydra-cream-50-ml#primaryimage"},"image":{"@id":"https:\/\/hovb.no\/?product=ansiktskrem-acai-hydra-cream-50-ml#primaryimage"},"thumbnailUrl":"https:\/\/hovb.no\/wp-content\/uploads\/2023\/11\/Acai-hydra-med-boks_800x.webp","datePublished":"2023-11-04T10:13:03+00:00","dateModified":"2026-03-11T21:24:05+00:00","description":"Ansiktskrem som gjenoppretter hudens fuktighetsniv\u00e5","breadcrumb":{"@id":"https:\/\/hovb.no\/?product=ansiktskrem-acai-hydra-cream-50-ml#breadcrumb"},"inLanguage":"nb-NO","potentialAction":[{"@type":"ReadAction","target":["https:\/\/hovb.no\/?product=ansiktskrem-acai-hydra-cream-50-ml"]}]},{"@type":"ImageObject","inLanguage":"nb-NO","@id":"https:\/\/hovb.no\/?product=ansiktskrem-acai-hydra-cream-50-ml#primaryimage","url":"https:\/\/hovb.no\/wp-content\/uploads\/2023\/11\/Acai-hydra-med-boks_800x.webp","contentUrl":"https:\/\/hovb.no\/wp-content\/uploads\/2023\/11\/Acai-hydra-med-boks_800x.webp","width":800,"height":800},{"@type":"BreadcrumbList","@id":"https:\/\/hovb.no\/?product=ansiktskrem-acai-hydra-cream-50-ml#breadcrumb","itemListElement":[{"@type":"ListItem","position":1,"name":"Home","item":"https:\/\/hovb.no\/"},{"@type":"ListItem","position":2,"name":"Shop","item":"https:\/\/hovb.no\/?page_id=7"},{"@type":"ListItem","position":3,"name":"Ansiktskrem &#8211; Acai Hydra Cream &#8211; 50 ml"}]},{"@type":"WebSite","@id":"https:\/\/hovb.no\/#website","url":"https:\/\/hovb.no\/","name":"HOVB","description":"Helse og Velv\u00e6re Butikken","potentialAction":[{"@type":"SearchAction","target":{"@type":"EntryPoint","urlTemplate":"https:\/\/hovb.no\/?s={search_term_string}"},"query-input":{"@type":"PropertyValueSpecification","valueRequired":true,"valueName":"search_term_string"}}],"inLanguage":"nb-NO"}]}},"jetpack_sharing_enabled":true,"_links":{"self":[{"href":"https:\/\/hovb.no\/index.php?rest_route=\/wp\/v2\/product\/501227","targetHints":{"allow":["GET"]}}],"collection":[{"href":"https:\/\/hovb.no\/index.php?rest_route=\/wp\/v2\/product"}],"about":[{"href":"https:\/\/hovb.no\/index.php?rest_route=\/wp\/v2\/types\/product"}],"wp:featuredmedia":[{"embeddable":true,"href":"https:\/\/hovb.no\/index.php?rest_route=\/wp\/v2\/media\/501228"}],"wp:attachment":[{"href":"https:\/\/hovb.no\/index.php?rest_route=%2Fwp%2Fv2%2Fmedia&parent=501227"}],"wp:term":[{"taxonomy":"product_brand","embeddable":true,"href":"https:\/\/hovb.no\/index.php?rest_route=%2Fwp%2Fv2%2Fproduct_brand&post=501227"},{"taxonomy":"product_cat","embeddable":true,"href":"https:\/\/hovb.no\/index.php?rest_route=%2Fwp%2Fv2%2Fproduct_cat&post=501227"},{"taxonomy":"product_tag","embeddable":true,"href":"https:\/\/hovb.no\/index.php?rest_route=%2Fwp%2Fv2%2Fproduct_tag&post=501227"}],"curies":[{"name":"wp","href":"https:\/\/api.w.org\/{rel}","templated":true}]}}