{"id":501209,"date":"2023-07-11T13:06:22","date_gmt":"2023-07-11T11:06:22","guid":{"rendered":"https:\/\/hovb.no\/?post_type=product&#038;p=501209"},"modified":"2023-07-27T10:19:43","modified_gmt":"2023-07-27T08:19:43","slug":"asea-renu-28-revitalizing-redox-gel","status":"publish","type":"product","link":"https:\/\/hovb.no\/?product=asea-renu-28-revitalizing-redox-gel","title":{"rendered":"ASEA Renu 28 Revitalizing Redox Gel"},"content":{"rendered":"<p>RENU 28 Revitalizing Redox Gel er en lett, hurtigabsorberende gel som utnytter den kraftige redox signalteknologien.<\/p>\n<p>Produktet er utviklet for \u00e5 gi deg sunn hud med fornyende celler. Hudpleien kan brukes p\u00e5 hele kroppen, og gir deg jevnere, mykere og revitalisert hud med f\u00e6rre teksturer.<\/p>\n<p>For \u00e5 f\u00e5 den beste ansiktspleie, suppler opp med: https:\/\/hovb.no\/?product=renu-advanced-hudpleiesett-med-vask-og-krem<\/p>\n<p>For bestilling av Renu28 trykk her: https:\/\/enroll.aseaglobal.com\/?dt=1500296759<\/p>\n","protected":false},"excerpt":{"rendered":"<p>RENU 28 Revitalizing Redox Gel er en lett, hurtigabsorberende gel som utnytter den kraftige redox signalteknologien. Produktet er utviklet for \u00e5 gi deg sunn hud med fornyende celler. Hudpleien kan brukes p\u00e5 hele kroppen, og gir deg jevnere, mykere og revitalisert hud med f\u00e6rre teksturer. For \u00e5 f\u00e5 den beste ansiktspleie, suppler opp med: https:\/\/hovb.no\/?product=renu-advanced-hudpleiesett-med-vask-og-krem [&hellip;]<\/p>\n","protected":false},"featured_media":501206,"template":"","meta":{"_et_pb_use_builder":"","_et_pb_old_content":"","_et_gb_content_width":""},"product_brand":[],"product_cat":[18],"product_tag":[100054,100047,100037,100041,100052],"class_list":{"0":"post-501209","1":"product","2":"type-product","3":"status-publish","4":"has-post-thumbnail","6":"product_cat-kroppspleie","7":"product_tag-hudpleie","8":"product_tag-komfort","9":"product_tag-overskudd","10":"product_tag-okologisk","11":"product_tag-renu","13":"first","14":"instock","15":"taxable","16":"shipping-taxable","17":"purchasable","18":"product-type-external"},"yoast_head":"<!-- This site is optimized with the Yoast SEO plugin v27.5 - https:\/\/yoast.com\/product\/yoast-seo-wordpress\/ -->\n<title>ASEA Renu 28 Revitalizing Redox Gel - HOVB<\/title>\n<meta name=\"description\" content=\"RENU 28 Revitalizing Redox Gel er en lett, hurtigabsorberende gel som utnytter den kraftige redox signalteknologien.\" \/>\n<meta name=\"robots\" content=\"index, follow, max-snippet:-1, max-image-preview:large, max-video-preview:-1\" \/>\n<link rel=\"canonical\" href=\"https:\/\/hovb.no\/?product=asea-renu-28-revitalizing-redox-gel\" \/>\n<meta property=\"og:locale\" content=\"nb_NO\" \/>\n<meta property=\"og:type\" content=\"article\" \/>\n<meta property=\"og:title\" content=\"ASEA Renu 28 Revitalizing Redox Gel - HOVB\" \/>\n<meta property=\"og:description\" content=\"RENU 28 Revitalizing Redox Gel er en lett, hurtigabsorberende gel som utnytter den kraftige redox signalteknologien.\" \/>\n<meta property=\"og:url\" content=\"https:\/\/hovb.no\/?product=asea-renu-28-revitalizing-redox-gel\" \/>\n<meta property=\"og:site_name\" content=\"HOVB\" \/>\n<meta property=\"article:modified_time\" content=\"2023-07-27T08:19:43+00:00\" \/>\n<meta property=\"og:image\" content=\"https:\/\/hovb.no\/wp-content\/uploads\/2023\/07\/RENU28-Woman-Applying-to-Leg-scaled.jpg\" \/>\n\t<meta property=\"og:image:width\" content=\"1706\" \/>\n\t<meta property=\"og:image:height\" content=\"2560\" \/>\n\t<meta property=\"og:image:type\" content=\"image\/jpeg\" \/>\n<meta name=\"twitter:card\" content=\"summary_large_image\" \/>\n<meta name=\"twitter:label1\" content=\"Ansl. lesetid\" \/>\n\t<meta name=\"twitter:data1\" content=\"1 minutt\" \/>\n<script type=\"application\/ld+json\" class=\"yoast-schema-graph\">{\"@context\":\"https:\\\/\\\/schema.org\",\"@graph\":[{\"@type\":\"WebPage\",\"@id\":\"https:\\\/\\\/hovb.no\\\/?product=asea-renu-28-revitalizing-redox-gel\",\"url\":\"https:\\\/\\\/hovb.no\\\/?product=asea-renu-28-revitalizing-redox-gel\",\"name\":\"ASEA Renu 28 Revitalizing Redox Gel - HOVB\",\"isPartOf\":{\"@id\":\"https:\\\/\\\/hovb.no\\\/#website\"},\"primaryImageOfPage\":{\"@id\":\"https:\\\/\\\/hovb.no\\\/?product=asea-renu-28-revitalizing-redox-gel#primaryimage\"},\"image\":{\"@id\":\"https:\\\/\\\/hovb.no\\\/?product=asea-renu-28-revitalizing-redox-gel#primaryimage\"},\"thumbnailUrl\":\"https:\\\/\\\/hovb.no\\\/wp-content\\\/uploads\\\/2023\\\/07\\\/RENU28-Woman-Applying-to-Leg-scaled.jpg\",\"datePublished\":\"2023-07-11T11:06:22+00:00\",\"dateModified\":\"2023-07-27T08:19:43+00:00\",\"description\":\"RENU 28 Revitalizing Redox Gel er en lett, hurtigabsorberende gel som utnytter den kraftige redox signalteknologien.\",\"breadcrumb\":{\"@id\":\"https:\\\/\\\/hovb.no\\\/?product=asea-renu-28-revitalizing-redox-gel#breadcrumb\"},\"inLanguage\":\"nb-NO\",\"potentialAction\":[{\"@type\":\"ReadAction\",\"target\":[\"https:\\\/\\\/hovb.no\\\/?product=asea-renu-28-revitalizing-redox-gel\"]}]},{\"@type\":\"ImageObject\",\"inLanguage\":\"nb-NO\",\"@id\":\"https:\\\/\\\/hovb.no\\\/?product=asea-renu-28-revitalizing-redox-gel#primaryimage\",\"url\":\"https:\\\/\\\/hovb.no\\\/wp-content\\\/uploads\\\/2023\\\/07\\\/RENU28-Woman-Applying-to-Leg-scaled.jpg\",\"contentUrl\":\"https:\\\/\\\/hovb.no\\\/wp-content\\\/uploads\\\/2023\\\/07\\\/RENU28-Woman-Applying-to-Leg-scaled.jpg\",\"width\":1706,\"height\":2560},{\"@type\":\"BreadcrumbList\",\"@id\":\"https:\\\/\\\/hovb.no\\\/?product=asea-renu-28-revitalizing-redox-gel#breadcrumb\",\"itemListElement\":[{\"@type\":\"ListItem\",\"position\":1,\"name\":\"Home\",\"item\":\"https:\\\/\\\/hovb.no\\\/\"},{\"@type\":\"ListItem\",\"position\":2,\"name\":\"Shop\",\"item\":\"https:\\\/\\\/hovb.no\\\/?page_id=7\"},{\"@type\":\"ListItem\",\"position\":3,\"name\":\"ASEA Renu 28 Revitalizing Redox Gel\"}]},{\"@type\":\"WebSite\",\"@id\":\"https:\\\/\\\/hovb.no\\\/#website\",\"url\":\"https:\\\/\\\/hovb.no\\\/\",\"name\":\"HOVB\",\"description\":\"Helse og Velv\u00e6re Butikken\",\"potentialAction\":[{\"@type\":\"SearchAction\",\"target\":{\"@type\":\"EntryPoint\",\"urlTemplate\":\"https:\\\/\\\/hovb.no\\\/?s={search_term_string}\"},\"query-input\":{\"@type\":\"PropertyValueSpecification\",\"valueRequired\":true,\"valueName\":\"search_term_string\"}}],\"inLanguage\":\"nb-NO\"}]}<\/script>\n<!-- \/ Yoast SEO plugin. -->","yoast_head_json":{"title":"ASEA Renu 28 Revitalizing Redox Gel - HOVB","description":"RENU 28 Revitalizing Redox Gel er en lett, hurtigabsorberende gel som utnytter den kraftige redox signalteknologien.","robots":{"index":"index","follow":"follow","max-snippet":"max-snippet:-1","max-image-preview":"max-image-preview:large","max-video-preview":"max-video-preview:-1"},"canonical":"https:\/\/hovb.no\/?product=asea-renu-28-revitalizing-redox-gel","og_locale":"nb_NO","og_type":"article","og_title":"ASEA Renu 28 Revitalizing Redox Gel - HOVB","og_description":"RENU 28 Revitalizing Redox Gel er en lett, hurtigabsorberende gel som utnytter den kraftige redox signalteknologien.","og_url":"https:\/\/hovb.no\/?product=asea-renu-28-revitalizing-redox-gel","og_site_name":"HOVB","article_modified_time":"2023-07-27T08:19:43+00:00","og_image":[{"width":1706,"height":2560,"url":"https:\/\/hovb.no\/wp-content\/uploads\/2023\/07\/RENU28-Woman-Applying-to-Leg-scaled.jpg","type":"image\/jpeg"}],"twitter_card":"summary_large_image","twitter_misc":{"Ansl. lesetid":"1 minutt"},"schema":{"@context":"https:\/\/schema.org","@graph":[{"@type":"WebPage","@id":"https:\/\/hovb.no\/?product=asea-renu-28-revitalizing-redox-gel","url":"https:\/\/hovb.no\/?product=asea-renu-28-revitalizing-redox-gel","name":"ASEA Renu 28 Revitalizing Redox Gel - HOVB","isPartOf":{"@id":"https:\/\/hovb.no\/#website"},"primaryImageOfPage":{"@id":"https:\/\/hovb.no\/?product=asea-renu-28-revitalizing-redox-gel#primaryimage"},"image":{"@id":"https:\/\/hovb.no\/?product=asea-renu-28-revitalizing-redox-gel#primaryimage"},"thumbnailUrl":"https:\/\/hovb.no\/wp-content\/uploads\/2023\/07\/RENU28-Woman-Applying-to-Leg-scaled.jpg","datePublished":"2023-07-11T11:06:22+00:00","dateModified":"2023-07-27T08:19:43+00:00","description":"RENU 28 Revitalizing Redox Gel er en lett, hurtigabsorberende gel som utnytter den kraftige redox signalteknologien.","breadcrumb":{"@id":"https:\/\/hovb.no\/?product=asea-renu-28-revitalizing-redox-gel#breadcrumb"},"inLanguage":"nb-NO","potentialAction":[{"@type":"ReadAction","target":["https:\/\/hovb.no\/?product=asea-renu-28-revitalizing-redox-gel"]}]},{"@type":"ImageObject","inLanguage":"nb-NO","@id":"https:\/\/hovb.no\/?product=asea-renu-28-revitalizing-redox-gel#primaryimage","url":"https:\/\/hovb.no\/wp-content\/uploads\/2023\/07\/RENU28-Woman-Applying-to-Leg-scaled.jpg","contentUrl":"https:\/\/hovb.no\/wp-content\/uploads\/2023\/07\/RENU28-Woman-Applying-to-Leg-scaled.jpg","width":1706,"height":2560},{"@type":"BreadcrumbList","@id":"https:\/\/hovb.no\/?product=asea-renu-28-revitalizing-redox-gel#breadcrumb","itemListElement":[{"@type":"ListItem","position":1,"name":"Home","item":"https:\/\/hovb.no\/"},{"@type":"ListItem","position":2,"name":"Shop","item":"https:\/\/hovb.no\/?page_id=7"},{"@type":"ListItem","position":3,"name":"ASEA Renu 28 Revitalizing Redox Gel"}]},{"@type":"WebSite","@id":"https:\/\/hovb.no\/#website","url":"https:\/\/hovb.no\/","name":"HOVB","description":"Helse og Velv\u00e6re Butikken","potentialAction":[{"@type":"SearchAction","target":{"@type":"EntryPoint","urlTemplate":"https:\/\/hovb.no\/?s={search_term_string}"},"query-input":{"@type":"PropertyValueSpecification","valueRequired":true,"valueName":"search_term_string"}}],"inLanguage":"nb-NO"}]}},"jetpack_sharing_enabled":true,"_links":{"self":[{"href":"https:\/\/hovb.no\/index.php?rest_route=\/wp\/v2\/product\/501209","targetHints":{"allow":["GET"]}}],"collection":[{"href":"https:\/\/hovb.no\/index.php?rest_route=\/wp\/v2\/product"}],"about":[{"href":"https:\/\/hovb.no\/index.php?rest_route=\/wp\/v2\/types\/product"}],"wp:featuredmedia":[{"embeddable":true,"href":"https:\/\/hovb.no\/index.php?rest_route=\/wp\/v2\/media\/501206"}],"wp:attachment":[{"href":"https:\/\/hovb.no\/index.php?rest_route=%2Fwp%2Fv2%2Fmedia&parent=501209"}],"wp:term":[{"taxonomy":"product_brand","embeddable":true,"href":"https:\/\/hovb.no\/index.php?rest_route=%2Fwp%2Fv2%2Fproduct_brand&post=501209"},{"taxonomy":"product_cat","embeddable":true,"href":"https:\/\/hovb.no\/index.php?rest_route=%2Fwp%2Fv2%2Fproduct_cat&post=501209"},{"taxonomy":"product_tag","embeddable":true,"href":"https:\/\/hovb.no\/index.php?rest_route=%2Fwp%2Fv2%2Fproduct_tag&post=501209"}],"curies":[{"name":"wp","href":"https:\/\/api.w.org\/{rel}","templated":true}]}}