{"id":501183,"date":"2023-07-11T13:00:30","date_gmt":"2023-07-11T11:00:30","guid":{"rendered":"https:\/\/hovb.no\/?post_type=product&#038;p=501183"},"modified":"2023-07-11T13:00:30","modified_gmt":"2023-07-11T11:00:30","slug":"renu-advanced-hudpleiesett-med-vask-og-krem","status":"publish","type":"product","link":"https:\/\/hovb.no\/?product=renu-advanced-hudpleiesett-med-vask-og-krem","title":{"rendered":"RENU Advanced Hudpleiesett med vask og krem"},"content":{"rendered":"<p>Med denne ansiktspleien settes huden din tilbake til sitt sunne, beste utgangspunkt.<\/p>\n<p>RENU Advanced kombinerer den patentbaserte redox signalteknologien med eksklusive ingredienser som st\u00f8tter redox og motvirker aldring.<\/p>\n<p>For bestilling trykk her eller trykk p\u00e5 nedenst\u00e5ende lenke:<\/p>\n<p>https:\/\/enroll.aseaglobal.com\/?dt=1500296759<\/p>\n<p>Dette hudpleie settet er godt \u00e5 supplere opp med Renu28 for resten av kroppen.<\/p>\n","protected":false},"excerpt":{"rendered":"<p>Med denne ansiktspleien settes huden din tilbake til sitt sunne, beste utgangspunkt. RENU Advanced kombinerer den patentbaserte redox signalteknologien med eksklusive ingredienser som st\u00f8tter redox og motvirker aldring. For bestilling trykk her eller trykk p\u00e5 nedenst\u00e5ende lenke: https:\/\/enroll.aseaglobal.com\/?dt=1500296759 Dette hudpleie settet er godt \u00e5 supplere opp med Renu28 for resten av kroppen.<\/p>\n","protected":false},"featured_media":501208,"template":"","meta":{"_et_pb_use_builder":"","_et_pb_old_content":"","_et_gb_content_width":""},"product_brand":[],"product_cat":[18],"product_tag":[100042,100054,100055,100041,100052,100053],"class_list":{"0":"post-501183","1":"product","2":"type-product","3":"status-publish","4":"has-post-thumbnail","6":"product_cat-kroppspleie","7":"product_tag-baerekraftig","8":"product_tag-hudpleie","9":"product_tag-hudpleiesett","10":"product_tag-okologisk","11":"product_tag-renu","12":"product_tag-renu-advanced-hudpleiesett","14":"first","15":"instock","16":"taxable","17":"shipping-taxable","18":"purchasable","19":"product-type-external"},"yoast_head":"<!-- This site is optimized with the Yoast SEO plugin v27.4 - https:\/\/yoast.com\/product\/yoast-seo-wordpress\/ -->\n<title>RENU Advanced Hudpleiesett med vask og krem - HOVB<\/title>\n<meta name=\"description\" content=\"Med denne ansiktspleien settes huden din tilbake til sitt sunne, beste utgangspunkt.\" \/>\n<meta name=\"robots\" content=\"index, follow, max-snippet:-1, max-image-preview:large, max-video-preview:-1\" \/>\n<link rel=\"canonical\" href=\"https:\/\/hovb.no\/?product=renu-advanced-hudpleiesett-med-vask-og-krem\" \/>\n<meta property=\"og:locale\" content=\"nb_NO\" \/>\n<meta property=\"og:type\" content=\"article\" \/>\n<meta property=\"og:title\" content=\"RENU Advanced Hudpleiesett med vask og krem - HOVB\" \/>\n<meta property=\"og:description\" content=\"Med denne ansiktspleien settes huden din tilbake til sitt sunne, beste utgangspunkt.\" \/>\n<meta property=\"og:url\" content=\"https:\/\/hovb.no\/?product=renu-advanced-hudpleiesett-med-vask-og-krem\" \/>\n<meta property=\"og:site_name\" content=\"HOVB\" \/>\n<meta property=\"og:image\" content=\"https:\/\/hovb.no\/wp-content\/uploads\/2023\/07\/RENUAdvanced-Family-Bathroom-Counter-3.png\" \/>\n\t<meta property=\"og:image:width\" content=\"1080\" \/>\n\t<meta property=\"og:image:height\" content=\"1080\" \/>\n\t<meta property=\"og:image:type\" content=\"image\/png\" \/>\n<meta name=\"twitter:card\" content=\"summary_large_image\" \/>\n<script type=\"application\/ld+json\" class=\"yoast-schema-graph\">{\"@context\":\"https:\\\/\\\/schema.org\",\"@graph\":[{\"@type\":\"WebPage\",\"@id\":\"https:\\\/\\\/hovb.no\\\/?product=renu-advanced-hudpleiesett-med-vask-og-krem\",\"url\":\"https:\\\/\\\/hovb.no\\\/?product=renu-advanced-hudpleiesett-med-vask-og-krem\",\"name\":\"RENU Advanced Hudpleiesett med vask og krem - HOVB\",\"isPartOf\":{\"@id\":\"https:\\\/\\\/hovb.no\\\/#website\"},\"primaryImageOfPage\":{\"@id\":\"https:\\\/\\\/hovb.no\\\/?product=renu-advanced-hudpleiesett-med-vask-og-krem#primaryimage\"},\"image\":{\"@id\":\"https:\\\/\\\/hovb.no\\\/?product=renu-advanced-hudpleiesett-med-vask-og-krem#primaryimage\"},\"thumbnailUrl\":\"https:\\\/\\\/hovb.no\\\/wp-content\\\/uploads\\\/2023\\\/07\\\/RENUAdvanced-Family-Bathroom-Counter-3.png\",\"datePublished\":\"2023-07-11T11:00:30+00:00\",\"description\":\"Med denne ansiktspleien settes huden din tilbake til sitt sunne, beste utgangspunkt.\",\"breadcrumb\":{\"@id\":\"https:\\\/\\\/hovb.no\\\/?product=renu-advanced-hudpleiesett-med-vask-og-krem#breadcrumb\"},\"inLanguage\":\"nb-NO\",\"potentialAction\":[{\"@type\":\"ReadAction\",\"target\":[\"https:\\\/\\\/hovb.no\\\/?product=renu-advanced-hudpleiesett-med-vask-og-krem\"]}]},{\"@type\":\"ImageObject\",\"inLanguage\":\"nb-NO\",\"@id\":\"https:\\\/\\\/hovb.no\\\/?product=renu-advanced-hudpleiesett-med-vask-og-krem#primaryimage\",\"url\":\"https:\\\/\\\/hovb.no\\\/wp-content\\\/uploads\\\/2023\\\/07\\\/RENUAdvanced-Family-Bathroom-Counter-3.png\",\"contentUrl\":\"https:\\\/\\\/hovb.no\\\/wp-content\\\/uploads\\\/2023\\\/07\\\/RENUAdvanced-Family-Bathroom-Counter-3.png\",\"width\":1080,\"height\":1080,\"caption\":\"RenuAdvanced\"},{\"@type\":\"BreadcrumbList\",\"@id\":\"https:\\\/\\\/hovb.no\\\/?product=renu-advanced-hudpleiesett-med-vask-og-krem#breadcrumb\",\"itemListElement\":[{\"@type\":\"ListItem\",\"position\":1,\"name\":\"Home\",\"item\":\"https:\\\/\\\/hovb.no\\\/\"},{\"@type\":\"ListItem\",\"position\":2,\"name\":\"Shop\",\"item\":\"https:\\\/\\\/hovb.no\\\/?page_id=7\"},{\"@type\":\"ListItem\",\"position\":3,\"name\":\"RENU Advanced Hudpleiesett med vask og krem\"}]},{\"@type\":\"WebSite\",\"@id\":\"https:\\\/\\\/hovb.no\\\/#website\",\"url\":\"https:\\\/\\\/hovb.no\\\/\",\"name\":\"HOVB\",\"description\":\"Helse og Velv\u00e6re Butikken\",\"potentialAction\":[{\"@type\":\"SearchAction\",\"target\":{\"@type\":\"EntryPoint\",\"urlTemplate\":\"https:\\\/\\\/hovb.no\\\/?s={search_term_string}\"},\"query-input\":{\"@type\":\"PropertyValueSpecification\",\"valueRequired\":true,\"valueName\":\"search_term_string\"}}],\"inLanguage\":\"nb-NO\"}]}<\/script>\n<!-- \/ Yoast SEO plugin. -->","yoast_head_json":{"title":"RENU Advanced Hudpleiesett med vask og krem - HOVB","description":"Med denne ansiktspleien settes huden din tilbake til sitt sunne, beste utgangspunkt.","robots":{"index":"index","follow":"follow","max-snippet":"max-snippet:-1","max-image-preview":"max-image-preview:large","max-video-preview":"max-video-preview:-1"},"canonical":"https:\/\/hovb.no\/?product=renu-advanced-hudpleiesett-med-vask-og-krem","og_locale":"nb_NO","og_type":"article","og_title":"RENU Advanced Hudpleiesett med vask og krem - HOVB","og_description":"Med denne ansiktspleien settes huden din tilbake til sitt sunne, beste utgangspunkt.","og_url":"https:\/\/hovb.no\/?product=renu-advanced-hudpleiesett-med-vask-og-krem","og_site_name":"HOVB","og_image":[{"width":1080,"height":1080,"url":"https:\/\/hovb.no\/wp-content\/uploads\/2023\/07\/RENUAdvanced-Family-Bathroom-Counter-3.png","type":"image\/png"}],"twitter_card":"summary_large_image","schema":{"@context":"https:\/\/schema.org","@graph":[{"@type":"WebPage","@id":"https:\/\/hovb.no\/?product=renu-advanced-hudpleiesett-med-vask-og-krem","url":"https:\/\/hovb.no\/?product=renu-advanced-hudpleiesett-med-vask-og-krem","name":"RENU Advanced Hudpleiesett med vask og krem - HOVB","isPartOf":{"@id":"https:\/\/hovb.no\/#website"},"primaryImageOfPage":{"@id":"https:\/\/hovb.no\/?product=renu-advanced-hudpleiesett-med-vask-og-krem#primaryimage"},"image":{"@id":"https:\/\/hovb.no\/?product=renu-advanced-hudpleiesett-med-vask-og-krem#primaryimage"},"thumbnailUrl":"https:\/\/hovb.no\/wp-content\/uploads\/2023\/07\/RENUAdvanced-Family-Bathroom-Counter-3.png","datePublished":"2023-07-11T11:00:30+00:00","description":"Med denne ansiktspleien settes huden din tilbake til sitt sunne, beste utgangspunkt.","breadcrumb":{"@id":"https:\/\/hovb.no\/?product=renu-advanced-hudpleiesett-med-vask-og-krem#breadcrumb"},"inLanguage":"nb-NO","potentialAction":[{"@type":"ReadAction","target":["https:\/\/hovb.no\/?product=renu-advanced-hudpleiesett-med-vask-og-krem"]}]},{"@type":"ImageObject","inLanguage":"nb-NO","@id":"https:\/\/hovb.no\/?product=renu-advanced-hudpleiesett-med-vask-og-krem#primaryimage","url":"https:\/\/hovb.no\/wp-content\/uploads\/2023\/07\/RENUAdvanced-Family-Bathroom-Counter-3.png","contentUrl":"https:\/\/hovb.no\/wp-content\/uploads\/2023\/07\/RENUAdvanced-Family-Bathroom-Counter-3.png","width":1080,"height":1080,"caption":"RenuAdvanced"},{"@type":"BreadcrumbList","@id":"https:\/\/hovb.no\/?product=renu-advanced-hudpleiesett-med-vask-og-krem#breadcrumb","itemListElement":[{"@type":"ListItem","position":1,"name":"Home","item":"https:\/\/hovb.no\/"},{"@type":"ListItem","position":2,"name":"Shop","item":"https:\/\/hovb.no\/?page_id=7"},{"@type":"ListItem","position":3,"name":"RENU Advanced Hudpleiesett med vask og krem"}]},{"@type":"WebSite","@id":"https:\/\/hovb.no\/#website","url":"https:\/\/hovb.no\/","name":"HOVB","description":"Helse og Velv\u00e6re Butikken","potentialAction":[{"@type":"SearchAction","target":{"@type":"EntryPoint","urlTemplate":"https:\/\/hovb.no\/?s={search_term_string}"},"query-input":{"@type":"PropertyValueSpecification","valueRequired":true,"valueName":"search_term_string"}}],"inLanguage":"nb-NO"}]}},"jetpack_sharing_enabled":true,"_links":{"self":[{"href":"https:\/\/hovb.no\/index.php?rest_route=\/wp\/v2\/product\/501183","targetHints":{"allow":["GET"]}}],"collection":[{"href":"https:\/\/hovb.no\/index.php?rest_route=\/wp\/v2\/product"}],"about":[{"href":"https:\/\/hovb.no\/index.php?rest_route=\/wp\/v2\/types\/product"}],"wp:featuredmedia":[{"embeddable":true,"href":"https:\/\/hovb.no\/index.php?rest_route=\/wp\/v2\/media\/501208"}],"wp:attachment":[{"href":"https:\/\/hovb.no\/index.php?rest_route=%2Fwp%2Fv2%2Fmedia&parent=501183"}],"wp:term":[{"taxonomy":"product_brand","embeddable":true,"href":"https:\/\/hovb.no\/index.php?rest_route=%2Fwp%2Fv2%2Fproduct_brand&post=501183"},{"taxonomy":"product_cat","embeddable":true,"href":"https:\/\/hovb.no\/index.php?rest_route=%2Fwp%2Fv2%2Fproduct_cat&post=501183"},{"taxonomy":"product_tag","embeddable":true,"href":"https:\/\/hovb.no\/index.php?rest_route=%2Fwp%2Fv2%2Fproduct_tag&post=501183"}],"curies":[{"name":"wp","href":"https:\/\/api.w.org\/{rel}","templated":true}]}}