{"id":501180,"date":"2023-07-11T12:28:28","date_gmt":"2023-07-11T10:28:28","guid":{"rendered":"https:\/\/hovb.no\/?post_type=product&#038;p=501180"},"modified":"2023-07-11T12:28:28","modified_gmt":"2023-07-11T10:28:28","slug":"bbhugme-ekstra-pute-trekk","status":"publish","type":"product","link":"https:\/\/hovb.no\/?product=bbhugme-ekstra-pute-trekk","title":{"rendered":"Bbhugme ekstra pute trekk"},"content":{"rendered":"<p>bbhugme Pregnancy Pillow Cover Dusty Olive er et putetrekk til bbhugme gravidpute.<br \/>\nbbhugme Pregnancy Pillow Cover er laget i 95 % \u00f8kologisk bomull og 5 % elastan. Sertifisert av OEKO-TEX\u00ae.<\/p>\n<p>Gir en silkemyk f\u00f8lelse i kontakt med huden. Behagelig for b\u00e5de deg og barnet.<\/p>\n<p>Vaskeanvisning: Trekket kan vaskes i vaskemaskin p\u00e5 40 grader.<\/p>\n<p>bbhugme er utviklet av tre norske, kvinnelige kiropraktorer og entrepren\u00f8rer som er spesialister p\u00e5 muskel- og skjettplager hos barn, gravide og kvinner som nettopp har f\u00f8dt barn.<\/p>\n","protected":false},"excerpt":{"rendered":"<p>bbhugme Pregnancy Pillow Cover Dusty Olive er et putetrekk til bbhugme gravidpute. bbhugme Pregnancy Pillow Cover er laget i 95 % \u00f8kologisk bomull og 5 % elastan. Sertifisert av OEKO-TEX\u00ae. Gir en silkemyk f\u00f8lelse i kontakt med huden. Behagelig for b\u00e5de deg og barnet. Vaskeanvisning: Trekket kan vaskes i vaskemaskin p\u00e5 40 grader. bbhugme er [&hellip;]<\/p>\n","protected":false},"featured_media":501182,"template":"","meta":{"_et_pb_use_builder":"","_et_pb_old_content":"","_et_gb_content_width":""},"product_brand":[],"product_cat":[18,19],"product_tag":[100045,100033,100042,100043,100050,100049,100047,100035,100037,100048],"class_list":{"0":"post-501180","1":"product","2":"type-product","3":"status-publish","4":"has-post-thumbnail","6":"product_cat-kroppspleie","7":"product_cat-massasjeutstyr","8":"product_tag-ammetid","9":"product_tag-baby","10":"product_tag-baerekraftig","11":"product_tag-bbhugme","12":"product_tag-bekkenplager","13":"product_tag-gravidpute","14":"product_tag-komfort","15":"product_tag-mamma-tid","16":"product_tag-overskudd","17":"product_tag-skulderstott","19":"first","20":"instock","21":"taxable","22":"shipping-taxable","23":"purchasable","24":"product-type-external"},"yoast_head":"<!-- This site is optimized with the Yoast SEO plugin v27.4 - https:\/\/yoast.com\/product\/yoast-seo-wordpress\/ -->\n<title>Bbhugme ekstra pute trekk - HOVB<\/title>\n<meta name=\"description\" content=\"BBhugme ekstra pute trekk til gravidpute\" \/>\n<meta name=\"robots\" content=\"index, follow, max-snippet:-1, max-image-preview:large, max-video-preview:-1\" \/>\n<link rel=\"canonical\" href=\"https:\/\/hovb.no\/?product=bbhugme-ekstra-pute-trekk\" \/>\n<meta property=\"og:locale\" content=\"nb_NO\" \/>\n<meta property=\"og:type\" content=\"article\" \/>\n<meta property=\"og:title\" content=\"Bbhugme ekstra pute trekk - HOVB\" \/>\n<meta property=\"og:description\" content=\"BBhugme ekstra pute trekk til gravidpute\" \/>\n<meta property=\"og:url\" content=\"https:\/\/hovb.no\/?product=bbhugme-ekstra-pute-trekk\" \/>\n<meta property=\"og:site_name\" content=\"HOVB\" \/>\n<meta property=\"og:image\" content=\"https:\/\/hovb.no\/wp-content\/uploads\/2023\/07\/Washable_Pregnancy_Pillow_Cover_Dusty_Olive_900x.webp\" \/>\n\t<meta property=\"og:image:width\" content=\"900\" \/>\n\t<meta property=\"og:image:height\" content=\"600\" \/>\n\t<meta property=\"og:image:type\" content=\"image\/webp\" \/>\n<meta name=\"twitter:card\" content=\"summary_large_image\" \/>\n<script type=\"application\/ld+json\" class=\"yoast-schema-graph\">{\"@context\":\"https:\\\/\\\/schema.org\",\"@graph\":[{\"@type\":\"WebPage\",\"@id\":\"https:\\\/\\\/hovb.no\\\/?product=bbhugme-ekstra-pute-trekk\",\"url\":\"https:\\\/\\\/hovb.no\\\/?product=bbhugme-ekstra-pute-trekk\",\"name\":\"Bbhugme ekstra pute trekk - HOVB\",\"isPartOf\":{\"@id\":\"https:\\\/\\\/hovb.no\\\/#website\"},\"primaryImageOfPage\":{\"@id\":\"https:\\\/\\\/hovb.no\\\/?product=bbhugme-ekstra-pute-trekk#primaryimage\"},\"image\":{\"@id\":\"https:\\\/\\\/hovb.no\\\/?product=bbhugme-ekstra-pute-trekk#primaryimage\"},\"thumbnailUrl\":\"https:\\\/\\\/hovb.no\\\/wp-content\\\/uploads\\\/2023\\\/07\\\/Washable_Pregnancy_Pillow_Cover_Dusty_Olive_900x.webp\",\"datePublished\":\"2023-07-11T10:28:28+00:00\",\"description\":\"BBhugme ekstra pute trekk til gravidpute\",\"breadcrumb\":{\"@id\":\"https:\\\/\\\/hovb.no\\\/?product=bbhugme-ekstra-pute-trekk#breadcrumb\"},\"inLanguage\":\"nb-NO\",\"potentialAction\":[{\"@type\":\"ReadAction\",\"target\":[\"https:\\\/\\\/hovb.no\\\/?product=bbhugme-ekstra-pute-trekk\"]}]},{\"@type\":\"ImageObject\",\"inLanguage\":\"nb-NO\",\"@id\":\"https:\\\/\\\/hovb.no\\\/?product=bbhugme-ekstra-pute-trekk#primaryimage\",\"url\":\"https:\\\/\\\/hovb.no\\\/wp-content\\\/uploads\\\/2023\\\/07\\\/Washable_Pregnancy_Pillow_Cover_Dusty_Olive_900x.webp\",\"contentUrl\":\"https:\\\/\\\/hovb.no\\\/wp-content\\\/uploads\\\/2023\\\/07\\\/Washable_Pregnancy_Pillow_Cover_Dusty_Olive_900x.webp\",\"width\":900,\"height\":600},{\"@type\":\"BreadcrumbList\",\"@id\":\"https:\\\/\\\/hovb.no\\\/?product=bbhugme-ekstra-pute-trekk#breadcrumb\",\"itemListElement\":[{\"@type\":\"ListItem\",\"position\":1,\"name\":\"Home\",\"item\":\"https:\\\/\\\/hovb.no\\\/\"},{\"@type\":\"ListItem\",\"position\":2,\"name\":\"Shop\",\"item\":\"https:\\\/\\\/hovb.no\\\/?page_id=7\"},{\"@type\":\"ListItem\",\"position\":3,\"name\":\"Bbhugme ekstra pute trekk\"}]},{\"@type\":\"WebSite\",\"@id\":\"https:\\\/\\\/hovb.no\\\/#website\",\"url\":\"https:\\\/\\\/hovb.no\\\/\",\"name\":\"HOVB\",\"description\":\"Helse og Velv\u00e6re Butikken\",\"potentialAction\":[{\"@type\":\"SearchAction\",\"target\":{\"@type\":\"EntryPoint\",\"urlTemplate\":\"https:\\\/\\\/hovb.no\\\/?s={search_term_string}\"},\"query-input\":{\"@type\":\"PropertyValueSpecification\",\"valueRequired\":true,\"valueName\":\"search_term_string\"}}],\"inLanguage\":\"nb-NO\"}]}<\/script>\n<!-- \/ Yoast SEO plugin. -->","yoast_head_json":{"title":"Bbhugme ekstra pute trekk - HOVB","description":"BBhugme ekstra pute trekk til gravidpute","robots":{"index":"index","follow":"follow","max-snippet":"max-snippet:-1","max-image-preview":"max-image-preview:large","max-video-preview":"max-video-preview:-1"},"canonical":"https:\/\/hovb.no\/?product=bbhugme-ekstra-pute-trekk","og_locale":"nb_NO","og_type":"article","og_title":"Bbhugme ekstra pute trekk - HOVB","og_description":"BBhugme ekstra pute trekk til gravidpute","og_url":"https:\/\/hovb.no\/?product=bbhugme-ekstra-pute-trekk","og_site_name":"HOVB","og_image":[{"width":900,"height":600,"url":"https:\/\/hovb.no\/wp-content\/uploads\/2023\/07\/Washable_Pregnancy_Pillow_Cover_Dusty_Olive_900x.webp","type":"image\/webp"}],"twitter_card":"summary_large_image","schema":{"@context":"https:\/\/schema.org","@graph":[{"@type":"WebPage","@id":"https:\/\/hovb.no\/?product=bbhugme-ekstra-pute-trekk","url":"https:\/\/hovb.no\/?product=bbhugme-ekstra-pute-trekk","name":"Bbhugme ekstra pute trekk - HOVB","isPartOf":{"@id":"https:\/\/hovb.no\/#website"},"primaryImageOfPage":{"@id":"https:\/\/hovb.no\/?product=bbhugme-ekstra-pute-trekk#primaryimage"},"image":{"@id":"https:\/\/hovb.no\/?product=bbhugme-ekstra-pute-trekk#primaryimage"},"thumbnailUrl":"https:\/\/hovb.no\/wp-content\/uploads\/2023\/07\/Washable_Pregnancy_Pillow_Cover_Dusty_Olive_900x.webp","datePublished":"2023-07-11T10:28:28+00:00","description":"BBhugme ekstra pute trekk til gravidpute","breadcrumb":{"@id":"https:\/\/hovb.no\/?product=bbhugme-ekstra-pute-trekk#breadcrumb"},"inLanguage":"nb-NO","potentialAction":[{"@type":"ReadAction","target":["https:\/\/hovb.no\/?product=bbhugme-ekstra-pute-trekk"]}]},{"@type":"ImageObject","inLanguage":"nb-NO","@id":"https:\/\/hovb.no\/?product=bbhugme-ekstra-pute-trekk#primaryimage","url":"https:\/\/hovb.no\/wp-content\/uploads\/2023\/07\/Washable_Pregnancy_Pillow_Cover_Dusty_Olive_900x.webp","contentUrl":"https:\/\/hovb.no\/wp-content\/uploads\/2023\/07\/Washable_Pregnancy_Pillow_Cover_Dusty_Olive_900x.webp","width":900,"height":600},{"@type":"BreadcrumbList","@id":"https:\/\/hovb.no\/?product=bbhugme-ekstra-pute-trekk#breadcrumb","itemListElement":[{"@type":"ListItem","position":1,"name":"Home","item":"https:\/\/hovb.no\/"},{"@type":"ListItem","position":2,"name":"Shop","item":"https:\/\/hovb.no\/?page_id=7"},{"@type":"ListItem","position":3,"name":"Bbhugme ekstra pute trekk"}]},{"@type":"WebSite","@id":"https:\/\/hovb.no\/#website","url":"https:\/\/hovb.no\/","name":"HOVB","description":"Helse og Velv\u00e6re Butikken","potentialAction":[{"@type":"SearchAction","target":{"@type":"EntryPoint","urlTemplate":"https:\/\/hovb.no\/?s={search_term_string}"},"query-input":{"@type":"PropertyValueSpecification","valueRequired":true,"valueName":"search_term_string"}}],"inLanguage":"nb-NO"}]}},"jetpack_sharing_enabled":true,"_links":{"self":[{"href":"https:\/\/hovb.no\/index.php?rest_route=\/wp\/v2\/product\/501180","targetHints":{"allow":["GET"]}}],"collection":[{"href":"https:\/\/hovb.no\/index.php?rest_route=\/wp\/v2\/product"}],"about":[{"href":"https:\/\/hovb.no\/index.php?rest_route=\/wp\/v2\/types\/product"}],"wp:featuredmedia":[{"embeddable":true,"href":"https:\/\/hovb.no\/index.php?rest_route=\/wp\/v2\/media\/501182"}],"wp:attachment":[{"href":"https:\/\/hovb.no\/index.php?rest_route=%2Fwp%2Fv2%2Fmedia&parent=501180"}],"wp:term":[{"taxonomy":"product_brand","embeddable":true,"href":"https:\/\/hovb.no\/index.php?rest_route=%2Fwp%2Fv2%2Fproduct_brand&post=501180"},{"taxonomy":"product_cat","embeddable":true,"href":"https:\/\/hovb.no\/index.php?rest_route=%2Fwp%2Fv2%2Fproduct_cat&post=501180"},{"taxonomy":"product_tag","embeddable":true,"href":"https:\/\/hovb.no\/index.php?rest_route=%2Fwp%2Fv2%2Fproduct_tag&post=501180"}],"curies":[{"name":"wp","href":"https:\/\/api.w.org\/{rel}","templated":true}]}}