{"id":501177,"date":"2023-07-11T12:18:19","date_gmt":"2023-07-11T10:18:19","guid":{"rendered":"https:\/\/hovb.no\/?post_type=product&#038;p=501177"},"modified":"2023-07-11T12:18:20","modified_gmt":"2023-07-11T10:18:20","slug":"bbhugme-gravid-pute-oliven-gronn","status":"publish","type":"product","link":"https:\/\/hovb.no\/?product=bbhugme-gravid-pute-oliven-gronn","title":{"rendered":"BBhugme Gravid Pute, Oliven Gr\u00f8nn"},"content":{"rendered":"<p>bbhugme Pregnancy Pillow er en multifunksjonell pute som kan brukes som en avlang \u00abp\u00f8lse\u00bb eller knytes sammen i sidene til en ring, gjennom en enkel justeringsmekanisme. Gravidputen gir justerbar fasthet som gir deg optimal komfort. Puten kan brukes som en full kroppspute under graviditet. Kvinner som lider av rygg- og bekkenplager sover ofte d\u00e5rligere fordi de sliter med \u00e5 finne en smertefri hvilestilling. Puten gir riktig st\u00f8tte til de viktigste omr\u00e5dene \u2013 mage, bekken, korsrygg, kn\u00e6r og ankler \u2013 full 5-punkts st\u00f8tte som betyr bedre hvilestilling for deg. Bruk puten i sengen, i sofaen eller n\u00e5r du sitter ved skrivebordet.<\/p>\n<p>Innerputen er fylt med resirkulerbare og antibakterielle ESP-kuler (ekstruderte\/utvidede polystyren\/isopor-kuler) som hindrer utvikling av blant annet sopp ved at de ikke suger opp v\u00e6ske. ESP-kuler er myke, komfortable og justerbare kuler som tilpasses kroppens fasong. Kulene har gode varmeisolerende egenskaper og er ikke brennbare.<\/p>\n<p>bbhugme leveres med trekk som er sertifisert av OEKO-TEX. Silikonringene som er l\u00e5semekanismen, er BPA-frie, kan ogs\u00e5 brukes som biteleke til barnet. Putens innhold er sertifisert for bruk til baby. Om du \u00f8nsker flere trekk, kan det kj\u00f8pes separat.<\/p>\n<p>Lengde: 1,5 m<\/p>\n<p>Vaskeanvisning:<br \/>\nTrekket kan vaskes i vaskemaskin p\u00e5 40 grader. Silikonringene kan vaskes i vaskemaskin og kokes. Innerputen vaskes lett i dusj eller badekar.<\/p>\n<p>bbhugme er utviklet av tre norske, kvinnelige kiropraktorer og entrepren\u00f8rer som er spesialister p\u00e5 muskel- og skjettplager hos barn, gravide og kvinner som nettopp har f\u00f8dt barn.<\/p>\n","protected":false},"excerpt":{"rendered":"<p>bbhugme Pregnancy Pillow er en multifunksjonell pute som kan brukes som en avlang \u00abp\u00f8lse\u00bb eller knytes sammen i sidene til en ring, gjennom en enkel justeringsmekanisme. Gravidputen gir justerbar fasthet som gir deg optimal komfort. Puten kan brukes som en full kroppspute under graviditet. Kvinner som lider av rygg- og bekkenplager sover ofte d\u00e5rligere fordi [&hellip;]<\/p>\n","protected":false},"featured_media":501179,"template":"","meta":{"_et_pb_use_builder":"","_et_pb_old_content":"","_et_gb_content_width":""},"product_brand":[],"product_cat":[18,19],"product_tag":[100045,100033,100042,100043,100050,100038,100049,100036,100047,100034,100046,100037,100048],"class_list":{"0":"post-501177","1":"product","2":"type-product","3":"status-publish","4":"has-post-thumbnail","6":"product_cat-kroppspleie","7":"product_cat-massasjeutstyr","8":"product_tag-ammetid","9":"product_tag-baby","10":"product_tag-baerekraftig","11":"product_tag-bbhugme","12":"product_tag-bekkenplager","13":"product_tag-egenkjaerlihet","14":"product_tag-gravidpute","15":"product_tag-guide","16":"product_tag-komfort","17":"product_tag-mamma","18":"product_tag-mammatid","19":"product_tag-overskudd","20":"product_tag-skulderstott","22":"first","23":"instock","24":"taxable","25":"shipping-taxable","26":"purchasable","27":"product-type-external"},"yoast_head":"<!-- This site is optimized with the Yoast SEO plugin v27.4 - https:\/\/yoast.com\/product\/yoast-seo-wordpress\/ -->\n<title>BBhugme Gravid Pute, Oliven Gr\u00f8nn - HOVB<\/title>\n<meta name=\"description\" content=\"bbhugme Pregnancy Pillow er en multifunksjonell Gravid pute\" \/>\n<meta name=\"robots\" content=\"index, follow, max-snippet:-1, max-image-preview:large, max-video-preview:-1\" \/>\n<link rel=\"canonical\" href=\"https:\/\/hovb.no\/?product=bbhugme-gravid-pute-oliven-gronn\" \/>\n<meta property=\"og:locale\" content=\"nb_NO\" \/>\n<meta property=\"og:type\" content=\"article\" \/>\n<meta property=\"og:title\" content=\"BBhugme Gravid Pute, Oliven Gr\u00f8nn - HOVB\" \/>\n<meta property=\"og:description\" content=\"bbhugme Pregnancy Pillow er en multifunksjonell Gravid pute\" \/>\n<meta property=\"og:url\" content=\"https:\/\/hovb.no\/?product=bbhugme-gravid-pute-oliven-gronn\" \/>\n<meta property=\"og:site_name\" content=\"HOVB\" \/>\n<meta property=\"article:modified_time\" content=\"2023-07-11T10:18:20+00:00\" \/>\n<meta property=\"og:image\" content=\"https:\/\/hovb.no\/wp-content\/uploads\/2023\/07\/bbhugme_Pregnancy_Pillow_DustyOlive_4_900x.webp\" \/>\n\t<meta property=\"og:image:width\" content=\"900\" \/>\n\t<meta property=\"og:image:height\" content=\"723\" \/>\n\t<meta property=\"og:image:type\" content=\"image\/webp\" \/>\n<meta name=\"twitter:card\" content=\"summary_large_image\" \/>\n<script type=\"application\/ld+json\" class=\"yoast-schema-graph\">{\"@context\":\"https:\\\/\\\/schema.org\",\"@graph\":[{\"@type\":\"WebPage\",\"@id\":\"https:\\\/\\\/hovb.no\\\/?product=bbhugme-gravid-pute-oliven-gronn\",\"url\":\"https:\\\/\\\/hovb.no\\\/?product=bbhugme-gravid-pute-oliven-gronn\",\"name\":\"BBhugme Gravid Pute, Oliven Gr\u00f8nn - HOVB\",\"isPartOf\":{\"@id\":\"https:\\\/\\\/hovb.no\\\/#website\"},\"primaryImageOfPage\":{\"@id\":\"https:\\\/\\\/hovb.no\\\/?product=bbhugme-gravid-pute-oliven-gronn#primaryimage\"},\"image\":{\"@id\":\"https:\\\/\\\/hovb.no\\\/?product=bbhugme-gravid-pute-oliven-gronn#primaryimage\"},\"thumbnailUrl\":\"https:\\\/\\\/hovb.no\\\/wp-content\\\/uploads\\\/2023\\\/07\\\/bbhugme_Pregnancy_Pillow_DustyOlive_4_900x.webp\",\"datePublished\":\"2023-07-11T10:18:19+00:00\",\"dateModified\":\"2023-07-11T10:18:20+00:00\",\"description\":\"bbhugme Pregnancy Pillow er en multifunksjonell Gravid pute\",\"breadcrumb\":{\"@id\":\"https:\\\/\\\/hovb.no\\\/?product=bbhugme-gravid-pute-oliven-gronn#breadcrumb\"},\"inLanguage\":\"nb-NO\",\"potentialAction\":[{\"@type\":\"ReadAction\",\"target\":[\"https:\\\/\\\/hovb.no\\\/?product=bbhugme-gravid-pute-oliven-gronn\"]}]},{\"@type\":\"ImageObject\",\"inLanguage\":\"nb-NO\",\"@id\":\"https:\\\/\\\/hovb.no\\\/?product=bbhugme-gravid-pute-oliven-gronn#primaryimage\",\"url\":\"https:\\\/\\\/hovb.no\\\/wp-content\\\/uploads\\\/2023\\\/07\\\/bbhugme_Pregnancy_Pillow_DustyOlive_4_900x.webp\",\"contentUrl\":\"https:\\\/\\\/hovb.no\\\/wp-content\\\/uploads\\\/2023\\\/07\\\/bbhugme_Pregnancy_Pillow_DustyOlive_4_900x.webp\",\"width\":900,\"height\":723},{\"@type\":\"BreadcrumbList\",\"@id\":\"https:\\\/\\\/hovb.no\\\/?product=bbhugme-gravid-pute-oliven-gronn#breadcrumb\",\"itemListElement\":[{\"@type\":\"ListItem\",\"position\":1,\"name\":\"Home\",\"item\":\"https:\\\/\\\/hovb.no\\\/\"},{\"@type\":\"ListItem\",\"position\":2,\"name\":\"Shop\",\"item\":\"https:\\\/\\\/hovb.no\\\/?page_id=7\"},{\"@type\":\"ListItem\",\"position\":3,\"name\":\"BBhugme Gravid Pute, Oliven Gr\u00f8nn\"}]},{\"@type\":\"WebSite\",\"@id\":\"https:\\\/\\\/hovb.no\\\/#website\",\"url\":\"https:\\\/\\\/hovb.no\\\/\",\"name\":\"HOVB\",\"description\":\"Helse og Velv\u00e6re Butikken\",\"potentialAction\":[{\"@type\":\"SearchAction\",\"target\":{\"@type\":\"EntryPoint\",\"urlTemplate\":\"https:\\\/\\\/hovb.no\\\/?s={search_term_string}\"},\"query-input\":{\"@type\":\"PropertyValueSpecification\",\"valueRequired\":true,\"valueName\":\"search_term_string\"}}],\"inLanguage\":\"nb-NO\"}]}<\/script>\n<!-- \/ Yoast SEO plugin. -->","yoast_head_json":{"title":"BBhugme Gravid Pute, Oliven Gr\u00f8nn - HOVB","description":"bbhugme Pregnancy Pillow er en multifunksjonell Gravid pute","robots":{"index":"index","follow":"follow","max-snippet":"max-snippet:-1","max-image-preview":"max-image-preview:large","max-video-preview":"max-video-preview:-1"},"canonical":"https:\/\/hovb.no\/?product=bbhugme-gravid-pute-oliven-gronn","og_locale":"nb_NO","og_type":"article","og_title":"BBhugme Gravid Pute, Oliven Gr\u00f8nn - HOVB","og_description":"bbhugme Pregnancy Pillow er en multifunksjonell Gravid pute","og_url":"https:\/\/hovb.no\/?product=bbhugme-gravid-pute-oliven-gronn","og_site_name":"HOVB","article_modified_time":"2023-07-11T10:18:20+00:00","og_image":[{"width":900,"height":723,"url":"https:\/\/hovb.no\/wp-content\/uploads\/2023\/07\/bbhugme_Pregnancy_Pillow_DustyOlive_4_900x.webp","type":"image\/webp"}],"twitter_card":"summary_large_image","schema":{"@context":"https:\/\/schema.org","@graph":[{"@type":"WebPage","@id":"https:\/\/hovb.no\/?product=bbhugme-gravid-pute-oliven-gronn","url":"https:\/\/hovb.no\/?product=bbhugme-gravid-pute-oliven-gronn","name":"BBhugme Gravid Pute, Oliven Gr\u00f8nn - HOVB","isPartOf":{"@id":"https:\/\/hovb.no\/#website"},"primaryImageOfPage":{"@id":"https:\/\/hovb.no\/?product=bbhugme-gravid-pute-oliven-gronn#primaryimage"},"image":{"@id":"https:\/\/hovb.no\/?product=bbhugme-gravid-pute-oliven-gronn#primaryimage"},"thumbnailUrl":"https:\/\/hovb.no\/wp-content\/uploads\/2023\/07\/bbhugme_Pregnancy_Pillow_DustyOlive_4_900x.webp","datePublished":"2023-07-11T10:18:19+00:00","dateModified":"2023-07-11T10:18:20+00:00","description":"bbhugme Pregnancy Pillow er en multifunksjonell Gravid pute","breadcrumb":{"@id":"https:\/\/hovb.no\/?product=bbhugme-gravid-pute-oliven-gronn#breadcrumb"},"inLanguage":"nb-NO","potentialAction":[{"@type":"ReadAction","target":["https:\/\/hovb.no\/?product=bbhugme-gravid-pute-oliven-gronn"]}]},{"@type":"ImageObject","inLanguage":"nb-NO","@id":"https:\/\/hovb.no\/?product=bbhugme-gravid-pute-oliven-gronn#primaryimage","url":"https:\/\/hovb.no\/wp-content\/uploads\/2023\/07\/bbhugme_Pregnancy_Pillow_DustyOlive_4_900x.webp","contentUrl":"https:\/\/hovb.no\/wp-content\/uploads\/2023\/07\/bbhugme_Pregnancy_Pillow_DustyOlive_4_900x.webp","width":900,"height":723},{"@type":"BreadcrumbList","@id":"https:\/\/hovb.no\/?product=bbhugme-gravid-pute-oliven-gronn#breadcrumb","itemListElement":[{"@type":"ListItem","position":1,"name":"Home","item":"https:\/\/hovb.no\/"},{"@type":"ListItem","position":2,"name":"Shop","item":"https:\/\/hovb.no\/?page_id=7"},{"@type":"ListItem","position":3,"name":"BBhugme Gravid Pute, Oliven Gr\u00f8nn"}]},{"@type":"WebSite","@id":"https:\/\/hovb.no\/#website","url":"https:\/\/hovb.no\/","name":"HOVB","description":"Helse og Velv\u00e6re Butikken","potentialAction":[{"@type":"SearchAction","target":{"@type":"EntryPoint","urlTemplate":"https:\/\/hovb.no\/?s={search_term_string}"},"query-input":{"@type":"PropertyValueSpecification","valueRequired":true,"valueName":"search_term_string"}}],"inLanguage":"nb-NO"}]}},"jetpack_sharing_enabled":true,"_links":{"self":[{"href":"https:\/\/hovb.no\/index.php?rest_route=\/wp\/v2\/product\/501177","targetHints":{"allow":["GET"]}}],"collection":[{"href":"https:\/\/hovb.no\/index.php?rest_route=\/wp\/v2\/product"}],"about":[{"href":"https:\/\/hovb.no\/index.php?rest_route=\/wp\/v2\/types\/product"}],"wp:featuredmedia":[{"embeddable":true,"href":"https:\/\/hovb.no\/index.php?rest_route=\/wp\/v2\/media\/501179"}],"wp:attachment":[{"href":"https:\/\/hovb.no\/index.php?rest_route=%2Fwp%2Fv2%2Fmedia&parent=501177"}],"wp:term":[{"taxonomy":"product_brand","embeddable":true,"href":"https:\/\/hovb.no\/index.php?rest_route=%2Fwp%2Fv2%2Fproduct_brand&post=501177"},{"taxonomy":"product_cat","embeddable":true,"href":"https:\/\/hovb.no\/index.php?rest_route=%2Fwp%2Fv2%2Fproduct_cat&post=501177"},{"taxonomy":"product_tag","embeddable":true,"href":"https:\/\/hovb.no\/index.php?rest_route=%2Fwp%2Fv2%2Fproduct_tag&post=501177"}],"curies":[{"name":"wp","href":"https:\/\/api.w.org\/{rel}","templated":true}]}}