{"id":501170,"date":"2023-07-11T12:07:33","date_gmt":"2023-07-11T10:07:33","guid":{"rendered":"https:\/\/hovb.no\/?post_type=product&#038;p=501170"},"modified":"2023-07-11T12:21:49","modified_gmt":"2023-07-11T10:21:49","slug":"bbhugme-ammebh-2","status":"publish","type":"product","link":"https:\/\/hovb.no\/?product=bbhugme-ammebh-2","title":{"rendered":"BBhugme Amme Bh, Sort"},"content":{"rendered":"<p>bbhugme Everyday Nursing Bra tilbyr en klipps kontrol for enklere tilgang til ammingen.<\/p>\n<p>* S\u00f8ml\u00f8s design med god st\u00f8tte under brystene for s\u00e5re bryster<br \/>\n* 8 forskjellige innstillinger p\u00e5 stroppen bak, tilpasset de voksende bryster<br \/>\n* den unike &laquo;smart clip&raquo; p\u00e5 stroppen gj\u00f8r det enkelt \u00e5 h\u00e5ndtere med en h\u00e5nd ved amming<br \/>\n* Everyday amme bh har lommer til enkelt \u00e5 sette inn eller fjerne amme innlegg<\/p>\n<p>BBhugme Amme bh finnes i fargen Hvit og Sort<\/p>\n<p>For hvit bh, trykk her:https:\/\/hovb.no\/?product=bbhugme-ammebh<\/p>\n","protected":false},"excerpt":{"rendered":"<p>bbhugme Everyday Nursing Bra tilbyr en klipps kontrol for enklere tilgang til ammingen. * S\u00f8ml\u00f8s design med god st\u00f8tte under brystene for s\u00e5re bryster * 8 forskjellige innstillinger p\u00e5 stroppen bak, tilpasset de voksende bryster * den unike &laquo;smart clip&raquo; p\u00e5 stroppen gj\u00f8r det enkelt \u00e5 h\u00e5ndtere med en h\u00e5nd ved amming * Everyday amme [&hellip;]<\/p>\n","protected":false},"featured_media":501164,"template":"","meta":{"_et_pb_use_builder":"","_et_pb_old_content":"","_et_gb_content_width":""},"product_brand":[],"product_cat":[18,19],"product_tag":[100051,100045,100033,100042,100043,100038,100047,100034,100035,100046,100037,100048],"class_list":{"0":"post-501170","1":"product","2":"type-product","3":"status-publish","4":"has-post-thumbnail","6":"product_cat-kroppspleie","7":"product_cat-massasjeutstyr","8":"product_tag-amme-bh","9":"product_tag-ammetid","10":"product_tag-baby","11":"product_tag-baerekraftig","12":"product_tag-bbhugme","13":"product_tag-egenkjaerlihet","14":"product_tag-komfort","15":"product_tag-mamma","16":"product_tag-mamma-tid","17":"product_tag-mammatid","18":"product_tag-overskudd","19":"product_tag-skulderstott","21":"first","22":"instock","23":"taxable","24":"shipping-taxable","25":"purchasable","26":"product-type-external"},"yoast_head":"<!-- This site is optimized with the Yoast SEO plugin v27.4 - https:\/\/yoast.com\/product\/yoast-seo-wordpress\/ -->\n<title>BBhugme Amme Bh, Sort - HOVB<\/title>\n<meta name=\"description\" content=\"bbhugme Everyday Nursing Bra tilbyr en klipps kontrol for enklere tilgang til ammingen\" \/>\n<meta name=\"robots\" content=\"index, follow, max-snippet:-1, max-image-preview:large, max-video-preview:-1\" \/>\n<link rel=\"canonical\" href=\"https:\/\/hovb.no\/?product=bbhugme-ammebh-2\" \/>\n<meta property=\"og:locale\" content=\"nb_NO\" \/>\n<meta property=\"og:type\" content=\"article\" \/>\n<meta property=\"og:title\" content=\"BBhugme Amme Bh, Sort - HOVB\" \/>\n<meta property=\"og:description\" content=\"bbhugme Everyday Nursing Bra tilbyr en klipps kontrol for enklere tilgang til ammingen\" \/>\n<meta property=\"og:url\" content=\"https:\/\/hovb.no\/?product=bbhugme-ammebh-2\" \/>\n<meta property=\"og:site_name\" content=\"HOVB\" \/>\n<meta property=\"article:modified_time\" content=\"2023-07-11T10:21:49+00:00\" \/>\n<meta property=\"og:image\" content=\"https:\/\/hovb.no\/wp-content\/uploads\/2023\/07\/EverydayNursingBra_Black_NP_BlueMelange_Lifestyle_A_360x.webp\" \/>\n\t<meta property=\"og:image:width\" content=\"360\" \/>\n\t<meta property=\"og:image:height\" content=\"480\" \/>\n\t<meta property=\"og:image:type\" content=\"image\/webp\" \/>\n<meta name=\"twitter:card\" content=\"summary_large_image\" \/>\n<meta name=\"twitter:label1\" content=\"Ansl. lesetid\" \/>\n\t<meta name=\"twitter:data1\" content=\"1 minutt\" \/>\n<script type=\"application\/ld+json\" class=\"yoast-schema-graph\">{\"@context\":\"https:\\\/\\\/schema.org\",\"@graph\":[{\"@type\":\"WebPage\",\"@id\":\"https:\\\/\\\/hovb.no\\\/?product=bbhugme-ammebh-2\",\"url\":\"https:\\\/\\\/hovb.no\\\/?product=bbhugme-ammebh-2\",\"name\":\"BBhugme Amme Bh, Sort - HOVB\",\"isPartOf\":{\"@id\":\"https:\\\/\\\/hovb.no\\\/#website\"},\"primaryImageOfPage\":{\"@id\":\"https:\\\/\\\/hovb.no\\\/?product=bbhugme-ammebh-2#primaryimage\"},\"image\":{\"@id\":\"https:\\\/\\\/hovb.no\\\/?product=bbhugme-ammebh-2#primaryimage\"},\"thumbnailUrl\":\"https:\\\/\\\/hovb.no\\\/wp-content\\\/uploads\\\/2023\\\/07\\\/EverydayNursingBra_Black_NP_BlueMelange_Lifestyle_A_360x.webp\",\"datePublished\":\"2023-07-11T10:07:33+00:00\",\"dateModified\":\"2023-07-11T10:21:49+00:00\",\"description\":\"bbhugme Everyday Nursing Bra tilbyr en klipps kontrol for enklere tilgang til ammingen\",\"breadcrumb\":{\"@id\":\"https:\\\/\\\/hovb.no\\\/?product=bbhugme-ammebh-2#breadcrumb\"},\"inLanguage\":\"nb-NO\",\"potentialAction\":[{\"@type\":\"ReadAction\",\"target\":[\"https:\\\/\\\/hovb.no\\\/?product=bbhugme-ammebh-2\"]}]},{\"@type\":\"ImageObject\",\"inLanguage\":\"nb-NO\",\"@id\":\"https:\\\/\\\/hovb.no\\\/?product=bbhugme-ammebh-2#primaryimage\",\"url\":\"https:\\\/\\\/hovb.no\\\/wp-content\\\/uploads\\\/2023\\\/07\\\/EverydayNursingBra_Black_NP_BlueMelange_Lifestyle_A_360x.webp\",\"contentUrl\":\"https:\\\/\\\/hovb.no\\\/wp-content\\\/uploads\\\/2023\\\/07\\\/EverydayNursingBra_Black_NP_BlueMelange_Lifestyle_A_360x.webp\",\"width\":360,\"height\":480,\"caption\":\"AmmeBh\"},{\"@type\":\"BreadcrumbList\",\"@id\":\"https:\\\/\\\/hovb.no\\\/?product=bbhugme-ammebh-2#breadcrumb\",\"itemListElement\":[{\"@type\":\"ListItem\",\"position\":1,\"name\":\"Home\",\"item\":\"https:\\\/\\\/hovb.no\\\/\"},{\"@type\":\"ListItem\",\"position\":2,\"name\":\"Shop\",\"item\":\"https:\\\/\\\/hovb.no\\\/?page_id=7\"},{\"@type\":\"ListItem\",\"position\":3,\"name\":\"BBhugme Amme Bh, Sort\"}]},{\"@type\":\"WebSite\",\"@id\":\"https:\\\/\\\/hovb.no\\\/#website\",\"url\":\"https:\\\/\\\/hovb.no\\\/\",\"name\":\"HOVB\",\"description\":\"Helse og Velv\u00e6re Butikken\",\"potentialAction\":[{\"@type\":\"SearchAction\",\"target\":{\"@type\":\"EntryPoint\",\"urlTemplate\":\"https:\\\/\\\/hovb.no\\\/?s={search_term_string}\"},\"query-input\":{\"@type\":\"PropertyValueSpecification\",\"valueRequired\":true,\"valueName\":\"search_term_string\"}}],\"inLanguage\":\"nb-NO\"}]}<\/script>\n<!-- \/ Yoast SEO plugin. -->","yoast_head_json":{"title":"BBhugme Amme Bh, Sort - HOVB","description":"bbhugme Everyday Nursing Bra tilbyr en klipps kontrol for enklere tilgang til ammingen","robots":{"index":"index","follow":"follow","max-snippet":"max-snippet:-1","max-image-preview":"max-image-preview:large","max-video-preview":"max-video-preview:-1"},"canonical":"https:\/\/hovb.no\/?product=bbhugme-ammebh-2","og_locale":"nb_NO","og_type":"article","og_title":"BBhugme Amme Bh, Sort - HOVB","og_description":"bbhugme Everyday Nursing Bra tilbyr en klipps kontrol for enklere tilgang til ammingen","og_url":"https:\/\/hovb.no\/?product=bbhugme-ammebh-2","og_site_name":"HOVB","article_modified_time":"2023-07-11T10:21:49+00:00","og_image":[{"width":360,"height":480,"url":"https:\/\/hovb.no\/wp-content\/uploads\/2023\/07\/EverydayNursingBra_Black_NP_BlueMelange_Lifestyle_A_360x.webp","type":"image\/webp"}],"twitter_card":"summary_large_image","twitter_misc":{"Ansl. lesetid":"1 minutt"},"schema":{"@context":"https:\/\/schema.org","@graph":[{"@type":"WebPage","@id":"https:\/\/hovb.no\/?product=bbhugme-ammebh-2","url":"https:\/\/hovb.no\/?product=bbhugme-ammebh-2","name":"BBhugme Amme Bh, Sort - HOVB","isPartOf":{"@id":"https:\/\/hovb.no\/#website"},"primaryImageOfPage":{"@id":"https:\/\/hovb.no\/?product=bbhugme-ammebh-2#primaryimage"},"image":{"@id":"https:\/\/hovb.no\/?product=bbhugme-ammebh-2#primaryimage"},"thumbnailUrl":"https:\/\/hovb.no\/wp-content\/uploads\/2023\/07\/EverydayNursingBra_Black_NP_BlueMelange_Lifestyle_A_360x.webp","datePublished":"2023-07-11T10:07:33+00:00","dateModified":"2023-07-11T10:21:49+00:00","description":"bbhugme Everyday Nursing Bra tilbyr en klipps kontrol for enklere tilgang til ammingen","breadcrumb":{"@id":"https:\/\/hovb.no\/?product=bbhugme-ammebh-2#breadcrumb"},"inLanguage":"nb-NO","potentialAction":[{"@type":"ReadAction","target":["https:\/\/hovb.no\/?product=bbhugme-ammebh-2"]}]},{"@type":"ImageObject","inLanguage":"nb-NO","@id":"https:\/\/hovb.no\/?product=bbhugme-ammebh-2#primaryimage","url":"https:\/\/hovb.no\/wp-content\/uploads\/2023\/07\/EverydayNursingBra_Black_NP_BlueMelange_Lifestyle_A_360x.webp","contentUrl":"https:\/\/hovb.no\/wp-content\/uploads\/2023\/07\/EverydayNursingBra_Black_NP_BlueMelange_Lifestyle_A_360x.webp","width":360,"height":480,"caption":"AmmeBh"},{"@type":"BreadcrumbList","@id":"https:\/\/hovb.no\/?product=bbhugme-ammebh-2#breadcrumb","itemListElement":[{"@type":"ListItem","position":1,"name":"Home","item":"https:\/\/hovb.no\/"},{"@type":"ListItem","position":2,"name":"Shop","item":"https:\/\/hovb.no\/?page_id=7"},{"@type":"ListItem","position":3,"name":"BBhugme Amme Bh, Sort"}]},{"@type":"WebSite","@id":"https:\/\/hovb.no\/#website","url":"https:\/\/hovb.no\/","name":"HOVB","description":"Helse og Velv\u00e6re Butikken","potentialAction":[{"@type":"SearchAction","target":{"@type":"EntryPoint","urlTemplate":"https:\/\/hovb.no\/?s={search_term_string}"},"query-input":{"@type":"PropertyValueSpecification","valueRequired":true,"valueName":"search_term_string"}}],"inLanguage":"nb-NO"}]}},"jetpack_sharing_enabled":true,"_links":{"self":[{"href":"https:\/\/hovb.no\/index.php?rest_route=\/wp\/v2\/product\/501170","targetHints":{"allow":["GET"]}}],"collection":[{"href":"https:\/\/hovb.no\/index.php?rest_route=\/wp\/v2\/product"}],"about":[{"href":"https:\/\/hovb.no\/index.php?rest_route=\/wp\/v2\/types\/product"}],"wp:featuredmedia":[{"embeddable":true,"href":"https:\/\/hovb.no\/index.php?rest_route=\/wp\/v2\/media\/501164"}],"wp:attachment":[{"href":"https:\/\/hovb.no\/index.php?rest_route=%2Fwp%2Fv2%2Fmedia&parent=501170"}],"wp:term":[{"taxonomy":"product_brand","embeddable":true,"href":"https:\/\/hovb.no\/index.php?rest_route=%2Fwp%2Fv2%2Fproduct_brand&post=501170"},{"taxonomy":"product_cat","embeddable":true,"href":"https:\/\/hovb.no\/index.php?rest_route=%2Fwp%2Fv2%2Fproduct_cat&post=501170"},{"taxonomy":"product_tag","embeddable":true,"href":"https:\/\/hovb.no\/index.php?rest_route=%2Fwp%2Fv2%2Fproduct_tag&post=501170"}],"curies":[{"name":"wp","href":"https:\/\/api.w.org\/{rel}","templated":true}]}}