{"id":501148,"date":"2023-07-11T11:39:38","date_gmt":"2023-07-11T09:39:38","guid":{"rendered":"https:\/\/hovb.no\/?post_type=product&#038;p=501148"},"modified":"2023-07-11T11:39:39","modified_gmt":"2023-07-11T09:39:39","slug":"bbhugme-ammepute","status":"publish","type":"product","link":"https:\/\/hovb.no\/?product=bbhugme-ammepute","title":{"rendered":"BBhugme Ammepute"},"content":{"rendered":"<p>bbhugme Nursing Pillow er en multifunksjonell pute som kan brukes som en avlang \u00abp\u00f8lse\u00bb eller knytes sammen i sidene til en ring, gjennom en enkel justeringsmekanisme. Ammeputen gir justerbar fasthet som gir deg optimal komfort. Ammeputen kan brukes hjemme og p\u00e5 reise. Den festes enkelt rundt midjen for \u00e5 gi bedre nakke og skulderst\u00f8tte for deg, samt ekstra komfort for barnet ditt. Dette gj\u00f8r at mor og barn lettere kan slappe av og fokusere i denne viktige stunden. Ammeputen kan ogs\u00e5 brukes som st\u00f8ttepute n\u00e5r du b\u00e6rer barnet ditt p\u00e5 hoften.<\/p>\n<p>Innerputen er fylt med resirkulerbare og antibakterielle ESP-kuler (ekstruderte\/utvidede polysteren\/isopor-kuler) som hindrer utvikling av blant annet sopp ved at de ikke suger opp v\u00e6ske. ESP-kuler er myke, komfortable og justerbare kuler som tilpasses kroppens fasong. Kulene har gode varmeisolerende egenskaper og er ikke brennbare.<\/p>\n<p>bbhugme leveres med trekk som er sertifisert av OEKO-TEX. Silikonringene som er l\u00e5semekanismen, er BPA-frie, kan ogs\u00e5 brukes som biteleke til barnet. Putens innhold er sertifisert for bruk til baby. Om du \u00f8nsker flere trekk, kan det kj\u00f8pes separat. bbhugme nursing pillow kommer i en b\u00e6rbar reisev\u00e6ske, praktisk og enkel \u00e5 bruke uansett hvor du er.<\/p>\n<p>Lengde: 60 cm. Diameter: 12 cm<\/p>\n<p>Vaskeanvisning: Trekket kan vaskes i vaskemaskin p\u00e5 40 grader. Silikonringene kan vaskes i vaskemaskin og kokes. Innerputen vaskes lett i dusj eller badekar.<\/p>\n<p>bbhugme er utviklet av tre norske, kvinnelige kiropraktorer og entrepren\u00f8rer som er spesialister p\u00e5 muskel- og skjettplager hos barn, gravide og kvinner som nettopp har f\u00f8dt barn<\/p>\n","protected":false},"excerpt":{"rendered":"<p>bbhugme Nursing Pillow er en multifunksjonell pute som kan brukes som en avlang \u00abp\u00f8lse\u00bb eller knytes sammen i sidene til en ring, gjennom en enkel justeringsmekanisme. Ammeputen gir justerbar fasthet som gir deg optimal komfort. Ammeputen kan brukes hjemme og p\u00e5 reise. Den festes enkelt rundt midjen for \u00e5 gi bedre nakke og skulderst\u00f8tte for [&hellip;]<\/p>\n","protected":false},"featured_media":501150,"template":"","meta":{"_et_pb_use_builder":"","_et_pb_old_content":"","_et_gb_content_width":""},"product_brand":[],"product_cat":[27,19],"product_tag":[100044,100045,100043,100047,100034,100046,100048],"class_list":{"0":"post-501148","1":"product","2":"type-product","3":"status-publish","4":"has-post-thumbnail","6":"product_cat-babymassasje","7":"product_cat-massasjeutstyr","8":"product_tag-ammepute","9":"product_tag-ammetid","10":"product_tag-bbhugme","11":"product_tag-komfort","12":"product_tag-mamma","13":"product_tag-mammatid","14":"product_tag-skulderstott","16":"first","17":"instock","18":"taxable","19":"shipping-taxable","20":"purchasable","21":"product-type-external"},"yoast_head":"<!-- This site is optimized with the Yoast SEO plugin v27.4 - https:\/\/yoast.com\/product\/yoast-seo-wordpress\/ -->\n<title>BBhugme Ammepute - HOVB<\/title>\n<meta name=\"description\" content=\"BBhugme Ammepute, en flerfunksjonell pute som kan brukes til amming, nursing, nesting.\" \/>\n<meta name=\"robots\" content=\"index, follow, max-snippet:-1, max-image-preview:large, max-video-preview:-1\" \/>\n<link rel=\"canonical\" href=\"https:\/\/hovb.no\/?product=bbhugme-ammepute\" \/>\n<meta property=\"og:locale\" content=\"nb_NO\" \/>\n<meta property=\"og:type\" content=\"article\" \/>\n<meta property=\"og:title\" content=\"BBhugme Ammepute - HOVB\" \/>\n<meta property=\"og:description\" content=\"BBhugme Ammepute, en flerfunksjonell pute som kan brukes til amming, nursing, nesting.\" \/>\n<meta property=\"og:url\" content=\"https:\/\/hovb.no\/?product=bbhugme-ammepute\" \/>\n<meta property=\"og:site_name\" content=\"HOVB\" \/>\n<meta property=\"article:modified_time\" content=\"2023-07-11T09:39:39+00:00\" \/>\n<meta property=\"og:image\" content=\"https:\/\/hovb.no\/wp-content\/uploads\/2023\/07\/ammepute-pink-dust.webp\" \/>\n\t<meta property=\"og:image:width\" content=\"720\" \/>\n\t<meta property=\"og:image:height\" content=\"578\" \/>\n\t<meta property=\"og:image:type\" content=\"image\/webp\" \/>\n<meta name=\"twitter:card\" content=\"summary_large_image\" \/>\n<script type=\"application\/ld+json\" class=\"yoast-schema-graph\">{\"@context\":\"https:\\\/\\\/schema.org\",\"@graph\":[{\"@type\":\"WebPage\",\"@id\":\"https:\\\/\\\/hovb.no\\\/?product=bbhugme-ammepute\",\"url\":\"https:\\\/\\\/hovb.no\\\/?product=bbhugme-ammepute\",\"name\":\"BBhugme Ammepute - HOVB\",\"isPartOf\":{\"@id\":\"https:\\\/\\\/hovb.no\\\/#website\"},\"primaryImageOfPage\":{\"@id\":\"https:\\\/\\\/hovb.no\\\/?product=bbhugme-ammepute#primaryimage\"},\"image\":{\"@id\":\"https:\\\/\\\/hovb.no\\\/?product=bbhugme-ammepute#primaryimage\"},\"thumbnailUrl\":\"https:\\\/\\\/hovb.no\\\/wp-content\\\/uploads\\\/2023\\\/07\\\/ammepute-pink-dust.webp\",\"datePublished\":\"2023-07-11T09:39:38+00:00\",\"dateModified\":\"2023-07-11T09:39:39+00:00\",\"description\":\"BBhugme Ammepute, en flerfunksjonell pute som kan brukes til amming, nursing, nesting.\",\"breadcrumb\":{\"@id\":\"https:\\\/\\\/hovb.no\\\/?product=bbhugme-ammepute#breadcrumb\"},\"inLanguage\":\"nb-NO\",\"potentialAction\":[{\"@type\":\"ReadAction\",\"target\":[\"https:\\\/\\\/hovb.no\\\/?product=bbhugme-ammepute\"]}]},{\"@type\":\"ImageObject\",\"inLanguage\":\"nb-NO\",\"@id\":\"https:\\\/\\\/hovb.no\\\/?product=bbhugme-ammepute#primaryimage\",\"url\":\"https:\\\/\\\/hovb.no\\\/wp-content\\\/uploads\\\/2023\\\/07\\\/ammepute-pink-dust.webp\",\"contentUrl\":\"https:\\\/\\\/hovb.no\\\/wp-content\\\/uploads\\\/2023\\\/07\\\/ammepute-pink-dust.webp\",\"width\":720,\"height\":578},{\"@type\":\"BreadcrumbList\",\"@id\":\"https:\\\/\\\/hovb.no\\\/?product=bbhugme-ammepute#breadcrumb\",\"itemListElement\":[{\"@type\":\"ListItem\",\"position\":1,\"name\":\"Home\",\"item\":\"https:\\\/\\\/hovb.no\\\/\"},{\"@type\":\"ListItem\",\"position\":2,\"name\":\"Shop\",\"item\":\"https:\\\/\\\/hovb.no\\\/?page_id=7\"},{\"@type\":\"ListItem\",\"position\":3,\"name\":\"BBhugme Ammepute\"}]},{\"@type\":\"WebSite\",\"@id\":\"https:\\\/\\\/hovb.no\\\/#website\",\"url\":\"https:\\\/\\\/hovb.no\\\/\",\"name\":\"HOVB\",\"description\":\"Helse og Velv\u00e6re Butikken\",\"potentialAction\":[{\"@type\":\"SearchAction\",\"target\":{\"@type\":\"EntryPoint\",\"urlTemplate\":\"https:\\\/\\\/hovb.no\\\/?s={search_term_string}\"},\"query-input\":{\"@type\":\"PropertyValueSpecification\",\"valueRequired\":true,\"valueName\":\"search_term_string\"}}],\"inLanguage\":\"nb-NO\"}]}<\/script>\n<!-- \/ Yoast SEO plugin. -->","yoast_head_json":{"title":"BBhugme Ammepute - HOVB","description":"BBhugme Ammepute, en flerfunksjonell pute som kan brukes til amming, nursing, nesting.","robots":{"index":"index","follow":"follow","max-snippet":"max-snippet:-1","max-image-preview":"max-image-preview:large","max-video-preview":"max-video-preview:-1"},"canonical":"https:\/\/hovb.no\/?product=bbhugme-ammepute","og_locale":"nb_NO","og_type":"article","og_title":"BBhugme Ammepute - HOVB","og_description":"BBhugme Ammepute, en flerfunksjonell pute som kan brukes til amming, nursing, nesting.","og_url":"https:\/\/hovb.no\/?product=bbhugme-ammepute","og_site_name":"HOVB","article_modified_time":"2023-07-11T09:39:39+00:00","og_image":[{"width":720,"height":578,"url":"https:\/\/hovb.no\/wp-content\/uploads\/2023\/07\/ammepute-pink-dust.webp","type":"image\/webp"}],"twitter_card":"summary_large_image","schema":{"@context":"https:\/\/schema.org","@graph":[{"@type":"WebPage","@id":"https:\/\/hovb.no\/?product=bbhugme-ammepute","url":"https:\/\/hovb.no\/?product=bbhugme-ammepute","name":"BBhugme Ammepute - HOVB","isPartOf":{"@id":"https:\/\/hovb.no\/#website"},"primaryImageOfPage":{"@id":"https:\/\/hovb.no\/?product=bbhugme-ammepute#primaryimage"},"image":{"@id":"https:\/\/hovb.no\/?product=bbhugme-ammepute#primaryimage"},"thumbnailUrl":"https:\/\/hovb.no\/wp-content\/uploads\/2023\/07\/ammepute-pink-dust.webp","datePublished":"2023-07-11T09:39:38+00:00","dateModified":"2023-07-11T09:39:39+00:00","description":"BBhugme Ammepute, en flerfunksjonell pute som kan brukes til amming, nursing, nesting.","breadcrumb":{"@id":"https:\/\/hovb.no\/?product=bbhugme-ammepute#breadcrumb"},"inLanguage":"nb-NO","potentialAction":[{"@type":"ReadAction","target":["https:\/\/hovb.no\/?product=bbhugme-ammepute"]}]},{"@type":"ImageObject","inLanguage":"nb-NO","@id":"https:\/\/hovb.no\/?product=bbhugme-ammepute#primaryimage","url":"https:\/\/hovb.no\/wp-content\/uploads\/2023\/07\/ammepute-pink-dust.webp","contentUrl":"https:\/\/hovb.no\/wp-content\/uploads\/2023\/07\/ammepute-pink-dust.webp","width":720,"height":578},{"@type":"BreadcrumbList","@id":"https:\/\/hovb.no\/?product=bbhugme-ammepute#breadcrumb","itemListElement":[{"@type":"ListItem","position":1,"name":"Home","item":"https:\/\/hovb.no\/"},{"@type":"ListItem","position":2,"name":"Shop","item":"https:\/\/hovb.no\/?page_id=7"},{"@type":"ListItem","position":3,"name":"BBhugme Ammepute"}]},{"@type":"WebSite","@id":"https:\/\/hovb.no\/#website","url":"https:\/\/hovb.no\/","name":"HOVB","description":"Helse og Velv\u00e6re Butikken","potentialAction":[{"@type":"SearchAction","target":{"@type":"EntryPoint","urlTemplate":"https:\/\/hovb.no\/?s={search_term_string}"},"query-input":{"@type":"PropertyValueSpecification","valueRequired":true,"valueName":"search_term_string"}}],"inLanguage":"nb-NO"}]}},"jetpack_sharing_enabled":true,"_links":{"self":[{"href":"https:\/\/hovb.no\/index.php?rest_route=\/wp\/v2\/product\/501148","targetHints":{"allow":["GET"]}}],"collection":[{"href":"https:\/\/hovb.no\/index.php?rest_route=\/wp\/v2\/product"}],"about":[{"href":"https:\/\/hovb.no\/index.php?rest_route=\/wp\/v2\/types\/product"}],"wp:featuredmedia":[{"embeddable":true,"href":"https:\/\/hovb.no\/index.php?rest_route=\/wp\/v2\/media\/501150"}],"wp:attachment":[{"href":"https:\/\/hovb.no\/index.php?rest_route=%2Fwp%2Fv2%2Fmedia&parent=501148"}],"wp:term":[{"taxonomy":"product_brand","embeddable":true,"href":"https:\/\/hovb.no\/index.php?rest_route=%2Fwp%2Fv2%2Fproduct_brand&post=501148"},{"taxonomy":"product_cat","embeddable":true,"href":"https:\/\/hovb.no\/index.php?rest_route=%2Fwp%2Fv2%2Fproduct_cat&post=501148"},{"taxonomy":"product_tag","embeddable":true,"href":"https:\/\/hovb.no\/index.php?rest_route=%2Fwp%2Fv2%2Fproduct_tag&post=501148"}],"curies":[{"name":"wp","href":"https:\/\/api.w.org\/{rel}","templated":true}]}}