{"id":501114,"date":"2022-12-07T12:05:30","date_gmt":"2022-12-07T11:05:30","guid":{"rendered":"https:\/\/hovb.no\/?post_type=product&#038;p=501114"},"modified":"2025-05-17T14:38:46","modified_gmt":"2025-05-17T12:38:46","slug":"therma-herbal-poultice-urte-massasje-2","status":"publish","type":"product","link":"https:\/\/hovb.no\/?product=therma-herbal-poultice-urte-massasje-2","title":{"rendered":"GET THE GLOW &#8211; MARINA MIRACLE"},"content":{"rendered":"<p>[et_pb_section fb_built=&raquo;1&#8243; _builder_version=&raquo;4.16&#8243; custom_padding=&raquo;0px||||false|false&raquo; global_colors_info=&raquo;{}&raquo;][et_pb_row _builder_version=&raquo;4.16&#8243; background_size=&raquo;initial&raquo; background_position=&raquo;top_left&raquo; background_repeat=&raquo;repeat&raquo; width=&raquo;100%&raquo; custom_padding=&raquo;0px||0px||false|false&raquo; global_colors_info=&raquo;{}&raquo;][et_pb_column type=&raquo;4_4&#8243; _builder_version=&raquo;4.16&#8243; custom_padding=&raquo;|||&raquo; global_colors_info=&raquo;{}&raquo; custom_padding__hover=&raquo;|||&raquo;][et_pb_wc_cart_notice _builder_version=&raquo;4.16&#8243; global_colors_info=&raquo;{}&raquo;][\/et_pb_wc_cart_notice][\/et_pb_column][\/et_pb_row][et_pb_row column_structure=&raquo;1_2,1_2&#8243; _builder_version=&raquo;4.16&#8243; background_size=&raquo;initial&raquo; background_position=&raquo;top_left&raquo; background_repeat=&raquo;repeat&raquo; width=&raquo;100%&raquo; custom_padding=&raquo;0px||||false|false&raquo; global_colors_info=&raquo;{}&raquo;][et_pb_column type=&raquo;1_2&#8243; _builder_version=&raquo;4.16&#8243; custom_padding=&raquo;|||&raquo; global_colors_info=&raquo;{}&raquo; custom_padding__hover=&raquo;|||&raquo;][et_pb_wc_images _builder_version=&raquo;4.16&#8243; global_colors_info=&raquo;{}&raquo;][\/et_pb_wc_images][\/et_pb_column][et_pb_column type=&raquo;1_2&#8243; _builder_version=&raquo;4.16&#8243; custom_padding=&raquo;|||&raquo; global_colors_info=&raquo;{}&raquo; custom_padding__hover=&raquo;|||&raquo;][et_pb_wc_title _builder_version=&raquo;4.17.3&#8243; header_font=&raquo;|||on|||||&raquo; header_font_size=&raquo;40px&raquo; global_colors_info=&raquo;{}&raquo;][\/et_pb_wc_title][et_pb_wc_price _builder_version=&raquo;4.17.3&#8243; body_font=&raquo;||||||||&raquo; global_colors_info=&raquo;{}&raquo;][\/et_pb_wc_price][et_pb_wc_description _builder_version=&raquo;4.17.3&#8243; body_font=&raquo;|300|||||||&raquo; global_colors_info=&raquo;{}&raquo;][\/et_pb_wc_description][et_pb_wc_add_to_cart _builder_version=&raquo;4.17.3&#8243; fields_font=&raquo;||||||||&raquo; custom_button=&raquo;on&raquo; button_font=&raquo;|||on|||||&raquo; button_icon=&raquo;&#x35;||divi||400&#8243; global_colors_info=&raquo;{}&raquo;][\/et_pb_wc_add_to_cart][et_pb_wc_meta _builder_version=&raquo;4.17.3&#8243; body_font=&raquo;||||||||&raquo; global_colors_info=&raquo;{}&raquo;][\/et_pb_wc_meta][\/et_pb_column][\/et_pb_row][et_pb_row _builder_version=&raquo;4.18.0&#8243; _module_preset=&raquo;default&raquo; global_colors_info=&raquo;{}&raquo;][et_pb_column type=&raquo;4_4&#8243; _builder_version=&raquo;4.18.0&#8243; _module_preset=&raquo;default&raquo; global_colors_info=&raquo;{}&raquo;][et_pb_divider color=&raquo;#eaeaea&raquo; divider_weight=&raquo;1px&raquo; _builder_version=&raquo;4.18.0&#8243; _module_preset=&raquo;default&raquo; global_colors_info=&raquo;{}&raquo;][\/et_pb_divider][et_pb_wc_related_products _builder_version=&raquo;4.18.0&#8243; _module_preset=&raquo;default&raquo; global_colors_info=&raquo;{}&raquo;][\/et_pb_wc_related_products][\/et_pb_column][\/et_pb_row][\/et_pb_section]<\/p>\n","protected":false},"excerpt":{"rendered":"<p>Brukes til en varm og avstressende urte massasjebehandling. Selve Urte kompressoren er fylt med forfriskende naturlige urter, krydder, samt delikate blomster &#8211; alle pakket inn i en behandling fra Thailand.<br \/>\nHver enkelt urte kompressor er h\u00e5ndlaget og unik.<\/p>\n","protected":false},"featured_media":501282,"template":"","meta":{"_et_pb_use_builder":"on","_et_pb_old_content":"","_et_gb_content_width":""},"product_brand":[100065],"product_cat":[18],"product_tag":[100042,100040,100041,100039],"class_list":{"0":"post-501114","1":"product","2":"type-product","3":"status-publish","4":"has-post-thumbnail","6":"product_brand-marina-miracle","7":"product_cat-kroppspleie","8":"product_tag-baerekraftig","9":"product_tag-massasje","10":"product_tag-okologisk","11":"product_tag-urte-massasje","13":"first","14":"instock","15":"taxable","16":"shipping-taxable","17":"purchasable","18":"product-type-simple"},"yoast_head":"<!-- This site is optimized with the Yoast SEO plugin v27.4 - https:\/\/yoast.com\/product\/yoast-seo-wordpress\/ -->\n<title>GET THE GLOW - MARINA MIRACLE - HOVB<\/title>\n<meta name=\"description\" content=\"F\u00e5 gl\u00f8den du alltid har dr\u00f8mt om! Dette gavekitet inneholder det du trenger for \u00e5 gj\u00f8re b\u00e5de deg og huden full av ny gl\u00f8d.\" \/>\n<meta name=\"robots\" content=\"index, follow, max-snippet:-1, max-image-preview:large, max-video-preview:-1\" \/>\n<link rel=\"canonical\" href=\"https:\/\/hovb.no\/?product=therma-herbal-poultice-urte-massasje-2\" \/>\n<meta property=\"og:locale\" content=\"nb_NO\" \/>\n<meta property=\"og:type\" content=\"article\" \/>\n<meta property=\"og:title\" content=\"GET THE GLOW - MARINA MIRACLE - HOVB\" \/>\n<meta property=\"og:description\" content=\"F\u00e5 gl\u00f8den du alltid har dr\u00f8mt om! Dette gavekitet inneholder det du trenger for \u00e5 gj\u00f8re b\u00e5de deg og huden full av ny gl\u00f8d.\" \/>\n<meta property=\"og:url\" content=\"https:\/\/hovb.no\/?product=therma-herbal-poultice-urte-massasje-2\" \/>\n<meta property=\"og:site_name\" content=\"HOVB\" \/>\n<meta property=\"article:modified_time\" content=\"2025-05-17T12:38:46+00:00\" \/>\n<meta property=\"og:image\" content=\"https:\/\/hovb.no\/wp-content\/uploads\/2022\/04\/Get_the_glow.jpg\" \/>\n\t<meta property=\"og:image:width\" content=\"348\" \/>\n\t<meta property=\"og:image:height\" content=\"263\" \/>\n\t<meta property=\"og:image:type\" content=\"image\/jpeg\" \/>\n<meta name=\"twitter:card\" content=\"summary_large_image\" \/>\n<meta name=\"twitter:label1\" content=\"Ansl. lesetid\" \/>\n\t<meta name=\"twitter:data1\" content=\"2 minutter\" \/>\n<script type=\"application\/ld+json\" class=\"yoast-schema-graph\">{\"@context\":\"https:\\\/\\\/schema.org\",\"@graph\":[{\"@type\":\"WebPage\",\"@id\":\"https:\\\/\\\/hovb.no\\\/?product=therma-herbal-poultice-urte-massasje-2\",\"url\":\"https:\\\/\\\/hovb.no\\\/?product=therma-herbal-poultice-urte-massasje-2\",\"name\":\"GET THE GLOW - MARINA MIRACLE - HOVB\",\"isPartOf\":{\"@id\":\"https:\\\/\\\/hovb.no\\\/#website\"},\"primaryImageOfPage\":{\"@id\":\"https:\\\/\\\/hovb.no\\\/?product=therma-herbal-poultice-urte-massasje-2#primaryimage\"},\"image\":{\"@id\":\"https:\\\/\\\/hovb.no\\\/?product=therma-herbal-poultice-urte-massasje-2#primaryimage\"},\"thumbnailUrl\":\"https:\\\/\\\/hovb.no\\\/wp-content\\\/uploads\\\/2022\\\/04\\\/Get_the_glow.jpg\",\"datePublished\":\"2022-12-07T11:05:30+00:00\",\"dateModified\":\"2025-05-17T12:38:46+00:00\",\"description\":\"F\u00e5 gl\u00f8den du alltid har dr\u00f8mt om! Dette gavekitet inneholder det du trenger for \u00e5 gj\u00f8re b\u00e5de deg og huden full av ny gl\u00f8d.\",\"breadcrumb\":{\"@id\":\"https:\\\/\\\/hovb.no\\\/?product=therma-herbal-poultice-urte-massasje-2#breadcrumb\"},\"inLanguage\":\"nb-NO\",\"potentialAction\":[{\"@type\":\"ReadAction\",\"target\":[\"https:\\\/\\\/hovb.no\\\/?product=therma-herbal-poultice-urte-massasje-2\"]}]},{\"@type\":\"ImageObject\",\"inLanguage\":\"nb-NO\",\"@id\":\"https:\\\/\\\/hovb.no\\\/?product=therma-herbal-poultice-urte-massasje-2#primaryimage\",\"url\":\"https:\\\/\\\/hovb.no\\\/wp-content\\\/uploads\\\/2022\\\/04\\\/Get_the_glow.jpg\",\"contentUrl\":\"https:\\\/\\\/hovb.no\\\/wp-content\\\/uploads\\\/2022\\\/04\\\/Get_the_glow.jpg\",\"width\":348,\"height\":263,\"caption\":\"GET THE GLOW - MARINA MIRACLE\"},{\"@type\":\"BreadcrumbList\",\"@id\":\"https:\\\/\\\/hovb.no\\\/?product=therma-herbal-poultice-urte-massasje-2#breadcrumb\",\"itemListElement\":[{\"@type\":\"ListItem\",\"position\":1,\"name\":\"Home\",\"item\":\"https:\\\/\\\/hovb.no\\\/\"},{\"@type\":\"ListItem\",\"position\":2,\"name\":\"Shop\",\"item\":\"https:\\\/\\\/hovb.no\\\/?page_id=7\"},{\"@type\":\"ListItem\",\"position\":3,\"name\":\"GET THE GLOW &#8211; MARINA MIRACLE\"}]},{\"@type\":\"WebSite\",\"@id\":\"https:\\\/\\\/hovb.no\\\/#website\",\"url\":\"https:\\\/\\\/hovb.no\\\/\",\"name\":\"HOVB\",\"description\":\"Helse og Velv\u00e6re Butikken\",\"potentialAction\":[{\"@type\":\"SearchAction\",\"target\":{\"@type\":\"EntryPoint\",\"urlTemplate\":\"https:\\\/\\\/hovb.no\\\/?s={search_term_string}\"},\"query-input\":{\"@type\":\"PropertyValueSpecification\",\"valueRequired\":true,\"valueName\":\"search_term_string\"}}],\"inLanguage\":\"nb-NO\"}]}<\/script>\n<!-- \/ Yoast SEO plugin. -->","yoast_head_json":{"title":"GET THE GLOW - MARINA MIRACLE - HOVB","description":"F\u00e5 gl\u00f8den du alltid har dr\u00f8mt om! Dette gavekitet inneholder det du trenger for \u00e5 gj\u00f8re b\u00e5de deg og huden full av ny gl\u00f8d.","robots":{"index":"index","follow":"follow","max-snippet":"max-snippet:-1","max-image-preview":"max-image-preview:large","max-video-preview":"max-video-preview:-1"},"canonical":"https:\/\/hovb.no\/?product=therma-herbal-poultice-urte-massasje-2","og_locale":"nb_NO","og_type":"article","og_title":"GET THE GLOW - MARINA MIRACLE - HOVB","og_description":"F\u00e5 gl\u00f8den du alltid har dr\u00f8mt om! Dette gavekitet inneholder det du trenger for \u00e5 gj\u00f8re b\u00e5de deg og huden full av ny gl\u00f8d.","og_url":"https:\/\/hovb.no\/?product=therma-herbal-poultice-urte-massasje-2","og_site_name":"HOVB","article_modified_time":"2025-05-17T12:38:46+00:00","og_image":[{"width":348,"height":263,"url":"https:\/\/hovb.no\/wp-content\/uploads\/2022\/04\/Get_the_glow.jpg","type":"image\/jpeg"}],"twitter_card":"summary_large_image","twitter_misc":{"Ansl. lesetid":"2 minutter"},"schema":{"@context":"https:\/\/schema.org","@graph":[{"@type":"WebPage","@id":"https:\/\/hovb.no\/?product=therma-herbal-poultice-urte-massasje-2","url":"https:\/\/hovb.no\/?product=therma-herbal-poultice-urte-massasje-2","name":"GET THE GLOW - MARINA MIRACLE - HOVB","isPartOf":{"@id":"https:\/\/hovb.no\/#website"},"primaryImageOfPage":{"@id":"https:\/\/hovb.no\/?product=therma-herbal-poultice-urte-massasje-2#primaryimage"},"image":{"@id":"https:\/\/hovb.no\/?product=therma-herbal-poultice-urte-massasje-2#primaryimage"},"thumbnailUrl":"https:\/\/hovb.no\/wp-content\/uploads\/2022\/04\/Get_the_glow.jpg","datePublished":"2022-12-07T11:05:30+00:00","dateModified":"2025-05-17T12:38:46+00:00","description":"F\u00e5 gl\u00f8den du alltid har dr\u00f8mt om! Dette gavekitet inneholder det du trenger for \u00e5 gj\u00f8re b\u00e5de deg og huden full av ny gl\u00f8d.","breadcrumb":{"@id":"https:\/\/hovb.no\/?product=therma-herbal-poultice-urte-massasje-2#breadcrumb"},"inLanguage":"nb-NO","potentialAction":[{"@type":"ReadAction","target":["https:\/\/hovb.no\/?product=therma-herbal-poultice-urte-massasje-2"]}]},{"@type":"ImageObject","inLanguage":"nb-NO","@id":"https:\/\/hovb.no\/?product=therma-herbal-poultice-urte-massasje-2#primaryimage","url":"https:\/\/hovb.no\/wp-content\/uploads\/2022\/04\/Get_the_glow.jpg","contentUrl":"https:\/\/hovb.no\/wp-content\/uploads\/2022\/04\/Get_the_glow.jpg","width":348,"height":263,"caption":"GET THE GLOW - MARINA MIRACLE"},{"@type":"BreadcrumbList","@id":"https:\/\/hovb.no\/?product=therma-herbal-poultice-urte-massasje-2#breadcrumb","itemListElement":[{"@type":"ListItem","position":1,"name":"Home","item":"https:\/\/hovb.no\/"},{"@type":"ListItem","position":2,"name":"Shop","item":"https:\/\/hovb.no\/?page_id=7"},{"@type":"ListItem","position":3,"name":"GET THE GLOW &#8211; MARINA MIRACLE"}]},{"@type":"WebSite","@id":"https:\/\/hovb.no\/#website","url":"https:\/\/hovb.no\/","name":"HOVB","description":"Helse og Velv\u00e6re Butikken","potentialAction":[{"@type":"SearchAction","target":{"@type":"EntryPoint","urlTemplate":"https:\/\/hovb.no\/?s={search_term_string}"},"query-input":{"@type":"PropertyValueSpecification","valueRequired":true,"valueName":"search_term_string"}}],"inLanguage":"nb-NO"}]}},"jetpack_sharing_enabled":true,"_links":{"self":[{"href":"https:\/\/hovb.no\/index.php?rest_route=\/wp\/v2\/product\/501114","targetHints":{"allow":["GET"]}}],"collection":[{"href":"https:\/\/hovb.no\/index.php?rest_route=\/wp\/v2\/product"}],"about":[{"href":"https:\/\/hovb.no\/index.php?rest_route=\/wp\/v2\/types\/product"}],"wp:featuredmedia":[{"embeddable":true,"href":"https:\/\/hovb.no\/index.php?rest_route=\/wp\/v2\/media\/501282"}],"wp:attachment":[{"href":"https:\/\/hovb.no\/index.php?rest_route=%2Fwp%2Fv2%2Fmedia&parent=501114"}],"wp:term":[{"taxonomy":"product_brand","embeddable":true,"href":"https:\/\/hovb.no\/index.php?rest_route=%2Fwp%2Fv2%2Fproduct_brand&post=501114"},{"taxonomy":"product_cat","embeddable":true,"href":"https:\/\/hovb.no\/index.php?rest_route=%2Fwp%2Fv2%2Fproduct_cat&post=501114"},{"taxonomy":"product_tag","embeddable":true,"href":"https:\/\/hovb.no\/index.php?rest_route=%2Fwp%2Fv2%2Fproduct_tag&post=501114"}],"curies":[{"name":"wp","href":"https:\/\/api.w.org\/{rel}","templated":true}]}}