{"id":475,"date":"2022-08-18T12:23:50","date_gmt":"2022-08-18T10:23:50","guid":{"rendered":"http:\/\/hovb.no\/?page_id=475"},"modified":"2022-11-28T11:17:50","modified_gmt":"2022-11-28T10:17:50","slug":"babymassasje","status":"publish","type":"page","link":"https:\/\/hovb.no\/?page_id=475","title":{"rendered":"Babymassasje"},"content":{"rendered":"<p>[et_pb_section fb_built=&raquo;1&#8243; custom_padding_last_edited=&raquo;on|phone&raquo; admin_label=&raquo;Header&raquo; _builder_version=&raquo;4.17.3&#8243; _module_preset=&raquo;default&raquo; use_background_color_gradient=&raquo;on&raquo; background_color_gradient_stops=&raquo;rgba(232,232,232,0.24) 1%|#d2e0e7 99%&raquo; background_color_gradient_overlays_image=&raquo;on&raquo; background_color_gradient_start=&raquo;#f8f8f8&#8243; background_color_gradient_start_position=&raquo;40%&raquo; background_color_gradient_end=&raquo;rgba(255,255,255,0)&raquo; background_image=&raquo;https:\/\/hovb.no\/wp-content\/uploads\/2022\/05\/jeremy-thomas-FO7bKvgETgQ-unsplash-scaled.jpg&raquo; module_alignment=&raquo;center&raquo; custom_margin=&raquo;||||false|true&raquo; custom_padding=&raquo;200px||||false|false&raquo; custom_padding_tablet=&raquo;||||false|false&raquo; custom_padding_phone=&raquo;||0px||false|false&raquo; global_colors_info=&raquo;{}&raquo;][\/et_pb_section][et_pb_section fb_built=&raquo;1&#8243; admin_label=&raquo;Feature Section&raquo; module_id=&raquo;kjop-produkter&raquo; _builder_version=&raquo;4.19.1&#8243; _module_preset=&raquo;default&raquo; background_color=&raquo;#ffffff&raquo; background_enable_image=&raquo;off&raquo; background_position=&raquo;center_right&raquo; max_width=&raquo;80%&raquo; max_width_tablet=&raquo;95%&raquo; max_width_phone=&raquo;100%&raquo; max_width_last_edited=&raquo;on|desktop&raquo; module_alignment=&raquo;center&raquo; custom_margin=&raquo;-6%||||false|false&raquo; custom_padding=&raquo;0px||||false|false&raquo; animation_style=&raquo;slide&raquo; animation_direction=&raquo;left&raquo; animation_intensity_slide=&raquo;2%&raquo; animation_starting_opacity=&raquo;100%&raquo; hover_enabled=&raquo;0&#8243; border_width_all=&raquo;1px&raquo; border_color_all=&raquo;rgba(95,119,150,0.5)&raquo; border_width_top=&raquo;0px&raquo; box_shadow_style=&raquo;preset2&#8243; global_colors_info=&raquo;{}&raquo; sticky_enabled=&raquo;0&#8243;][et_pb_row _builder_version=&raquo;4.16&#8243; _module_preset=&raquo;default&raquo; background_color=&raquo;#82a9c0&#8243; width=&raquo;100%&raquo; max_width=&raquo;1662px&raquo; custom_margin=&raquo;||60px||false|false&raquo; custom_padding=&raquo;||||false|false&raquo; border_color_all=&raquo;rgba(95,119,150,0.56)&raquo; border_color_top=&raquo;rgba(95,119,150,0.79)&raquo; border_color_bottom=&raquo;rgba(95,119,150,0.79)&raquo; locked=&raquo;off&raquo; global_colors_info=&raquo;{}&raquo;][et_pb_column type=&raquo;4_4&#8243; _builder_version=&raquo;4.16&#8243; _module_preset=&raquo;default&raquo; custom_padding=&raquo;|||&raquo; global_colors_info=&raquo;{}&raquo; custom_padding__hover=&raquo;|||&raquo;][et_pb_text admin_label=&raquo;Title&raquo; _builder_version=&raquo;4.19.1&#8243; _module_preset=&raquo;default&raquo; text_font=&raquo;||||||||&raquo; header_font=&raquo;|700|||||||&raquo; header_text_color=&raquo;#ffffff&raquo; header_font_size=&raquo;60px&raquo; header_letter_spacing=&raquo;4px&raquo; header_2_font=&raquo;|||on|||||&raquo; header_2_font_size=&raquo;50px&raquo; header_2_line_height=&raquo;1.3em&raquo; text_orientation=&raquo;center&raquo; custom_margin=&raquo;||||false|false&raquo; animation_style=&raquo;fade&raquo; animation_direction=&raquo;left&raquo; animation_starting_opacity=&raquo;100%&raquo; header_font_size_tablet=&raquo;60px&raquo; header_font_size_phone=&raquo;40px&raquo; header_font_size_last_edited=&raquo;on|phone&raquo; header_letter_spacing_tablet=&raquo;4px&raquo; header_letter_spacing_phone=&raquo;1px&raquo; header_letter_spacing_last_edited=&raquo;on|phone&raquo; header_2_font_size_tablet=&raquo;40px&raquo; header_2_font_size_phone=&raquo;30px&raquo; header_2_font_size_last_edited=&raquo;on|tablet&raquo; global_colors_info=&raquo;{}&raquo;]<\/p>\n<h1>BABYMASSASJE<\/h1>\n<p>[\/et_pb_text][et_pb_text _builder_version=&raquo;4.19.1&#8243; _module_preset=&raquo;default&raquo; text_font=&raquo;|300|||||||&raquo; text_text_color=&raquo;#ffffff&raquo; text_orientation=&raquo;center&raquo; custom_margin=&raquo;||||false|false&raquo; locked=&raquo;off&raquo; global_colors_info=&raquo;{}&raquo;]<\/p>\n<div class=\"ws-cff-row ws-cff-send-message\">\n<p class=\"ws-text ws-text--onedark ws-text--ml ws-text--w-normal\" title=\"\">Selges kun for medlemmer av BIN.<\/p>\n<\/div>\n<p>[\/et_pb_text][\/et_pb_column][\/et_pb_row][et_pb_row _builder_version=&raquo;4.18.0&#8243; _module_preset=&raquo;default&raquo; background_color=&raquo;#ffffff&raquo; custom_margin=&raquo;20px||||false|false&raquo; custom_padding=&raquo;|30px||30px|false|false&raquo; locked=&raquo;off&raquo; global_colors_info=&raquo;{}&raquo;][et_pb_column type=&raquo;4_4&#8243; _builder_version=&raquo;4.16&#8243; _module_preset=&raquo;default&raquo; custom_padding=&raquo;|||&raquo; global_colors_info=&raquo;{}&raquo; custom_padding__hover=&raquo;|||&raquo;][et_pb_shop type=&raquo;product_category&raquo; posts_number=&raquo;100&#8243; include_categories=&raquo;27&#8243; columns_number=&raquo;3&#8243; orderby=&raquo;menu_order&raquo; icon_hover_color=&raquo;RGBA(255,255,255,0)&raquo; hover_overlay_color=&raquo;rgba(255,255,255,0.17)&raquo; _builder_version=&raquo;4.19.0&#8243; _module_preset=&raquo;default&raquo; title_font=&raquo;Karla|||on|||||&raquo; title_font_size=&raquo;18px&raquo; title_line_height=&raquo;1.2em&raquo; price_font=&raquo;|300|||||||&raquo; price_font_size=&raquo;18px&raquo; text_orientation=&raquo;center&raquo; animation_style=&raquo;fade&raquo; box_shadow_style_image=&raquo;preset1&#8243; box_shadow_color_image=&raquo;rgba(0,0,0,0.06)&raquo; locked=&raquo;off&raquo; global_colors_info=&raquo;{}&raquo;][\/et_pb_shop][\/et_pb_column][\/et_pb_row][\/et_pb_section]<\/p>\n","protected":false},"excerpt":{"rendered":"<p>BABYMASSASJE Selges kun for medlemmer av BIN.<\/p>\n","protected":false},"author":1,"featured_media":0,"parent":0,"menu_order":0,"comment_status":"closed","ping_status":"closed","template":"","meta":{"_et_pb_use_builder":"on","_et_pb_old_content":"","_et_gb_content_width":"","footnotes":""},"class_list":["post-475","page","type-page","status-publish","hentry"],"yoast_head":"<!-- This site is optimized with the Yoast SEO plugin v27.4 - https:\/\/yoast.com\/product\/yoast-seo-wordpress\/ -->\n<title>Babymassasje - Helse og Velv\u00e6re Butikken<\/title>\n<meta name=\"description\" content=\"Din spesialist p\u00e5 massasjeutstyr og ekstraordin\u00e6re velv\u00e6re produkter. Vi er opptatt av \u00f8kologi, ansvarlighet, kvalitet og luksus.\" \/>\n<meta name=\"robots\" content=\"index, follow, max-snippet:-1, max-image-preview:large, max-video-preview:-1\" \/>\n<link rel=\"canonical\" href=\"https:\/\/hovb.no\/?page_id=475\" \/>\n<meta property=\"og:locale\" content=\"nb_NO\" \/>\n<meta property=\"og:type\" content=\"article\" \/>\n<meta property=\"og:title\" content=\"Babymassasje - Helse og Velv\u00e6re Butikken\" \/>\n<meta property=\"og:description\" content=\"Din spesialist p\u00e5 massasjeutstyr og ekstraordin\u00e6re velv\u00e6re produkter. Vi er opptatt av \u00f8kologi, ansvarlighet, kvalitet og luksus.\" \/>\n<meta property=\"og:url\" content=\"https:\/\/hovb.no\/?page_id=475\" \/>\n<meta property=\"og:site_name\" content=\"HOVB\" \/>\n<meta property=\"article:modified_time\" content=\"2022-11-28T10:17:50+00:00\" \/>\n<meta name=\"twitter:card\" content=\"summary_large_image\" \/>\n<meta name=\"twitter:label1\" content=\"Ansl. lesetid\" \/>\n\t<meta name=\"twitter:data1\" content=\"1 minutt\" \/>\n<script type=\"application\/ld+json\" class=\"yoast-schema-graph\">{\"@context\":\"https:\\\/\\\/schema.org\",\"@graph\":[{\"@type\":\"WebPage\",\"@id\":\"https:\\\/\\\/hovb.no\\\/?page_id=475\",\"url\":\"https:\\\/\\\/hovb.no\\\/?page_id=475\",\"name\":\"Babymassasje - Helse og Velv\u00e6re Butikken\",\"isPartOf\":{\"@id\":\"https:\\\/\\\/hovb.no\\\/#website\"},\"datePublished\":\"2022-08-18T10:23:50+00:00\",\"dateModified\":\"2022-11-28T10:17:50+00:00\",\"description\":\"Din spesialist p\u00e5 massasjeutstyr og ekstraordin\u00e6re velv\u00e6re produkter. Vi er opptatt av \u00f8kologi, ansvarlighet, kvalitet og luksus.\",\"breadcrumb\":{\"@id\":\"https:\\\/\\\/hovb.no\\\/?page_id=475#breadcrumb\"},\"inLanguage\":\"nb-NO\",\"potentialAction\":[{\"@type\":\"ReadAction\",\"target\":[\"https:\\\/\\\/hovb.no\\\/?page_id=475\"]}]},{\"@type\":\"BreadcrumbList\",\"@id\":\"https:\\\/\\\/hovb.no\\\/?page_id=475#breadcrumb\",\"itemListElement\":[{\"@type\":\"ListItem\",\"position\":1,\"name\":\"Home\",\"item\":\"https:\\\/\\\/hovb.no\\\/\"},{\"@type\":\"ListItem\",\"position\":2,\"name\":\"Babymassasje\"}]},{\"@type\":\"WebSite\",\"@id\":\"https:\\\/\\\/hovb.no\\\/#website\",\"url\":\"https:\\\/\\\/hovb.no\\\/\",\"name\":\"HOVB\",\"description\":\"Helse og Velv\u00e6re Butikken\",\"potentialAction\":[{\"@type\":\"SearchAction\",\"target\":{\"@type\":\"EntryPoint\",\"urlTemplate\":\"https:\\\/\\\/hovb.no\\\/?s={search_term_string}\"},\"query-input\":{\"@type\":\"PropertyValueSpecification\",\"valueRequired\":true,\"valueName\":\"search_term_string\"}}],\"inLanguage\":\"nb-NO\"}]}<\/script>\n<!-- \/ Yoast SEO plugin. -->","yoast_head_json":{"title":"Babymassasje - Helse og Velv\u00e6re Butikken","description":"Din spesialist p\u00e5 massasjeutstyr og ekstraordin\u00e6re velv\u00e6re produkter. Vi er opptatt av \u00f8kologi, ansvarlighet, kvalitet og luksus.","robots":{"index":"index","follow":"follow","max-snippet":"max-snippet:-1","max-image-preview":"max-image-preview:large","max-video-preview":"max-video-preview:-1"},"canonical":"https:\/\/hovb.no\/?page_id=475","og_locale":"nb_NO","og_type":"article","og_title":"Babymassasje - Helse og Velv\u00e6re Butikken","og_description":"Din spesialist p\u00e5 massasjeutstyr og ekstraordin\u00e6re velv\u00e6re produkter. Vi er opptatt av \u00f8kologi, ansvarlighet, kvalitet og luksus.","og_url":"https:\/\/hovb.no\/?page_id=475","og_site_name":"HOVB","article_modified_time":"2022-11-28T10:17:50+00:00","twitter_card":"summary_large_image","twitter_misc":{"Ansl. lesetid":"1 minutt"},"schema":{"@context":"https:\/\/schema.org","@graph":[{"@type":"WebPage","@id":"https:\/\/hovb.no\/?page_id=475","url":"https:\/\/hovb.no\/?page_id=475","name":"Babymassasje - Helse og Velv\u00e6re Butikken","isPartOf":{"@id":"https:\/\/hovb.no\/#website"},"datePublished":"2022-08-18T10:23:50+00:00","dateModified":"2022-11-28T10:17:50+00:00","description":"Din spesialist p\u00e5 massasjeutstyr og ekstraordin\u00e6re velv\u00e6re produkter. Vi er opptatt av \u00f8kologi, ansvarlighet, kvalitet og luksus.","breadcrumb":{"@id":"https:\/\/hovb.no\/?page_id=475#breadcrumb"},"inLanguage":"nb-NO","potentialAction":[{"@type":"ReadAction","target":["https:\/\/hovb.no\/?page_id=475"]}]},{"@type":"BreadcrumbList","@id":"https:\/\/hovb.no\/?page_id=475#breadcrumb","itemListElement":[{"@type":"ListItem","position":1,"name":"Home","item":"https:\/\/hovb.no\/"},{"@type":"ListItem","position":2,"name":"Babymassasje"}]},{"@type":"WebSite","@id":"https:\/\/hovb.no\/#website","url":"https:\/\/hovb.no\/","name":"HOVB","description":"Helse og Velv\u00e6re Butikken","potentialAction":[{"@type":"SearchAction","target":{"@type":"EntryPoint","urlTemplate":"https:\/\/hovb.no\/?s={search_term_string}"},"query-input":{"@type":"PropertyValueSpecification","valueRequired":true,"valueName":"search_term_string"}}],"inLanguage":"nb-NO"}]}},"jetpack_sharing_enabled":true,"_links":{"self":[{"href":"https:\/\/hovb.no\/index.php?rest_route=\/wp\/v2\/pages\/475","targetHints":{"allow":["GET"]}}],"collection":[{"href":"https:\/\/hovb.no\/index.php?rest_route=\/wp\/v2\/pages"}],"about":[{"href":"https:\/\/hovb.no\/index.php?rest_route=\/wp\/v2\/types\/page"}],"author":[{"embeddable":true,"href":"https:\/\/hovb.no\/index.php?rest_route=\/wp\/v2\/users\/1"}],"replies":[{"embeddable":true,"href":"https:\/\/hovb.no\/index.php?rest_route=%2Fwp%2Fv2%2Fcomments&post=475"}],"version-history":[{"count":12,"href":"https:\/\/hovb.no\/index.php?rest_route=\/wp\/v2\/pages\/475\/revisions"}],"predecessor-version":[{"id":501025,"href":"https:\/\/hovb.no\/index.php?rest_route=\/wp\/v2\/pages\/475\/revisions\/501025"}],"wp:attachment":[{"href":"https:\/\/hovb.no\/index.php?rest_route=%2Fwp%2Fv2%2Fmedia&parent=475"}],"curies":[{"name":"wp","href":"https:\/\/api.w.org\/{rel}","templated":true}]}}