{"id":389,"date":"2022-05-18T13:04:52","date_gmt":"2022-05-18T11:04:52","guid":{"rendered":"http:\/\/hovb.no\/?page_id=389"},"modified":"2022-11-17T11:23:18","modified_gmt":"2022-11-17T10:23:18","slug":"personvernerklaering","status":"publish","type":"page","link":"https:\/\/hovb.no\/?page_id=389","title":{"rendered":"Personvernerkl\u00e6ring"},"content":{"rendered":"\n[et_pb_section fb_built=&raquo;1&#8243; admin_label=&raquo;Header&raquo; _builder_version=&raquo;4.17.3&#8243; _module_preset=&raquo;default&raquo; use_background_color_gradient=&raquo;on&raquo; background_color_gradient_stops=&raquo;rgba(232,232,232,0.24) 1%|#d2e0e7 99%&raquo; background_color_gradient_overlays_image=&raquo;on&raquo; background_color_gradient_start=&raquo;#f8f8f8&#8243; background_color_gradient_start_position=&raquo;40%&raquo; background_color_gradient_end=&raquo;rgba(255,255,255,0)&raquo; background_image=&raquo;http:\/\/hovb.no\/wp-content\/uploads\/2022\/05\/jeremy-thomas-FO7bKvgETgQ-unsplash-scaled.jpg&raquo; max_width_last_edited=&raquo;off|desktop&raquo; module_alignment=&raquo;center&raquo; custom_margin=&raquo;||||false|true&raquo; custom_margin_tablet=&raquo;0%|0%||0%||true&raquo; custom_margin_last_edited=&raquo;off|desktop&raquo; custom_padding=&raquo;150px||||false|false&raquo; global_colors_info=&raquo;{}&raquo;][\/et_pb_section][et_pb_section fb_built=&raquo;1&#8243; admin_label=&raquo;Feature Section&raquo; module_id=&raquo;kjop-produkter&raquo; _builder_version=&raquo;4.17.3&#8243; _module_preset=&raquo;default&raquo; background_enable_image=&raquo;off&raquo; background_position=&raquo;center_right&raquo; max_width=&raquo;82%&raquo; module_alignment=&raquo;center&raquo; custom_margin=&raquo;-6%||||false|false&raquo; custom_padding=&raquo;||0px||false|false&raquo; animation_style=&raquo;slide&raquo; animation_direction=&raquo;left&raquo; animation_intensity_slide=&raquo;2%&raquo; animation_starting_opacity=&raquo;100%&raquo; box_shadow_style=&raquo;preset1&#8243; global_colors_info=&raquo;{}&raquo;][et_pb_row _builder_version=&raquo;4.17.3&#8243; _module_preset=&raquo;default&raquo; module_alignment=&raquo;center&raquo; custom_margin=&raquo;||||false|false&raquo; custom_padding=&raquo;||||false|false&raquo; locked=&raquo;off&raquo; global_colors_info=&raquo;{}&raquo;][et_pb_column type=&raquo;4_4&#8243; _builder_version=&raquo;4.17.3&#8243; _module_preset=&raquo;default&raquo; custom_padding=&raquo;||||false|false&raquo; global_colors_info=&raquo;{}&raquo; custom_padding__hover=&raquo;|||&raquo;][et_pb_text _builder_version=&raquo;4.17.4&#8243; _module_preset=&raquo;default&raquo; text_font=&raquo;||||||||&raquo; header_font=&raquo;|||on|||||&raquo; header_line_height=&raquo;1.1em&raquo; max_width=&raquo;700px&raquo; header_font_size_tablet=&raquo;50px&raquo; header_font_size_phone=&raquo;32px&raquo; header_font_size_last_edited=&raquo;on|phone&raquo; global_colors_info=&raquo;{}&raquo;]<h1>Personvernerkl\u00e6ring<\/h1>[\/et_pb_text][et_pb_text _builder_version=&raquo;4.17.4&#8243; _module_preset=&raquo;default&raquo; text_font=&raquo;|300|||||||&raquo; header_2_font=&raquo;||||||||&raquo; header_2_font_size=&raquo;30px&raquo; header_3_font_size=&raquo;20px&raquo; global_colors_info=&raquo;{}&raquo;]<p>Denne personvernerkl\u00e6ringen gjelder for nettbutikken Helse og Velv\u00e6re Butikken. Det vil si for nettsiden <a href=\"https:\/\/www.hovb.no\">https:\/\/www.hovb.no<\/a>. Personvernerkl\u00e6ringen forklarer hvilken informasjon vi samler inn om deg, hvorfor vi gj\u00f8r det, hvordan vi bruker informasjonen og hvordan vi tar hensyn til ditt personvern.<\/p>\n<h2>Personopplysninger vi samler inn og behandler<\/h2>\n<p>Vi behandler f\u00f8lgende kategorier av personopplysninger:<\/p>\n<ul>\n<li><strong>Grunnleggende informasjon:<\/strong><span>\u00a0<\/span>navn, f\u00f8dselsdato<\/li>\n<li><strong>Kontaktinformasjon:<\/strong><span>\u00a0<\/span>adresse, telefonnummer, epostadresse<\/li>\n<li><strong>Konto og profilinformasjon:<\/strong><span>\u00a0<\/span>Innstillinger, preferanser<\/li>\n<li><strong>Betalingsinformasjon:<\/strong><span>\u00a0<\/span>Transaksjonsinformasjon, betalingsmiddel<\/li>\n<li><strong>Kundehistorikk og kundeengasjement:<\/strong><span>\u00a0<\/span>bestillings- og leveringsopplysninger, handlekurvbevegelser, rabattkoder, lojalitetsprograminformasjon,<\/li>\n<li><strong>Kundehistorikk og kundeengasjement:<\/strong><span>\u00a0<\/span>aktive produkter og avtaler samt produkter og tjenester du har hatt tidligere, hvor mye og hvor ofte de brukes, status p\u00e5 produkter\/tjenester,<\/li>\n<li><strong>Kundeaktivitet:<\/strong><span>\u00a0<\/span>lese- og handlingshistorikk, nettsider eller elektronisk kommunikasjon vi sender ut, samt teknisk informasjon om enhetene du bruker.<\/li>\n<li><strong>Cookies:<\/strong><span>\u00a0<\/span>se v\u00e5r informasjon om cookies<\/li>\n<\/ul>\n<p>Personopplysningene samles i de fleste tilfeller inn direkte fra deg eller de genereres i forbindelse med at du bruker v\u00e5re tjenester og produkter. N\u00e5r vi henter personopplysninger fra andre kilder, henter vi personopplysninger fra f\u00f8lgende kilder:<\/p>\n<h2>Hvordan vi bruker personopplysningene<\/h2>\n<h3><\/h3>\n<h3>Levering av tjeneste\/avtaleinng\u00e5else<\/h3>\n<p>Vi bruker dine personopplysninger til \u00e5 oppfylle v\u00e5re avtaler med deg, det vil si n\u00e5r du har bestilt et produkt eller en tjeneste fra oss. Det rettslige grunnlaget for \u00e5 behandle personopplysninger til dette form\u00e5let er at behandlingen er n\u00f8dvendig for \u00e5 oppfylle en avtale med deg.<\/p>\n<h3>Administrasjon av kundeforhold<\/h3>\n<p>Vi bruker dine personopplysninger til \u00e5 administrere v\u00e5rt kundeforhold med deg. Det kan for eksempel v\u00e6re kundeservice, klagebehandling og feilretting vedr\u00f8rende ditt kundeforhold. Det rettslige grunnlaget for \u00e5 behandle personopplysninger til dette form\u00e5let er at behandlingen er n\u00f8dvendig for \u00e5 oppfylle en avtale med deg.<\/p>\n<h3>Analyse, forretningsutvikling og forbedring av tjenester<\/h3>\n<p>Vi arbeider kontinuerlig med \u00e5 utvikle og forbedre v\u00e5re tjenester og produkter. Mye av dette arbeidet inneb\u00e6rer \u00e5 analysere ulike former for personopplysninger, som for eksempel kundeaktivitet, kundehistorikk og konto og profilinformasjon. Det rettslige grunnlaget for \u00e5 behandle personopplysninger til dette form\u00e5let er v\u00e5r berettigede interesse.<\/p>\n<h3>Tilpasset brukeropplevelse<\/h3>\n<p>For \u00e5 lage en tilpasser brukeropplevelsen og kommunikasjonen til ditt kundeforhold og dette bruker vi personopplysninger til. Det rettslige grunnlaget for \u00e5 behandle personopplysninger til dette form\u00e5let er v\u00e5r berettigede interesse.<\/p>\n<h3>Salg og markedsf\u00f8ring<\/h3>\n<p>Vi bruker personopplysninger i forbindelse med salg og markedsf\u00f8ring av v\u00e5re produkter og tjenester, for eksempel ved at du mottar e-post fra oss. Det rettslige grunnlaget for \u00e5 behandle personopplysninger til dette form\u00e5let er v\u00e5r berettigede interesse. Du har mulighet \u00e5 reservere deg fra deler av denne behandlingen ved \u00e5, for eksempel, reservere deg fra \u00e5 motta e-post fra oss. I tillegg til dette kan vi ogs\u00e5 be deg om samtykke til \u00e5 bruke dine personopplysninger til s\u00e5kalt profilering, hvor vi utleder interesser og behov p\u00e5 bakgrunn av dine personopplysninger. Hensikten med profilering vil v\u00e6re at markedsf\u00f8ringen v\u00e5r skal bli mer relevant.<\/p>\n<h3>Systemoverv\u00e5king, feilretting mm.<\/h3>\n<p>Vi overv\u00e5ker v\u00e5re systemer etter feil og problemer. En del av disse prosessene inneb\u00e6rer lagring og behandling av personopplysninger. Det rettslige grunnlaget for \u00e5 behandle personopplysninger til dette form\u00e5let er v\u00e5r berettigede interesse.<\/p>\n<h3>Sikkerhet, avdekking av svindel og kriminelle handlinger<\/h3>\n<p>Vi behandler personopplysninger i v\u00e5rt arbeid med \u00e5 beskytte v\u00e5re brukere og oss selv mot svindelaktivitet, misbruk og kriminelle handlinger. Det rettslige grunnlaget for \u00e5 behandle personopplysninger til dette form\u00e5let er v\u00e5r berettigede interesse.<\/p>\n<h3>Overholde rettslige forpliktelser<\/h3>\n<p>I enkelte tilfeller er vi p\u00e5lagt \u00e5 behandle personopplysninger av hensyn til andre rettslige forpliktelser. Et eksempel p\u00e5 dette er informasjon knyttet til salg, som vi er pliktig til \u00e5 regnskapsf\u00f8re og oppbevare i henhold til bokf\u00f8ringsloven. Det rettslige grunnlaget for \u00e5 behandle personopplysninger til dette form\u00e5let er at behandlingen er n\u00f8dvendig for \u00e5 oppfylle en rettslig forpliktelse som p\u00e5hviler oss.<\/p>\n<h2><\/h2>\n<h2>Dine rettigheter<\/h2>\n<h3><\/h3>\n<h3>Rett til innsyn i egne opplysninger<\/h3>\n<p>Du kan be om en kopi av alle opplysninger vi behandler om deg. Ta kontakt p\u00e5 epostadressen ovenfor for \u00e5 bruke innsynsretten din.<\/p>\n<h3>Rett til korrigering av personopplysninger<\/h3>\n<p>Du har rett til \u00e5 be oss rette eller supplere opplysninger som er feilaktige eller misvisende.<\/p>\n<h3>Retten til sletting av personopplysninger<\/h3>\n<p>Du har rett til \u00e5 f\u00e5 dine personopplysninger slettet uten ugrunnet opphold. Du kan derfor n\u00e5r som helst be oss slette opplysninger om deg selv. Men merk at informasjon som vi er p\u00e5lagt beholde av hensyn til andre rettslige forpliktelser (som fore eksempel bokf\u00f8ringsloven) ikke vil bli slettet.<\/p>\n<h3>Begrensning av behandling av personopplysninger<\/h3>\n<p>I noen situasjoner kan du ogs\u00e5 be oss begrense behandlingen av opplysninger om deg. Dette gj\u00f8r du ved \u00e5 administrere samtykker eller reservasjoner i v\u00e5re l\u00f8sninger.<\/p>\n<h3>Protestere mot en behandling av personopplysninger<\/h3>\n<p>Dersom vi behandler opplysninger om deg med grunnlag i v\u00e5re oppgaver eller p\u00e5 bakgrunn av en interesseavveining, har du rett til \u00e5 protestere p\u00e5 v\u00e5r behandling av opplysninger om deg. Dette gj\u00f8r du ved \u00e5 administrere samtykker eller reservasjoner i v\u00e5re l\u00f8sninger.<\/p>\n<h3>Dataportabilitet<\/h3>\n<p>Du har rett til \u00e5 f\u00e5 utlevert dine personopplysninger i et strukturert, alminnelig anvendt og maskinlesbart format. Ta kontakt p\u00e5 e-post adressen ovenfor for \u00e5 f\u00e5 utlevert dine personopplysninger.<\/p>\n<h3>Du kan klage p\u00e5 v\u00e5r behandling av personopplysninger<\/h3>\n<p>Vi h\u00e5per du vil si ifra dersom du mener vi ikke overholder reglene i personopplysningsloven. Si da gjerne f\u00f8rst i fra gjennom den kontakten eller kanalen du allerede har etablert med oss. Du kan ogs\u00e5 klage over v\u00e5r behandling av personopplysninger. Dette gj\u00f8r du til Datatilsynet.<\/p>[\/et_pb_text][\/et_pb_column][\/et_pb_row][\/et_pb_section]\n","protected":false},"excerpt":{"rendered":"<p>Personvernerkl\u00e6ringDenne personvernerkl\u00e6ringen gjelder for nettbutikken Helse og Velv\u00e6re Butikken. Det vil si for nettsiden https:\/\/www.hovb.no. Personvernerkl\u00e6ringen forklarer hvilken informasjon vi samler inn om deg, hvorfor vi gj\u00f8r det, hvordan vi bruker informasjonen og hvordan vi tar hensyn til ditt personvern. Personopplysninger vi samler inn og behandler Vi behandler f\u00f8lgende kategorier av personopplysninger: Grunnleggende informasjon:\u00a0navn, f\u00f8dselsdato [&hellip;]<\/p>\n","protected":false},"author":1,"featured_media":0,"parent":0,"menu_order":0,"comment_status":"closed","ping_status":"closed","template":"","meta":{"_et_pb_use_builder":"on","_et_pb_old_content":"<!-- wp:heading -->\n<h2>Hvem vi er<\/h2>\n<!-- \/wp:heading -->\n\n<!-- wp:paragraph -->\n<p><strong class=\"privacy-policy-tutorial\">Foresl\u00e5tt tekst: <\/strong>V\u00e5r nettstedsadresse er: http:\/\/hovb.no<\/p>\n<!-- \/wp:paragraph -->\n\n<!-- wp:heading -->\n<h2>Kommentarer<\/h2>\n<!-- \/wp:heading -->\n\n<!-- wp:paragraph -->\n<p><strong class=\"privacy-policy-tutorial\">Foresl\u00e5tt tekst: <\/strong>N\u00e5r bes\u00f8kende legger inn kommentarer p\u00e5 siden, lagres informasjonen gitt inn i kommentarskjemaet i tillegg til IP-adressen til den bes\u00f8kende og den bes\u00f8kendes nettleserversjon. Dette gj\u00f8res for \u00e5 bidra til \u00e5 unng\u00e5 useri\u00f8se kommentarer.<\/p>\n<!-- \/wp:paragraph -->\n\n<!-- wp:paragraph -->\n<p>En anonym tekststreng generert p\u00e5 grunnlag av e-postadressen din (ogs\u00e5 kalt en \u00abhash\u00bb) kan bli sendt til tjenesten Gravatar for \u00e5 unders\u00f8ke om du har en konto der. Personvernerkl\u00e6ringen til Gravatar ligger her: https:\/\/automattic.com\/privacy\/. Etter at kommentaren din er blitt godkjent, vil profilbildet ditt v\u00e6re synlig for hvem som helst i forbindelse med kommentaren din.<\/p>\n<!-- \/wp:paragraph -->\n\n<!-- wp:heading -->\n<h2>Media<\/h2>\n<!-- \/wp:heading -->\n\n<!-- wp:paragraph -->\n<p><strong class=\"privacy-policy-tutorial\">Foresl\u00e5tt tekst: <\/strong>Hvis du laster opp bilder til nettstedet, b\u00f8r du unng\u00e5 \u00e5 laste opp bilder som inneholder informasjon om stedet det er tatt (EXIF GPS). Bes\u00f8kende p\u00e5 siden kan laste ned og hente ut slik informasjon fra bilder p\u00e5 siden.<\/p>\n<!-- \/wp:paragraph -->\n\n<!-- wp:heading -->\n<h2>Informasjonskapsler<\/h2>\n<!-- \/wp:heading -->\n\n<!-- wp:paragraph -->\n<p><strong class=\"privacy-policy-tutorial\">Foresl\u00e5tt tekst: <\/strong>Hvis du legger inn en kommentar p\u00e5 dette nettstedet, kan du be oss om \u00e5 huske navn, e-post og nettsted. Denne informasjonen lagres i en informasjonskapsel og er der for \u00e5 gj\u00f8re ting lettere for deg. Du trenger da ikke \u00e5 gi inn denne informasjonen p\u00e5 nytt neste gang du legger inn en kommentar. Disse informasjonskapslene utl\u00f8per etter ett \u00e5r.<\/p>\n<!-- \/wp:paragraph -->\n\n<!-- wp:paragraph -->\n<p>Om du bes\u00f8ker v\u00e5r innloggingsside, vil vi opprette en midlertidig informasjonskapsel for \u00e5 avgj\u00f8re om nettleseren din aksepterer informasjonskapsler. Denne informasjonskapselen inneholder ingen personopplysninger og forsvinner s\u00e5 snart du lukker nettleseren din.<\/p>\n<!-- \/wp:paragraph -->\n\n<!-- wp:paragraph -->\n<p>N\u00e5r du logger deg inn, blir det opprettet informasjonskapsler som lagrer innloggingsinformasjonen din og valg du har tatt n\u00e5r det gjelder hvordan innhold skal vises. Informasjonskapsler med innloggingsinformasjon utl\u00f8per etter to dager, mens de med visningsvalg varer i ett \u00e5r. Hvis du krysser av for &amp;lauot;Husk meg\u00bbt;, vil innloggingsinformasjonen din oppbevares i to uker. Hvis du logger deg ut av kontoen din, vil disse informasjonskapslene forsvinne.<\/p>\n<!-- \/wp:paragraph -->\n\n<!-- wp:paragraph -->\n<p>Hvis du redigerer eller publiserer en artikkel, vil ytterligere en informasjonskapsel bli lagret i nettleseren din. Denne informasjonskapselen inneholder ingen personopplysninger, men bare ID-en til artikkelen du nettopp redigerte. Den utl\u00f8per etter \u00e9n dag.<\/p>\n<!-- \/wp:paragraph -->\n\n<!-- wp:heading -->\n<h2>Innebygd innhold fra andre nettsteder<\/h2>\n<!-- \/wp:heading -->\n\n<!-- wp:paragraph -->\n<p><strong class=\"privacy-policy-tutorial\">Foresl\u00e5tt tekst: <\/strong>Artikler p\u00e5 denne siden kan inkludere innebygd innhold (f.eks. videoer, bilder, artikler osv.). Innebygd innhold fra andre nettsteder oppf\u00f8rer seg p\u00e5 n\u00f8yaktig samme m\u00e5te som om den bes\u00f8kende hadde bes\u00f8kt nettstedet som det innebygde innholdet kommer fra.<\/p>\n<!-- \/wp:paragraph -->\n\n<!-- wp:paragraph -->\n<p>Disse nettstedene kan samle inn opplysninger om deg, bruke informasjonskapsler, bygge inn sporingssystemer fra tredjeparter og overv\u00e5ke hva du gj\u00f8r via dette innebygde innholdet. Dette omfatter ogs\u00e5 sporing av handlingene dine via det innebygde innholdet dersom du har en konto og er logget inn p\u00e5 nettstedet.<\/p>\n<!-- \/wp:paragraph -->\n\n<!-- wp:heading -->\n<h2>Hvem vi deler dine opplysninger med<\/h2>\n<!-- \/wp:heading -->\n\n<!-- wp:paragraph -->\n<p><strong class=\"privacy-policy-tutorial\">Foresl\u00e5tt tekst: <\/strong>Om du ber at passordet tilbakestilles, vil din IP-adresse tas med i e-posten om tilbakestilling av passord.<\/p>\n<!-- \/wp:paragraph -->\n\n<!-- wp:heading -->\n<h2>Hvor lenge vi oppbevarer opplysninger om deg<\/h2>\n<!-- \/wp:heading -->\n\n<!-- wp:paragraph -->\n<p><strong class=\"privacy-policy-tutorial\">Foresl\u00e5tt tekst: <\/strong>Hvis du legger igjen en kommentar, blir kommentaren og informasjon om kommentaren lagret p\u00e5 ubestemt tid. Dette er for at vi kan gjenkjenne oppf\u00f8lgingskommentarer og godkjenne dem automatisk i stedet for \u00e5 legge dem i en k\u00f8 der de m\u00e5 godkjennes manuelt av en redakt\u00f8r.<\/p>\n<!-- \/wp:paragraph -->\n\n<!-- wp:paragraph -->\n<p>For brukere som registrerer seg p\u00e5 dette nettstedet (dersom denne muligheten eksisterer), lagres det ogs\u00e5 personopplysninger som de oppgir i brukerprofilen sin. Alle brukere kan se, redigere og slette sine egne personopplysninger n\u00e5r som helst (bortsett fra brukernavn). Nettstedets administratorer kan ogs\u00e5 se og redigere denne informasjonen.<\/p>\n<!-- \/wp:paragraph -->\n\n<!-- wp:heading -->\n<h2>Rettighetene dine n\u00e5r det gjelder opplysninger vi har om deg<\/h2>\n<!-- \/wp:heading -->\n\n<!-- wp:paragraph -->\n<p><strong class=\"privacy-policy-tutorial\">Foresl\u00e5tt tekst: <\/strong>Hvis du har en konto p\u00e5 dette nettstedet eller har lagt igjen kommentarer, kan du be om \u00e5 f\u00e5 en eksportfil som inneholder personopplysningene vi har om deg. Dette omfatter all data du har gitt oss. Du kan ogs\u00e5 be om at vi sletter alle personopplysninger vi har om deg. Dette omfatter ikke opplysninger vi er p\u00e5lagt \u00e5 lagre av administrative, juridiske eller sikkerhetsmessige \u00e5rsaker.<\/p>\n<!-- \/wp:paragraph -->\n\n<!-- wp:heading -->\n<h2>Hvor vi sender opplysninger om deg<\/h2>\n<!-- \/wp:heading -->\n\n<!-- wp:paragraph -->\n<p><strong class=\"privacy-policy-tutorial\">Foresl\u00e5tt tekst: <\/strong>Bes\u00f8kendes kommentarer kan bli kontrollert gjennom en automatisk gjenkjennelsestjeneste mot s\u00f8ppelkommentarer.<\/p>\n<!-- \/wp:paragraph -->","_et_gb_content_width":"","footnotes":""},"class_list":["post-389","page","type-page","status-publish","hentry"],"yoast_head":"<!-- This site is optimized with the Yoast SEO plugin v27.4 - https:\/\/yoast.com\/product\/yoast-seo-wordpress\/ -->\n<title>Personvernerkl\u00e6ring - Helse og Velv\u00e6re Butikken<\/title>\n<meta name=\"description\" content=\"Din spesialist p\u00e5 massasjeutstyr og ekstraordin\u00e6re velv\u00e6re produkter. Vi er opptatt av \u00f8kologi, ansvarlighet, kvalitet og luksus.\" \/>\n<meta name=\"robots\" content=\"index, follow, max-snippet:-1, max-image-preview:large, max-video-preview:-1\" \/>\n<link rel=\"canonical\" href=\"https:\/\/hovb.no\/?page_id=389\" \/>\n<meta property=\"og:locale\" content=\"nb_NO\" \/>\n<meta property=\"og:type\" content=\"article\" \/>\n<meta property=\"og:title\" content=\"Personvernerkl\u00e6ring - Helse og Velv\u00e6re Butikken\" \/>\n<meta property=\"og:description\" content=\"Din spesialist p\u00e5 massasjeutstyr og ekstraordin\u00e6re velv\u00e6re produkter. Vi er opptatt av \u00f8kologi, ansvarlighet, kvalitet og luksus.\" \/>\n<meta property=\"og:url\" content=\"https:\/\/hovb.no\/?page_id=389\" \/>\n<meta property=\"og:site_name\" content=\"HOVB\" \/>\n<meta property=\"article:modified_time\" content=\"2022-11-17T10:23:18+00:00\" \/>\n<meta name=\"twitter:card\" content=\"summary_large_image\" \/>\n<meta name=\"twitter:label1\" content=\"Ansl. lesetid\" \/>\n\t<meta name=\"twitter:data1\" content=\"6 minutter\" \/>\n<script type=\"application\/ld+json\" class=\"yoast-schema-graph\">{\"@context\":\"https:\\\/\\\/schema.org\",\"@graph\":[{\"@type\":\"WebPage\",\"@id\":\"https:\\\/\\\/hovb.no\\\/?page_id=389\",\"url\":\"https:\\\/\\\/hovb.no\\\/?page_id=389\",\"name\":\"Personvernerkl\u00e6ring - Helse og Velv\u00e6re Butikken\",\"isPartOf\":{\"@id\":\"https:\\\/\\\/hovb.no\\\/#website\"},\"datePublished\":\"2022-05-18T11:04:52+00:00\",\"dateModified\":\"2022-11-17T10:23:18+00:00\",\"description\":\"Din spesialist p\u00e5 massasjeutstyr og ekstraordin\u00e6re velv\u00e6re produkter. Vi er opptatt av \u00f8kologi, ansvarlighet, kvalitet og luksus.\",\"breadcrumb\":{\"@id\":\"https:\\\/\\\/hovb.no\\\/?page_id=389#breadcrumb\"},\"inLanguage\":\"nb-NO\",\"potentialAction\":[{\"@type\":\"ReadAction\",\"target\":[\"https:\\\/\\\/hovb.no\\\/?page_id=389\"]}]},{\"@type\":\"BreadcrumbList\",\"@id\":\"https:\\\/\\\/hovb.no\\\/?page_id=389#breadcrumb\",\"itemListElement\":[{\"@type\":\"ListItem\",\"position\":1,\"name\":\"Home\",\"item\":\"https:\\\/\\\/hovb.no\\\/\"},{\"@type\":\"ListItem\",\"position\":2,\"name\":\"Personvernerkl\u00e6ring\"}]},{\"@type\":\"WebSite\",\"@id\":\"https:\\\/\\\/hovb.no\\\/#website\",\"url\":\"https:\\\/\\\/hovb.no\\\/\",\"name\":\"HOVB\",\"description\":\"Helse og Velv\u00e6re Butikken\",\"potentialAction\":[{\"@type\":\"SearchAction\",\"target\":{\"@type\":\"EntryPoint\",\"urlTemplate\":\"https:\\\/\\\/hovb.no\\\/?s={search_term_string}\"},\"query-input\":{\"@type\":\"PropertyValueSpecification\",\"valueRequired\":true,\"valueName\":\"search_term_string\"}}],\"inLanguage\":\"nb-NO\"}]}<\/script>\n<!-- \/ Yoast SEO plugin. -->","yoast_head_json":{"title":"Personvernerkl\u00e6ring - Helse og Velv\u00e6re Butikken","description":"Din spesialist p\u00e5 massasjeutstyr og ekstraordin\u00e6re velv\u00e6re produkter. Vi er opptatt av \u00f8kologi, ansvarlighet, kvalitet og luksus.","robots":{"index":"index","follow":"follow","max-snippet":"max-snippet:-1","max-image-preview":"max-image-preview:large","max-video-preview":"max-video-preview:-1"},"canonical":"https:\/\/hovb.no\/?page_id=389","og_locale":"nb_NO","og_type":"article","og_title":"Personvernerkl\u00e6ring - Helse og Velv\u00e6re Butikken","og_description":"Din spesialist p\u00e5 massasjeutstyr og ekstraordin\u00e6re velv\u00e6re produkter. Vi er opptatt av \u00f8kologi, ansvarlighet, kvalitet og luksus.","og_url":"https:\/\/hovb.no\/?page_id=389","og_site_name":"HOVB","article_modified_time":"2022-11-17T10:23:18+00:00","twitter_card":"summary_large_image","twitter_misc":{"Ansl. lesetid":"6 minutter"},"schema":{"@context":"https:\/\/schema.org","@graph":[{"@type":"WebPage","@id":"https:\/\/hovb.no\/?page_id=389","url":"https:\/\/hovb.no\/?page_id=389","name":"Personvernerkl\u00e6ring - Helse og Velv\u00e6re Butikken","isPartOf":{"@id":"https:\/\/hovb.no\/#website"},"datePublished":"2022-05-18T11:04:52+00:00","dateModified":"2022-11-17T10:23:18+00:00","description":"Din spesialist p\u00e5 massasjeutstyr og ekstraordin\u00e6re velv\u00e6re produkter. Vi er opptatt av \u00f8kologi, ansvarlighet, kvalitet og luksus.","breadcrumb":{"@id":"https:\/\/hovb.no\/?page_id=389#breadcrumb"},"inLanguage":"nb-NO","potentialAction":[{"@type":"ReadAction","target":["https:\/\/hovb.no\/?page_id=389"]}]},{"@type":"BreadcrumbList","@id":"https:\/\/hovb.no\/?page_id=389#breadcrumb","itemListElement":[{"@type":"ListItem","position":1,"name":"Home","item":"https:\/\/hovb.no\/"},{"@type":"ListItem","position":2,"name":"Personvernerkl\u00e6ring"}]},{"@type":"WebSite","@id":"https:\/\/hovb.no\/#website","url":"https:\/\/hovb.no\/","name":"HOVB","description":"Helse og Velv\u00e6re Butikken","potentialAction":[{"@type":"SearchAction","target":{"@type":"EntryPoint","urlTemplate":"https:\/\/hovb.no\/?s={search_term_string}"},"query-input":{"@type":"PropertyValueSpecification","valueRequired":true,"valueName":"search_term_string"}}],"inLanguage":"nb-NO"}]}},"jetpack_sharing_enabled":true,"_links":{"self":[{"href":"https:\/\/hovb.no\/index.php?rest_route=\/wp\/v2\/pages\/389","targetHints":{"allow":["GET"]}}],"collection":[{"href":"https:\/\/hovb.no\/index.php?rest_route=\/wp\/v2\/pages"}],"about":[{"href":"https:\/\/hovb.no\/index.php?rest_route=\/wp\/v2\/types\/page"}],"author":[{"embeddable":true,"href":"https:\/\/hovb.no\/index.php?rest_route=\/wp\/v2\/users\/1"}],"replies":[{"embeddable":true,"href":"https:\/\/hovb.no\/index.php?rest_route=%2Fwp%2Fv2%2Fcomments&post=389"}],"version-history":[{"count":1,"href":"https:\/\/hovb.no\/index.php?rest_route=\/wp\/v2\/pages\/389\/revisions"}],"predecessor-version":[{"id":500730,"href":"https:\/\/hovb.no\/index.php?rest_route=\/wp\/v2\/pages\/389\/revisions\/500730"}],"wp:attachment":[{"href":"https:\/\/hovb.no\/index.php?rest_route=%2Fwp%2Fv2%2Fmedia&parent=389"}],"curies":[{"name":"wp","href":"https:\/\/api.w.org\/{rel}","templated":true}]}}