{"id":10,"date":"2022-04-28T08:16:45","date_gmt":"2022-04-28T08:16:45","guid":{"rendered":"http:\/\/hovb.no\/?page_id=10"},"modified":"2022-11-28T11:26:53","modified_gmt":"2022-11-28T10:26:53","slug":"my-account","status":"publish","type":"page","link":"https:\/\/hovb.no\/?page_id=10","title":{"rendered":"My account"},"content":{"rendered":"<p>[et_pb_section fb_built=&raquo;1&#8243; _builder_version=&raquo;4.17.3&#8243; global_colors_info=&raquo;{}&raquo; sticky_enabled=&raquo;0&#8243; use_background_color_gradient=&raquo;on&raquo; background_color_gradient_stops=&raquo;rgba(232,232,232,0.24) 1%|#d2e0e7 99%&raquo; background_color_gradient_overlays_image=&raquo;on&raquo; background_color_gradient_start=&raquo;#f8f8f8&#8243; background_color_gradient_start_position=&raquo;40%&raquo; background_color_gradient_end=&raquo;rgba(255,255,255,0)&raquo; background_image=&raquo;https:\/\/hovb.no\/wp-content\/uploads\/2022\/05\/jeremy-thomas-FO7bKvgETgQ-unsplash-scaled.jpg&raquo; module_alignment=&raquo;center&raquo; custom_margin=&raquo;||||false|true&raquo; custom_padding=&raquo;200px||||false|false&raquo; custom_padding_tablet=&raquo;||||false|false&raquo; custom_padding_phone=&raquo;||0px||false|false&raquo; custom_padding_last_edited=&raquo;on|phone&raquo;][\/et_pb_section][et_pb_section fb_built=&raquo;1&#8243; theme_builder_area=&raquo;post_content&raquo; _builder_version=&raquo;4.19.1&#8243; _module_preset=&raquo;default&raquo; module_id=&raquo;kjop-produkter&raquo; background_color=&raquo;#ffffff&raquo; background_enable_image=&raquo;off&raquo; background_position=&raquo;center_right&raquo; max_width=&raquo;80%&raquo; max_width_tablet=&raquo;95%&raquo; max_width_phone=&raquo;100%&raquo; max_width_last_edited=&raquo;on|desktop&raquo; module_alignment=&raquo;center&raquo; custom_margin=&raquo;-6%||||false|false&raquo; custom_padding=&raquo;0px||||false|false&raquo; animation_style=&raquo;slide&raquo; animation_direction=&raquo;left&raquo; animation_intensity_slide=&raquo;2%&raquo; animation_starting_opacity=&raquo;100%&raquo; border_width_all=&raquo;1px&raquo; border_color_all=&raquo;rgba(95,119,150,0.5)&raquo; border_width_top=&raquo;0px&raquo; box_shadow_style=&raquo;preset2&#8243; hover_enabled=&raquo;0&#8243; sticky_enabled=&raquo;0&#8243;][et_pb_row _builder_version=&raquo;4.19.1&#8243; global_colors_info=&raquo;{}&raquo; background_color=&raquo;#82a9c0&#8243; width=&raquo;100%&raquo; max_width=&raquo;1662px&raquo; custom_margin=&raquo;||||false|false&raquo; custom_padding=&raquo;||||false|false&raquo; border_color_all=&raquo;rgba(95,119,150,0.56)&raquo; border_color_top=&raquo;rgba(95,119,150,0.79)&raquo; border_color_bottom=&raquo;rgba(95,119,150,0.79)&raquo; theme_builder_area=&raquo;post_content&raquo; hover_enabled=&raquo;0&#8243; sticky_enabled=&raquo;0&#8243;][et_pb_column type=&raquo;4_4&#8243; _builder_version=&raquo;4.16&#8243; custom_padding=&raquo;|||&raquo; global_colors_info=&raquo;{}&raquo; custom_padding__hover=&raquo;|||&raquo; theme_builder_area=&raquo;post_content&raquo;][et_pb_text _builder_version=&raquo;4.19.1&#8243; _module_preset=&raquo;default&raquo; header_font=&raquo;|700||on|||||&raquo; global_colors_info=&raquo;{}&raquo; text_font=&raquo;||||||||&raquo; header_text_color=&raquo;#ffffff&raquo; header_font_size=&raquo;60px&raquo; header_font_size_phone=&raquo;45px&raquo; header_font_size_last_edited=&raquo;on|phone&raquo; header_letter_spacing=&raquo;4px&raquo; header_letter_spacing_tablet=&raquo;4px&raquo; header_letter_spacing_phone=&raquo;1px&raquo; header_letter_spacing_last_edited=&raquo;on|phone&raquo; header_2_font=&raquo;|||on|||||&raquo; header_2_font_size=&raquo;50px&raquo; header_2_font_size_tablet=&raquo;40px&raquo; header_2_font_size_phone=&raquo;30px&raquo; header_2_font_size_last_edited=&raquo;on|tablet&raquo; header_2_line_height=&raquo;1.3em&raquo; text_orientation=&raquo;center&raquo; custom_margin=&raquo;||||false|false&raquo; animation_style=&raquo;fade&raquo; animation_starting_opacity=&raquo;100%&raquo; hover_enabled=&raquo;0&#8243; sticky_enabled=&raquo;0&#8243; theme_builder_area=&raquo;post_content&raquo; header_font_size_tablet=&raquo;60px&raquo;]<\/p>\n<h1>Min konto<\/h1>\n<p>[\/et_pb_text][\/et_pb_column][\/et_pb_row][et_pb_row _builder_version=&raquo;4.19.1&#8243; background_size=&raquo;initial&raquo; background_position=&raquo;top_left&raquo; background_repeat=&raquo;repeat&raquo; hover_enabled=&raquo;0&#8243; global_colors_info=&raquo;{}&raquo; width=&raquo;95%&raquo; max_width=&raquo;1528px&raquo; sticky_enabled=&raquo;0&#8243; custom_margin__hover_enabled=&raquo;off|desktop&raquo; custom_margin_last_edited=&raquo;off|desktop&raquo; width_last_edited=&raquo;on|phone&raquo; width_phone=&raquo;100%&raquo; theme_builder_area=&raquo;post_content&raquo; custom_margin=&raquo;||||false|false&raquo; custom_padding=&raquo;||||false|false&raquo; width_tablet=&raquo;95%&raquo;][et_pb_column type=&raquo;4_4&#8243; _builder_version=&raquo;4.16&#8243; custom_padding=&raquo;|||&raquo; global_colors_info=&raquo;{}&raquo; custom_padding__hover=&raquo;|||&raquo; theme_builder_area=&raquo;post_content&raquo;][et_pb_text _builder_version=&raquo;4.19.1&#8243; background_color=&raquo;#FFFFFF&raquo; background_size=&raquo;initial&raquo; background_position=&raquo;top_left&raquo; background_repeat=&raquo;repeat&raquo; custom_padding=&raquo;20px|50px|20px|50px|false|false&raquo; hover_enabled=&raquo;0&#8243; border_color_all=&raquo;#5e7696&#8243; global_colors_info=&raquo;{}&raquo; sticky_enabled=&raquo;0&#8243; theme_builder_area=&raquo;post_content&raquo;]<\/p>\n<p><!-- divi:shortcode --><br \/><div class=\"woocommerce\"><div class=\"woocommerce-notices-wrapper\"><\/div>\n\n<div class=\"u-columns col2-set\" id=\"customer_login\">\n\n\t<div class=\"u-column1 col-1\">\n\n\n\t\t<h2>Logg inn<\/h2>\n\n\t\t<form class=\"woocommerce-form woocommerce-form-login login\" method=\"post\" novalidate>\n\n\t\t\t\n\t\t\t<p class=\"woocommerce-form-row woocommerce-form-row--wide form-row form-row-wide\">\n\t\t\t\t<label for=\"username\">Brukernavn eller e-postadresse&nbsp;<span class=\"required\" aria-hidden=\"true\">*<\/span><span class=\"screen-reader-text\">P\u00e5krevd<\/span><\/label>\n\t\t\t\t<input type=\"text\" class=\"woocommerce-Input woocommerce-Input--text input-text\" name=\"username\" id=\"username\" autocomplete=\"username\" value=\"\" required aria-required=\"true\" \/>\t\t\t<\/p>\n\t\t\t<p class=\"woocommerce-form-row woocommerce-form-row--wide form-row form-row-wide\">\n\t\t\t\t<label for=\"password\">Passord&nbsp;<span class=\"required\" aria-hidden=\"true\">*<\/span><span class=\"screen-reader-text\">P\u00e5krevd<\/span><\/label>\n\t\t\t\t<input class=\"woocommerce-Input woocommerce-Input--text input-text\" type=\"password\" name=\"password\" id=\"password\" autocomplete=\"current-password\" required aria-required=\"true\" \/>\n\t\t\t<\/p>\n\n\t\t\t\n\t\t\t<p class=\"form-row\">\n\t\t\t\t<label class=\"woocommerce-form__label woocommerce-form__label-for-checkbox woocommerce-form-login__rememberme\">\n\t\t\t\t\t<input class=\"woocommerce-form__input woocommerce-form__input-checkbox\" name=\"rememberme\" type=\"checkbox\" id=\"rememberme\" value=\"forever\" \/> <span>Husk meg<\/span>\n\t\t\t\t<\/label>\n\t\t\t\t<input type=\"hidden\" id=\"woocommerce-login-nonce\" name=\"woocommerce-login-nonce\" value=\"f81b9bd530\" \/><input type=\"hidden\" name=\"_wp_http_referer\" value=\"\/index.php?rest_route=%2Fwp%2Fv2%2Fpages%2F10\" \/>\t\t\t\t<button type=\"submit\" class=\"woocommerce-button button woocommerce-form-login__submit\" name=\"login\" value=\"Logg inn\">Logg inn<\/button>\n\t\t\t<\/p>\n\t\t\t<p class=\"woocommerce-LostPassword lost_password\">\n\t\t\t\t<a href=\"https:\/\/hovb.no\/?page_id=10&#038;lost-password\">Mistet passordet ditt?<\/a>\n\t\t\t<\/p>\n\n\t\t\t\n\t\t<\/form>\n\n\n\t<\/div>\n\n\t<div class=\"u-column2 col-2\">\n\n\t\t<h2>Registrer<\/h2>\n\n\t\t<form method=\"post\" class=\"woocommerce-form woocommerce-form-register register\" enctype=\"multipart\/form-data\" >\n\n\t\t\t\n\t\t\t\n\t\t\t<p class=\"woocommerce-form-row woocommerce-form-row--wide form-row form-row-wide\">\n\t\t\t\t<label for=\"reg_email\">E-postadresse&nbsp;<span class=\"required\" aria-hidden=\"true\">*<\/span><span class=\"screen-reader-text\">P\u00e5krevd<\/span><\/label>\n\t\t\t\t<input type=\"email\" class=\"woocommerce-Input woocommerce-Input--text input-text\" name=\"email\" id=\"reg_email\" autocomplete=\"email\" value=\"\" required aria-required=\"true\" \/>\t\t\t<\/p>\n\n\t\t\t\n\t\t\t\t<p>En lenke for \u00e5 angi et nytt passord vil bli sendt til e-postadressen din.<\/p>\n\n\t\t\t\n\t\t\t<wc-order-attribution-inputs><\/wc-order-attribution-inputs><p class=\"form-row wcmo_field_wrapper wcmo_field_wrapper_first_name wcmo_field_wrapper_text wcmo-show-field validate-required\" id=\"first_name_field\" data-priority=\"\"><label for=\"first_name\" class=\"required_field\"><span class=\"wcmo-label-text\">First Name<\/span>&nbsp;<span class=\"required\" aria-hidden=\"true\">*<\/span><\/label><span class=\"woocommerce-input-wrapper\"><input type=\"text\" class=\"input-text wcmo_field wcmo_field_first_name\" name=\"first_name\" id=\"first_name\" placeholder=\"\"  value=\"\" data-index=\"0\" data-type=\"text\" autocomplete=\"off\" aria-required=\"true\" aria-describedby=\"first_name-description\" \/><span class=\"description\" id=\"first_name-description\" aria-hidden=\"true\">Fornavn<\/span><\/span><\/p><p class=\"form-row wcmo_field_wrapper wcmo_field_wrapper_last_name wcmo_field_wrapper_text wcmo-show-field validate-required\" id=\"last_name_field\" data-priority=\"\"><label for=\"last_name\" class=\"required_field\"><span class=\"wcmo-label-text\">Last Name<\/span>&nbsp;<span class=\"required\" aria-hidden=\"true\">*<\/span><\/label><span class=\"woocommerce-input-wrapper\"><input type=\"text\" class=\"input-text wcmo_field wcmo_field_last_name\" name=\"last_name\" id=\"last_name\" placeholder=\"\"  value=\"\" data-index=\"0\" data-type=\"text\" autocomplete=\"off\" aria-required=\"true\" aria-describedby=\"last_name-description\" \/><span class=\"description\" id=\"last_name-description\" aria-hidden=\"true\">Etternavn<\/span><\/span><\/p><p class=\"form-row wcmo_field_wrapper wcmo_field_wrapper_vat_number wcmo_field_wrapper_text wcmo-show-field\" id=\"vat_number_field\" data-priority=\"\"><label for=\"vat_number\" class=\"\"><span class=\"wcmo-label-text\">VAT Number<\/span>&nbsp;<span class=\"optional\">(valgfritt)<\/span><\/label><span class=\"woocommerce-input-wrapper\"><input type=\"text\" class=\"input-text wcmo_field wcmo_field_vat_number\" name=\"vat_number\" id=\"vat_number\" placeholder=\"\"  value=\"\" data-index=\"0\" data-type=\"text\" autocomplete=\"off\" aria-describedby=\"vat_number-description\" \/><span class=\"description\" id=\"vat_number-description\" aria-hidden=\"true\">Organisasjonsnummer<\/span><\/span><\/p><p class=\"form-row validate-required\" id=\"wcmo_registration_role_field\" data-priority=\"\"><label for=\"wcmo_registration_role\" class=\"required_field\">Role&nbsp;<span class=\"required\" aria-hidden=\"true\">*<\/span><\/label><span class=\"woocommerce-input-wrapper\"><select name=\"wcmo_registration_role\" id=\"wcmo_registration_role\" class=\"select \" aria-required=\"true\" data-placeholder=\"\">\n\t\t\t\t\t\t\t<option value=\"customer\" >Customer<\/option><option value=\"b2b\" >B2B<\/option>\n\t\t\t\t\t\t<\/select><\/span><\/p><div class=\"woocommerce-privacy-policy-text\"><p>Dine personopplysninger blir brukt til \u00e5 st\u00f8tte opplevelsen din gjennom denne nettsiden, for \u00e5 administrere tilgang til kontoen din og til andre form\u00e5l beskrevet i v\u00e5re <a href=\"https:\/\/hovb.no\/?page_id=389\" class=\"woocommerce-privacy-policy-link\" target=\"_blank\">personvernerkl\u00e6ring<\/a>.<\/p>\n<\/div>\n\t\t\t<p class=\"woocommerce-form-row form-row\">\n\t\t\t\t<input type=\"hidden\" id=\"woocommerce-register-nonce\" name=\"woocommerce-register-nonce\" value=\"0b08436eae\" \/><input type=\"hidden\" name=\"_wp_http_referer\" value=\"\/index.php?rest_route=%2Fwp%2Fv2%2Fpages%2F10\" \/>\t\t\t\t<button type=\"submit\" class=\"woocommerce-Button woocommerce-button button woocommerce-form-register__submit\" name=\"register\" value=\"Registrer\">Registrer<\/button>\n\t\t\t<\/p>\n\n\t\t\t\n\t\t<\/form>\n\n\t<\/div>\n\n<\/div>\n\n<\/div><br \/><!-- \/divi:shortcode --><\/p>\n<p>[\/et_pb_text][\/et_pb_column][\/et_pb_row][\/et_pb_section]<\/p>\n","protected":false},"excerpt":{"rendered":"<p>Min konto<div class=\"woocommerce\"><div class=\"woocommerce-notices-wrapper\"><\/div>\n\n<div class=\"u-columns col2-set\" id=\"customer_login\">\n\n\t<div class=\"u-column1 col-1\">\n\n\n\t\t<h2>Logg inn<\/h2>\n\n\t\t<form class=\"woocommerce-form woocommerce-form-login login\" method=\"post\" novalidate>\n\n\t\t\t\n\t\t\t<p class=\"woocommerce-form-row woocommerce-form-row--wide form-row form-row-wide\">\n\t\t\t\t<label for=\"username\">Brukernavn eller e-postadresse&nbsp;<span class=\"required\" aria-hidden=\"true\">*<\/span><span class=\"screen-reader-text\">P\u00e5krevd<\/span><\/label>\n\t\t\t\t<input type=\"text\" class=\"woocommerce-Input woocommerce-Input--text input-text\" name=\"username\" id=\"username\" autocomplete=\"username\" value=\"\" required aria-required=\"true\" \/>\t\t\t<\/p>\n\t\t\t<p class=\"woocommerce-form-row woocommerce-form-row--wide form-row form-row-wide\">\n\t\t\t\t<label for=\"password\">Passord&nbsp;<span class=\"required\" aria-hidden=\"true\">*<\/span><span class=\"screen-reader-text\">P\u00e5krevd<\/span><\/label>\n\t\t\t\t<input class=\"woocommerce-Input woocommerce-Input--text input-text\" type=\"password\" name=\"password\" id=\"password\" autocomplete=\"current-password\" required aria-required=\"true\" \/>\n\t\t\t<\/p>\n\n\t\t\t\n\t\t\t<p class=\"form-row\">\n\t\t\t\t<label class=\"woocommerce-form__label woocommerce-form__label-for-checkbox woocommerce-form-login__rememberme\">\n\t\t\t\t\t<input class=\"woocommerce-form__input woocommerce-form__input-checkbox\" name=\"rememberme\" type=\"checkbox\" id=\"rememberme\" value=\"forever\" \/> <span>Husk meg<\/span>\n\t\t\t\t<\/label>\n\t\t\t\t<input type=\"hidden\" id=\"woocommerce-login-nonce\" name=\"woocommerce-login-nonce\" value=\"f81b9bd530\" \/><input type=\"hidden\" name=\"_wp_http_referer\" value=\"\/index.php?rest_route=%2Fwp%2Fv2%2Fpages%2F10\" \/>\t\t\t\t<button type=\"submit\" class=\"woocommerce-button button woocommerce-form-login__submit\" name=\"login\" value=\"Logg inn\">Logg inn<\/button>\n\t\t\t<\/p>\n\t\t\t<p class=\"woocommerce-LostPassword lost_password\">\n\t\t\t\t<a href=\"https:\/\/hovb.no\/?page_id=10&#038;lost-password\">Mistet passordet ditt?<\/a>\n\t\t\t<\/p>\n\n\t\t\t\n\t\t<\/form>\n\n\n\t<\/div>\n\n\t<div class=\"u-column2 col-2\">\n\n\t\t<h2>Registrer<\/h2>\n\n\t\t<form method=\"post\" class=\"woocommerce-form woocommerce-form-register register\" enctype=\"multipart\/form-data\" >\n\n\t\t\t\n\t\t\t\n\t\t\t<p class=\"woocommerce-form-row woocommerce-form-row--wide form-row form-row-wide\">\n\t\t\t\t<label for=\"reg_email\">E-postadresse&nbsp;<span class=\"required\" aria-hidden=\"true\">*<\/span><span class=\"screen-reader-text\">P\u00e5krevd<\/span><\/label>\n\t\t\t\t<input type=\"email\" class=\"woocommerce-Input woocommerce-Input--text input-text\" name=\"email\" id=\"reg_email\" autocomplete=\"email\" value=\"\" required aria-required=\"true\" \/>\t\t\t<\/p>\n\n\t\t\t\n\t\t\t\t<p>En lenke for \u00e5 angi et nytt passord vil bli sendt til e-postadressen din.<\/p>\n\n\t\t\t\n\t\t\t<wc-order-attribution-inputs><\/wc-order-attribution-inputs><p class=\"form-row wcmo_field_wrapper wcmo_field_wrapper_first_name wcmo_field_wrapper_text wcmo-show-field validate-required\" id=\"first_name_field\" data-priority=\"\"><label for=\"first_name\" class=\"required_field\"><span class=\"wcmo-label-text\">First Name<\/span>&nbsp;<span class=\"required\" aria-hidden=\"true\">*<\/span><\/label><span class=\"woocommerce-input-wrapper\"><input type=\"text\" class=\"input-text wcmo_field wcmo_field_first_name\" name=\"first_name\" id=\"first_name\" placeholder=\"\"  value=\"\" data-index=\"0\" data-type=\"text\" autocomplete=\"off\" aria-required=\"true\" aria-describedby=\"first_name-description\" \/><span class=\"description\" id=\"first_name-description\" aria-hidden=\"true\">Fornavn<\/span><\/span><\/p><p class=\"form-row wcmo_field_wrapper wcmo_field_wrapper_last_name wcmo_field_wrapper_text wcmo-show-field validate-required\" id=\"last_name_field\" data-priority=\"\"><label for=\"last_name\" class=\"required_field\"><span class=\"wcmo-label-text\">Last Name<\/span>&nbsp;<span class=\"required\" aria-hidden=\"true\">*<\/span><\/label><span class=\"woocommerce-input-wrapper\"><input type=\"text\" class=\"input-text wcmo_field wcmo_field_last_name\" name=\"last_name\" id=\"last_name\" placeholder=\"\"  value=\"\" data-index=\"0\" data-type=\"text\" autocomplete=\"off\" aria-required=\"true\" aria-describedby=\"last_name-description\" \/><span class=\"description\" id=\"last_name-description\" aria-hidden=\"true\">Etternavn<\/span><\/span><\/p><p class=\"form-row wcmo_field_wrapper wcmo_field_wrapper_vat_number wcmo_field_wrapper_text wcmo-show-field\" id=\"vat_number_field\" data-priority=\"\"><label for=\"vat_number\" class=\"\"><span class=\"wcmo-label-text\">VAT Number<\/span>&nbsp;<span class=\"optional\">(valgfritt)<\/span><\/label><span class=\"woocommerce-input-wrapper\"><input type=\"text\" class=\"input-text wcmo_field wcmo_field_vat_number\" name=\"vat_number\" id=\"vat_number\" placeholder=\"\"  value=\"\" data-index=\"0\" data-type=\"text\" autocomplete=\"off\" aria-describedby=\"vat_number-description\" \/><span class=\"description\" id=\"vat_number-description\" aria-hidden=\"true\">Organisasjonsnummer<\/span><\/span><\/p><p class=\"form-row validate-required\" id=\"wcmo_registration_role_field\" data-priority=\"\"><label for=\"wcmo_registration_role\" class=\"required_field\">Role&nbsp;<span class=\"required\" aria-hidden=\"true\">*<\/span><\/label><span class=\"woocommerce-input-wrapper\"><select name=\"wcmo_registration_role\" id=\"wcmo_registration_role\" class=\"select \" aria-required=\"true\" data-placeholder=\"\">\n\t\t\t\t\t\t\t<option value=\"customer\" >Customer<\/option><option value=\"b2b\" >B2B<\/option>\n\t\t\t\t\t\t<\/select><\/span><\/p><div class=\"woocommerce-privacy-policy-text\"><p>Dine personopplysninger blir brukt til \u00e5 st\u00f8tte opplevelsen din gjennom denne nettsiden, for \u00e5 administrere tilgang til kontoen din og til andre form\u00e5l beskrevet i v\u00e5re <a href=\"https:\/\/hovb.no\/?page_id=389\" class=\"woocommerce-privacy-policy-link\" target=\"_blank\">personvernerkl\u00e6ring<\/a>.<\/p>\n<\/div>\n\t\t\t<p class=\"woocommerce-form-row form-row\">\n\t\t\t\t<input type=\"hidden\" id=\"woocommerce-register-nonce\" name=\"woocommerce-register-nonce\" value=\"0b08436eae\" \/><input type=\"hidden\" name=\"_wp_http_referer\" value=\"\/index.php?rest_route=%2Fwp%2Fv2%2Fpages%2F10\" \/>\t\t\t\t<button type=\"submit\" class=\"woocommerce-Button woocommerce-button button woocommerce-form-register__submit\" name=\"register\" value=\"Registrer\">Registrer<\/button>\n\t\t\t<\/p>\n\n\t\t\t\n\t\t<\/form>\n\n\t<\/div>\n\n<\/div>\n\n<\/div><\/p>\n","protected":false},"author":1,"featured_media":0,"parent":0,"menu_order":0,"comment_status":"closed","ping_status":"closed","template":"","meta":{"_et_pb_use_builder":"on","_et_pb_old_content":"<!-- wp:shortcode -->\n[woocommerce_my_account]\n<!-- \/wp:shortcode -->","_et_gb_content_width":"","footnotes":""},"class_list":["post-10","page","type-page","status-publish","hentry"],"yoast_head":"<!-- This site is optimized with the Yoast SEO plugin v27.4 - https:\/\/yoast.com\/product\/yoast-seo-wordpress\/ -->\n<title>My account - HOVB<\/title>\n<meta name=\"robots\" content=\"index, follow, max-snippet:-1, max-image-preview:large, max-video-preview:-1\" \/>\n<link rel=\"canonical\" href=\"https:\/\/hovb.no\/?page_id=10\" \/>\n<meta property=\"og:locale\" content=\"nb_NO\" \/>\n<meta property=\"og:type\" content=\"article\" \/>\n<meta property=\"og:title\" content=\"My account - HOVB\" \/>\n<meta property=\"og:description\" content=\"Min konto\" \/>\n<meta property=\"og:url\" content=\"https:\/\/hovb.no\/?page_id=10\" \/>\n<meta property=\"og:site_name\" content=\"HOVB\" \/>\n<meta property=\"article:modified_time\" content=\"2022-11-28T10:26:53+00:00\" \/>\n<meta name=\"twitter:card\" content=\"summary_large_image\" \/>\n<meta name=\"twitter:label1\" content=\"Ansl. lesetid\" \/>\n\t<meta name=\"twitter:data1\" content=\"1 minutt\" \/>\n<script type=\"application\/ld+json\" class=\"yoast-schema-graph\">{\"@context\":\"https:\\\/\\\/schema.org\",\"@graph\":[{\"@type\":\"WebPage\",\"@id\":\"https:\\\/\\\/hovb.no\\\/?page_id=10\",\"url\":\"https:\\\/\\\/hovb.no\\\/?page_id=10\",\"name\":\"My account - HOVB\",\"isPartOf\":{\"@id\":\"https:\\\/\\\/hovb.no\\\/#website\"},\"datePublished\":\"2022-04-28T08:16:45+00:00\",\"dateModified\":\"2022-11-28T10:26:53+00:00\",\"breadcrumb\":{\"@id\":\"https:\\\/\\\/hovb.no\\\/?page_id=10#breadcrumb\"},\"inLanguage\":\"nb-NO\",\"potentialAction\":[{\"@type\":\"ReadAction\",\"target\":[\"https:\\\/\\\/hovb.no\\\/?page_id=10\"]}]},{\"@type\":\"BreadcrumbList\",\"@id\":\"https:\\\/\\\/hovb.no\\\/?page_id=10#breadcrumb\",\"itemListElement\":[{\"@type\":\"ListItem\",\"position\":1,\"name\":\"Home\",\"item\":\"https:\\\/\\\/hovb.no\\\/\"},{\"@type\":\"ListItem\",\"position\":2,\"name\":\"My account\"}]},{\"@type\":\"WebSite\",\"@id\":\"https:\\\/\\\/hovb.no\\\/#website\",\"url\":\"https:\\\/\\\/hovb.no\\\/\",\"name\":\"HOVB\",\"description\":\"Helse og Velv\u00e6re Butikken\",\"potentialAction\":[{\"@type\":\"SearchAction\",\"target\":{\"@type\":\"EntryPoint\",\"urlTemplate\":\"https:\\\/\\\/hovb.no\\\/?s={search_term_string}\"},\"query-input\":{\"@type\":\"PropertyValueSpecification\",\"valueRequired\":true,\"valueName\":\"search_term_string\"}}],\"inLanguage\":\"nb-NO\"}]}<\/script>\n<!-- \/ Yoast SEO plugin. -->","yoast_head_json":{"title":"My account - HOVB","robots":{"index":"index","follow":"follow","max-snippet":"max-snippet:-1","max-image-preview":"max-image-preview:large","max-video-preview":"max-video-preview:-1"},"canonical":"https:\/\/hovb.no\/?page_id=10","og_locale":"nb_NO","og_type":"article","og_title":"My account - HOVB","og_description":"Min konto","og_url":"https:\/\/hovb.no\/?page_id=10","og_site_name":"HOVB","article_modified_time":"2022-11-28T10:26:53+00:00","twitter_card":"summary_large_image","twitter_misc":{"Ansl. lesetid":"1 minutt"},"schema":{"@context":"https:\/\/schema.org","@graph":[{"@type":"WebPage","@id":"https:\/\/hovb.no\/?page_id=10","url":"https:\/\/hovb.no\/?page_id=10","name":"My account - HOVB","isPartOf":{"@id":"https:\/\/hovb.no\/#website"},"datePublished":"2022-04-28T08:16:45+00:00","dateModified":"2022-11-28T10:26:53+00:00","breadcrumb":{"@id":"https:\/\/hovb.no\/?page_id=10#breadcrumb"},"inLanguage":"nb-NO","potentialAction":[{"@type":"ReadAction","target":["https:\/\/hovb.no\/?page_id=10"]}]},{"@type":"BreadcrumbList","@id":"https:\/\/hovb.no\/?page_id=10#breadcrumb","itemListElement":[{"@type":"ListItem","position":1,"name":"Home","item":"https:\/\/hovb.no\/"},{"@type":"ListItem","position":2,"name":"My account"}]},{"@type":"WebSite","@id":"https:\/\/hovb.no\/#website","url":"https:\/\/hovb.no\/","name":"HOVB","description":"Helse og Velv\u00e6re Butikken","potentialAction":[{"@type":"SearchAction","target":{"@type":"EntryPoint","urlTemplate":"https:\/\/hovb.no\/?s={search_term_string}"},"query-input":{"@type":"PropertyValueSpecification","valueRequired":true,"valueName":"search_term_string"}}],"inLanguage":"nb-NO"}]}},"jetpack_sharing_enabled":true,"_links":{"self":[{"href":"https:\/\/hovb.no\/index.php?rest_route=\/wp\/v2\/pages\/10","targetHints":{"allow":["GET"]}}],"collection":[{"href":"https:\/\/hovb.no\/index.php?rest_route=\/wp\/v2\/pages"}],"about":[{"href":"https:\/\/hovb.no\/index.php?rest_route=\/wp\/v2\/types\/page"}],"author":[{"embeddable":true,"href":"https:\/\/hovb.no\/index.php?rest_route=\/wp\/v2\/users\/1"}],"replies":[{"embeddable":true,"href":"https:\/\/hovb.no\/index.php?rest_route=%2Fwp%2Fv2%2Fcomments&post=10"}],"version-history":[{"count":3,"href":"https:\/\/hovb.no\/index.php?rest_route=\/wp\/v2\/pages\/10\/revisions"}],"predecessor-version":[{"id":501030,"href":"https:\/\/hovb.no\/index.php?rest_route=\/wp\/v2\/pages\/10\/revisions\/501030"}],"wp:attachment":[{"href":"https:\/\/hovb.no\/index.php?rest_route=%2Fwp%2Fv2%2Fmedia&parent=10"}],"curies":[{"name":"wp","href":"https:\/\/api.w.org\/{rel}","templated":true}]}}